{"id":160,"date":"2020-02-13T16:27:08","date_gmt":"2020-02-13T15:27:08","guid":{"rendered":"https:\/\/europlafond.uni-vert.be\/?page_id=160"},"modified":"2020-05-07T18:29:32","modified_gmt":"2020-05-07T16:29:32","slug":"cloisons-mobiles","status":"publish","type":"page","link":"https:\/\/www.europlafond.be\/fr\/produits-eurocloison\/cloisons-mobiles\/","title":{"rendered":"Cloisons mobiles"},"content":{"rendered":"<div class=\"wpb-content-wrapper\"><p>[vc_row heading_color=\u00a0\u00bbprimary-1&Prime; padding_top_multiplier=\u00a0\u00bb3x\u00a0\u00bb padding_bottom_multiplier=\u00a0\u00bb2x\u00a0\u00bb equal_column_height=\u00a0\u00bbmiddle-content\u00a0\u00bb tablet_sm_visibility=\u00a0\u00bbhide\u00a0\u00bb mobile_visibility=\u00a0\u00bbhide\u00a0\u00bb][vc_column width=\u00a0\u00bb1\/3&Prime;]<div class=\"grve-element grve-image grve-align-center\" style=\"\">  <div class=\"grve-image-wrapper\"><img loading=\"lazy\" decoding=\"async\" width=\"560\" height=\"420\" src=\"https:\/\/www.europlafond.be\/wp-content\/uploads\/2020\/03\/Europlafond-BenjaminBrolet-produits-eurocloison-cloisons-mobiles-560x420.jpg\" class=\"attachment-movedo-grve-small-rect-horizontal size-movedo-grve-small-rect-horizontal\" alt=\"salle de conf\u00e9rence avec cloison mobile\" srcset=\"https:\/\/www.europlafond.be\/wp-content\/uploads\/2020\/03\/Europlafond-BenjaminBrolet-produits-eurocloison-cloisons-mobiles-560x420.jpg 560w, https:\/\/www.europlafond.be\/wp-content\/uploads\/2020\/03\/Europlafond-BenjaminBrolet-produits-eurocloison-cloisons-mobiles-300x225.jpg 300w, https:\/\/www.europlafond.be\/wp-content\/uploads\/2020\/03\/Europlafond-BenjaminBrolet-produits-eurocloison-cloisons-mobiles-768x576.jpg 768w, https:\/\/www.europlafond.be\/wp-content\/uploads\/2020\/03\/Europlafond-BenjaminBrolet-produits-eurocloison-cloisons-mobiles.jpg 900w\" sizes=\"auto, (max-width: 560px) 100vw, 560px\" \/>   <\/div><\/div><div class=\"grve-empty-space grve-height-1x\" style=\"\"><\/div><blockquote class=\"grve-element grve-align-right grve-with-icon\" style=\"\">  <div class=\"grve-quote-icon\">  <i class=\"et-icon-quote grve-text-primary-1 grve-small\"><\/i>  <\/div><p>Partitionnez de grands volumes. Les \u00e9l\u00e9ments se d\u00e9placent gr\u00e2ce \u00e0 un rail int\u00e9gr\u00e9 dans le faux-plafond.<\/p><\/blockquote><div class=\"grve-empty-space grve-height-1x\" style=\"\"><\/div>[\/vc_column][vc_column width=\u00a0\u00bb1\/3&Prime;]<div class=\"grve-element grve-slider grve-layout-1 grve-gallery-popup\"  style=\" \">  <div class=\"grve-carousel-wrapper\"><div class=\"grve-slider-element owl-carousel grve-theme\" data-slider-speed=\"3500\" data-slider-pause=\"no\" data-slider-autoplay=\"yes\" data-slider-loop=\"yes\" data-slider-transition=\"slide\" data-slider-autoheight=\"no\" data-pagination=\"yes\"><div class=\"grve-slider-item grve-hover-item grve-hover-style-none\">  <figure class=\"grve-image-hover grve-zoom-none\"><div class=\"grve-media\"><img loading=\"lazy\" decoding=\"async\" width=\"560\" height=\"675\" src=\"https:\/\/www.europlafond.be\/wp-content\/uploads\/2020\/03\/Europlafond-services-cloisons-03-560x675.jpg\" class=\"attachment-movedo-grve-small-rect-vertical size-movedo-grve-small-rect-vertical\" alt=\"salle avec cloisons mobiles\" \/><\/div>  <\/figure><\/div><div class=\"grve-slider-item grve-hover-item grve-hover-style-none\">  <figure class=\"grve-image-hover grve-zoom-none\"><div class=\"grve-media\"><img loading=\"lazy\" decoding=\"async\" width=\"560\" height=\"675\" src=\"https:\/\/www.europlafond.be\/wp-content\/uploads\/2020\/03\/Europlafond-services-cloisons-01-560x675.jpg\" class=\"attachment-movedo-grve-small-rect-vertical size-movedo-grve-small-rect-vertical\" alt=\"salle de r\u00e9union avec cloison mobile\" \/><\/div>  <\/figure><\/div>\t<\/div>  <\/div><\/div>[\/vc_column][vc_column column_effect=\u00a0\u00bbvertical-parallax\u00a0\u00bb column_effect_limit=\u00a0\u00bb4x\u00a0\u00bb column_effect_invert=\u00a0\u00bbtrue\u00a0\u00bb column_custom_position=\u00a0\u00bbyes\u00a0\u00bb position_left=\u00a0\u00bbminus-3x\u00a0\u00bb width=\u00a0\u00bb1\/3&Prime;]<div class=\"grve-element grve-slogan grve-align-left\" style=\"\"><div class=\"grve-subtitle\">Produits EUROCLOISON \u00ae<\/div><h2 class=\"grve-slogan-title grve-align-left grve-h2\"><span>Cloisons mobiles<\/span><\/h2>  <p class=\"\">Vous souhaitez diviser momentan\u00e9ment un grand local en plusieurs espaces plus petits ou modifier de petits locaux pour les transformer en un grand espace ? Alors nos cloisons mobiles s&rsquo;av\u00e8rent \u00eatre le choix le plus judicieux.<\/p><div class=\"grve-btn-wrapper\"><a href=\"#cloisons-mobiles\" class=\"grve-btn grve-btn-small grve-extra-round grve-bg-primary-1 grve-bg-hover-black\"><span><i class=\"smp-icon-plus\"><\/i>En savoir plus<\/span><\/a><\/div><\/div>[\/vc_column][\/vc_row][vc_row desktop_visibility=\u00a0\u00bbhide\u00a0\u00bb tablet_visibility=\u00a0\u00bbhide\u00a0\u00bb][vc_column]<div class=\"grve-element grve-slogan grve-align-center\" style=\"\"><div class=\"grve-subtitle\">Produits EUROCLOISON \u00ae<\/div><h2 class=\"grve-slogan-title grve-align-center grve-h2\"><span>Cloisons mobiles<\/span><\/h2>  <p class=\"\">Vous souhaitez diviser momentan\u00e9ment un grand local en plusieurs espaces plus petits ou modifier de petits locaux pour les transformer en un grand espace ? Alors nos cloisons mobiles s&rsquo;av\u00e8rent \u00eatre le choix le plus judicieux.<\/p><div class=\"grve-btn-wrapper\"><a href=\"#cloisons-mobiles\" class=\"grve-btn grve-btn-small grve-extra-round grve-bg-primary-1 grve-bg-hover-black\"><span><i class=\"smp-icon-plus\"><\/i>En savoir plus<\/span><\/a><\/div><\/div><div class=\"grve-empty-space grve-height-2x\" style=\"\"><\/div><div class=\"grve-element grve-slider grve-layout-1 grve-image-auto-width grve-gallery-popup\"  style=\" \">  <div class=\"grve-carousel-wrapper\"><div class=\"grve-slider-element owl-carousel grve-theme\" data-slider-speed=\"3500\" data-slider-pause=\"no\" data-slider-autoplay=\"yes\" data-slider-loop=\"yes\" data-slider-transition=\"slide\" data-slider-autoheight=\"no\" data-pagination=\"yes\"><div class=\"grve-slider-item grve-hover-item grve-hover-style-none\">  <figure class=\"grve-image-hover grve-zoom-none\"><div class=\"grve-media\"><img loading=\"lazy\" decoding=\"async\" width=\"560\" height=\"560\" src=\"https:\/\/www.europlafond.be\/wp-content\/uploads\/2020\/03\/Europlafond-services-cloisons-03-560x560.jpg\" class=\"attachment-movedo-grve-small-square size-movedo-grve-small-square\" alt=\"salle avec cloisons mobiles\" srcset=\"https:\/\/www.europlafond.be\/wp-content\/uploads\/2020\/03\/Europlafond-services-cloisons-03-560x560.jpg 560w, https:\/\/www.europlafond.be\/wp-content\/uploads\/2020\/03\/Europlafond-services-cloisons-03-150x150.jpg 150w\" sizes=\"auto, (max-width: 560px) 100vw, 560px\" \/><\/div>  <\/figure><\/div><div class=\"grve-slider-item grve-hover-item grve-hover-style-none\">  <figure class=\"grve-image-hover grve-zoom-none\"><div class=\"grve-media\"><img loading=\"lazy\" decoding=\"async\" width=\"560\" height=\"560\" src=\"https:\/\/www.europlafond.be\/wp-content\/uploads\/2020\/03\/Europlafond-services-cloisons-01-560x560.jpg\" class=\"attachment-movedo-grve-small-square size-movedo-grve-small-square\" alt=\"salle de r\u00e9union avec cloison mobile\" srcset=\"https:\/\/www.europlafond.be\/wp-content\/uploads\/2020\/03\/Europlafond-services-cloisons-01-560x560.jpg 560w, https:\/\/www.europlafond.be\/wp-content\/uploads\/2020\/03\/Europlafond-services-cloisons-01-150x150.jpg 150w\" sizes=\"auto, (max-width: 560px) 100vw, 560px\" \/><\/div>  <\/figure><\/div>\t<\/div>  <\/div><\/div><div class=\"grve-empty-space grve-height-2x\" style=\"\"><\/div><blockquote class=\"grve-element grve-align-center grve-with-icon\" style=\"\">  <div class=\"grve-quote-icon\">  <i class=\"et-icon-quote grve-text-primary-1 grve-small\"><\/i>  <\/div><p>Partitionnez de grands volumes. Les \u00e9l\u00e9ments se d\u00e9placent gr\u00e2ce \u00e0 un rail int\u00e9gr\u00e9 dans le faux-plafond.<\/p><\/blockquote><div class=\"grve-empty-space grve-height-2x\" style=\"\"><\/div>[\/vc_column][\/vc_row][vc_row padding_top_multiplier=\u00a0\u00bb\u00a0\u00bb padding_bottom_multiplier=\u00a0\u00bb3x\u00a0\u00bb equal_column_height=\u00a0\u00bbmiddle-content\u00a0\u00bb tablet_portrait_equal_column_height=\u00a0\u00bbfalse\u00a0\u00bb mobile_equal_column_height=\u00a0\u00bbfalse\u00a0\u00bb section_id=\u00a0\u00bbcloisons-mobiles\u00a0\u00bb][vc_column width=\u00a0\u00bb1\/6&Prime; clipping_animation=\u00a0\u00bbclipping-down\u00a0\u00bb animation_delay=\u00a0\u00bb600&Prime;][\/vc_column][vc_column width=\u00a0\u00bb2\/3&Prime; animation_delay=\u00a0\u00bb0&Prime;][vc_column_text]Vous souhaitez diviser momentan\u00e9ment un grand local, une salle de r\u00e9unions, un r\u00e9fectoire, une salle de cours, en plusieurs espaces plus petits ou vice-versa modifier de petits locaux pour les transformer en un grand espace ? Alors la cloison EUROCLOISON-MOBI\u00ae s&rsquo;av\u00e8re \u00eatre le choix le plus judicieux. En un minimum de temps vous divisez un grand espace en deux petits locaux ou inversement vous jonglez avec les petits locaux pour en faire une grande salle de r\u00e9union.<\/p>\n<p>Les \u00e9l\u00e9ments des cloisons EUROCLOISON-MOBI\u00ae se d\u00e9placent gr\u00e2ce \u00e0 un rail int\u00e9gr\u00e9 dans le faux plafond. Ici comme pour les autres types de cloisons un large \u00e9ventail de coloris et de finitions est \u00e0 votre disposition.<\/p>\n<p>Les cloisons isophoniques \u00ab\u00a0PALACE\u00a0\u00bb sont sans \u00e9gales en mati\u00e8re de r\u00e9partition des espaces de par leur grande facilit\u00e9 de mise en \u0153uvre. Les panneaux mobiles se d\u00e9placent avec souplesse sur un dispositif de rail par l\u2019interm\u00e9diaire d\u2019un syst\u00e8me de guidage qui en outre offre de nombreuses possibilit\u00e9s de stockage des panneaux. Un rail inf\u00e9rieur dans le sol est superflu. Le rev\u00eatement de sol reste donc intact. En mati\u00e8re de r\u00e9sistance au feu les cloisons \u00ab\u00a0PALACE\u00a0\u00bb satisfont aux plus hautes exigences. Elles font partie des rares qui en Europe offrent une r\u00e9sistance au feu de plus de 60 minutes. Il va de soi qu\u2019elles peuvent \u00e9galement r\u00e9pondre \u00e0 des exigences moindres telles qu\u2019une r\u00e9sistance au feu de 30 minutes. Avec les cloisons isophoniques \u00ab\u00a0PALACE\u00a0\u00bb, cloisonner en un tour de main.[\/vc_column_text]<div class=\"grve-empty-space grve-height-1x\" style=\"\"><\/div><h3 class=\"grve-element grve-title grve-align-left grve-h4\" style=\"\"><span>Vous avez le choix entre diff\u00e9rents types de cloisons mobiles.<\/span><\/h3>[vc_column_text]<\/p>\n<ul class=\"fa-ul\">\n<li><i class=\"fa fa-check\" style=\"font-familiy: FontAwesome; color: #e40520;\"><\/i><strong>Les cloisons mobiles palace 80<\/strong> : construction l\u00e9g\u00e8re, grande facilit\u00e9 d\u2019emploi.<\/li>\n<li><i class=\"fa fa-check\" style=\"font-familiy: FontAwesome; color: #e40520;\"><\/i><strong>La gamme palace 90<\/strong> : du travail sur mesure robuste.<\/li>\n<li><i class=\"fa fa-check\" style=\"font-familiy: FontAwesome; color: #e40520;\"><\/i><strong>La vari\u00e9t\u00e9 palace 110 S<\/strong> : facilit\u00e9 de manipulation, design et souplesse.<\/li>\n<\/ul>\n<p>[\/vc_column_text]<div class=\"grve-empty-space grve-height-1x\" style=\"\"><\/div><div class=\"grve-element grve-align-left\"><a href=\"\/wp-content\/uploads\/2020\/03\/eurocloison-mobi-fr.pdf\" target=\"_blank\" rel=\"noopener noreferrer\" class=\"grve-btn grve-btn-medium grve-btn-underline grve-text-primary-2 grve-text-hover-primary-2\"><span><i class=\"far fa-file-pdf\"><\/i>T\u00e9l\u00e9charger la brochure<span class=\"grve-btn-bottom-line grve-bg-primary-1\"><\/span><\/span><\/a><\/div>[\/vc_column][vc_column width=\u00a0\u00bb1\/6&Prime;][\/vc_column][\/vc_row][vc_row heading_color=\u00a0\u00bblight\u00a0\u00bb bg_type=\u00a0\u00bbcolor\u00a0\u00bb padding_top_multiplier=\u00a0\u00bb2x\u00a0\u00bb padding_bottom_multiplier=\u00a0\u00bb2x\u00a0\u00bb separator_top_size=\u00a0\u00bb60px\u00a0\u00bb separator_top_color=\u00a0\u00bb#f7f7f7&Prime; bg_color=\u00a0\u00bb#e40520&Prime; font_color=\u00a0\u00bb#ffffff\u00a0\u00bb][vc_column]<div class=\"grve-element grve-callout grve-btn-right\" style=\"\">  <div class=\"grve-callout-wrapper\"><h2 class=\"grve-callout-content grve-h2\">Contactez-nous<\/h2>    <p class=\"grve-leader-text\">Souhaitez-vous de plus amples informations relatives aux cloisons mobiles EUROCLOISON-MOBI\u00ae ?<\/p>  <\/div>  <div class=\"grve-button-wrapper\"><a href=\"\/fr\/contact\" class=\"grve-btn grve-btn-medium grve-extra-round grve-bg-white grve-bg-hover-black\"><span>\u00c9crivez-nous<\/span><\/a>  <\/div><\/div>[\/vc_column][\/vc_row]<\/p>\n<\/div>","protected":false},"excerpt":{"rendered":"<p>[vc_row heading_color=\u00a0\u00bbprimary-1&Prime; padding_top_multiplier=\u00a0\u00bb3x\u00a0\u00bb padding_bottom_multiplier=\u00a0\u00bb2x\u00a0\u00bb equal_column_height=\u00a0\u00bbmiddle-content\u00a0\u00bb tablet_sm_visibility=\u00a0\u00bbhide\u00a0\u00bb mobile_visibility=\u00a0\u00bbhide\u00a0\u00bb][vc_column width=\u00a0\u00bb1\/3&Prime;][\/vc_column][vc_column width=\u00a0\u00bb1\/3&Prime;][\/vc_column][vc_column column_effect=\u00a0\u00bbvertical-parallax\u00a0\u00bb column_effect_limit=\u00a0\u00bb4x\u00a0\u00bb column_effect_invert=\u00a0\u00bbtrue\u00a0\u00bb column_custom_position=\u00a0\u00bbyes\u00a0\u00bb position_left=\u00a0\u00bbminus-3x\u00a0\u00bb width=\u00a0\u00bb1\/3&Prime;][\/vc_column][\/vc_row][vc_row desktop_visibility=\u00a0\u00bbhide\u00a0\u00bb tablet_visibility=\u00a0\u00bbhide\u00a0\u00bb][vc_column][\/vc_column][\/vc_row][vc_row padding_top_multiplier=\u00a0\u00bb\u00a0\u00bb padding_bottom_multiplier=\u00a0\u00bb3x\u00a0\u00bb equal_column_height=\u00a0\u00bbmiddle-content\u00a0\u00bb tablet_portrait_equal_column_height=\u00a0\u00bbfalse\u00a0\u00bb mobile_equal_column_height=\u00a0\u00bbfalse\u00a0\u00bb section_id=\u00a0\u00bbcloisons-mobiles\u00a0\u00bb][vc_column width=\u00a0\u00bb1\/6&Prime; clipping_animation=\u00a0\u00bbclipping-down\u00a0\u00bb animation_delay=\u00a0\u00bb600&Prime;][\/vc_column][vc_column width=\u00a0\u00bb2\/3&Prime; animation_delay=\u00a0\u00bb0&Prime;][vc_column_text]Vous souhaitez diviser momentan\u00e9ment un grand local, une salle de r\u00e9unions, un r\u00e9fectoire, une salle de cours, en plusieurs espaces plus petits ou vice-versa modifier de petits locaux [&hellip;]<\/p>\n","protected":false},"author":1,"featured_media":0,"parent":65,"menu_order":0,"comment_status":"closed","ping_status":"closed","template":"","meta":{"footnotes":""},"class_list":["post-160","page","type-page","status-publish","hentry"],"yoast_head":"<!-- This site is optimized with the Yoast SEO plugin v27.2 - https:\/\/yoast.com\/product\/yoast-seo-wordpress\/ -->\n<title>Cloisons mobiles &#8211; Europlafond sa - Eurocloison\u00ae<\/title>\n<meta name=\"description\" content=\"Vous souhaitez diviser momentan\u00e9ment un grand local en plusieurs espaces plus petits ? Alors nos cloisons mobiles s&#039;av\u00e8rent \u00eatre le choix le plus judicieux.\" \/>\n<meta name=\"robots\" content=\"index, follow, max-snippet:-1, max-image-preview:large, max-video-preview:-1\" \/>\n<link rel=\"canonical\" href=\"https:\/\/www.europlafond.be\/fr\/produits-eurocloison\/cloisons-mobiles\/\" \/>\n<meta property=\"og:locale\" content=\"fr_FR\" \/>\n<meta property=\"og:type\" content=\"article\" \/>\n<meta property=\"og:title\" content=\"Cloisons mobiles &#8211; Europlafond sa - Eurocloison\u00ae\" \/>\n<meta property=\"og:description\" content=\"Vous souhaitez diviser momentan\u00e9ment un grand local en plusieurs espaces plus petits ? Alors nos cloisons mobiles s&#039;av\u00e8rent \u00eatre le choix le plus judicieux.\" \/>\n<meta property=\"og:url\" content=\"https:\/\/www.europlafond.be\/fr\/produits-eurocloison\/cloisons-mobiles\/\" \/>\n<meta property=\"og:site_name\" content=\"Europlafond sa - Eurocloison\u00ae\" \/>\n<meta property=\"article:modified_time\" content=\"2020-05-07T16:29:32+00:00\" \/>\n<meta name=\"twitter:card\" content=\"summary_large_image\" \/>\n<meta name=\"twitter:label1\" content=\"Dur\u00e9e de lecture estim\u00e9e\" \/>\n\t<meta name=\"twitter:data1\" content=\"4 minutes\" \/>\n<script type=\"application\/ld+json\" class=\"yoast-schema-graph\">{\"@context\":\"https:\/\/schema.org\",\"@graph\":[{\"@type\":\"WebPage\",\"@id\":\"https:\/\/www.europlafond.be\/fr\/produits-eurocloison\/cloisons-mobiles\/\",\"url\":\"https:\/\/www.europlafond.be\/fr\/produits-eurocloison\/cloisons-mobiles\/\",\"name\":\"Cloisons mobiles &#8211; Europlafond sa - Eurocloison\u00ae\",\"isPartOf\":{\"@id\":\"https:\/\/www.europlafond.be\/fr\/#website\"},\"datePublished\":\"2020-02-13T15:27:08+00:00\",\"dateModified\":\"2020-05-07T16:29:32+00:00\",\"description\":\"Vous souhaitez diviser momentan\u00e9ment un grand local en plusieurs espaces plus petits ? Alors nos cloisons mobiles s'av\u00e8rent \u00eatre le choix le plus judicieux.\",\"breadcrumb\":{\"@id\":\"https:\/\/www.europlafond.be\/fr\/produits-eurocloison\/cloisons-mobiles\/#breadcrumb\"},\"inLanguage\":\"fr-FR\",\"potentialAction\":[{\"@type\":\"ReadAction\",\"target\":[\"https:\/\/www.europlafond.be\/fr\/produits-eurocloison\/cloisons-mobiles\/\"]}]},{\"@type\":\"BreadcrumbList\",\"@id\":\"https:\/\/www.europlafond.be\/fr\/produits-eurocloison\/cloisons-mobiles\/#breadcrumb\",\"itemListElement\":[{\"@type\":\"ListItem\",\"position\":1,\"name\":\"Accueil\",\"item\":\"https:\/\/www.europlafond.be\/fr\/\"},{\"@type\":\"ListItem\",\"position\":2,\"name\":\"Nos produits Eurocloison \u00ae\",\"item\":\"https:\/\/www.europlafond.be\/fr\/produits-eurocloison\/\"},{\"@type\":\"ListItem\",\"position\":3,\"name\":\"Cloisons mobiles\"}]},{\"@type\":\"WebSite\",\"@id\":\"https:\/\/www.europlafond.be\/fr\/#website\",\"url\":\"https:\/\/www.europlafond.be\/fr\/\",\"name\":\"Europlafond sa - Eurocloison\u00ae\",\"description\":\"Expert dans le parach\u00e8vement d&#039;int\u00e9rieur\",\"publisher\":{\"@id\":\"https:\/\/www.europlafond.be\/fr\/#organization\"},\"potentialAction\":[{\"@type\":\"SearchAction\",\"target\":{\"@type\":\"EntryPoint\",\"urlTemplate\":\"https:\/\/www.europlafond.be\/fr\/?s={search_term_string}\"},\"query-input\":{\"@type\":\"PropertyValueSpecification\",\"valueRequired\":true,\"valueName\":\"search_term_string\"}}],\"inLanguage\":\"fr-FR\"},{\"@type\":\"Organization\",\"@id\":\"https:\/\/www.europlafond.be\/fr\/#organization\",\"name\":\"Europlafond sa\/nv Eurocloison\u00ae\",\"url\":\"https:\/\/www.europlafond.be\/fr\/\",\"logo\":{\"@type\":\"ImageObject\",\"inLanguage\":\"fr-FR\",\"@id\":\"https:\/\/www.europlafond.be\/fr\/#\/schema\/logo\/image\/\",\"url\":\"https:\/\/www.europlafond.be\/wp-content\/uploads\/2020\/05\/Europlafond-eurocloison-logo.jpg\",\"contentUrl\":\"https:\/\/www.europlafond.be\/wp-content\/uploads\/2020\/05\/Europlafond-eurocloison-logo.jpg\",\"width\":512,\"height\":512,\"caption\":\"Europlafond sa\/nv Eurocloison\u00ae\"},\"image\":{\"@id\":\"https:\/\/www.europlafond.be\/fr\/#\/schema\/logo\/image\/\"},\"sameAs\":[\"https:\/\/www.youtube.com\/channel\/UCWY_UeBLSXRoLwXINEY1EWQ\"]}]}<\/script>\n<!-- \/ Yoast SEO plugin. -->","yoast_head_json":{"title":"Cloisons mobiles &#8211; Europlafond sa - Eurocloison\u00ae","description":"Vous souhaitez diviser momentan\u00e9ment un grand local en plusieurs espaces plus petits ? Alors nos cloisons mobiles s'av\u00e8rent \u00eatre le choix le plus judicieux.","robots":{"index":"index","follow":"follow","max-snippet":"max-snippet:-1","max-image-preview":"max-image-preview:large","max-video-preview":"max-video-preview:-1"},"canonical":"https:\/\/www.europlafond.be\/fr\/produits-eurocloison\/cloisons-mobiles\/","og_locale":"fr_FR","og_type":"article","og_title":"Cloisons mobiles &#8211; Europlafond sa - Eurocloison\u00ae","og_description":"Vous souhaitez diviser momentan\u00e9ment un grand local en plusieurs espaces plus petits ? Alors nos cloisons mobiles s'av\u00e8rent \u00eatre le choix le plus judicieux.","og_url":"https:\/\/www.europlafond.be\/fr\/produits-eurocloison\/cloisons-mobiles\/","og_site_name":"Europlafond sa - Eurocloison\u00ae","article_modified_time":"2020-05-07T16:29:32+00:00","twitter_card":"summary_large_image","twitter_misc":{"Dur\u00e9e de lecture estim\u00e9e":"4 minutes"},"schema":{"@context":"https:\/\/schema.org","@graph":[{"@type":"WebPage","@id":"https:\/\/www.europlafond.be\/fr\/produits-eurocloison\/cloisons-mobiles\/","url":"https:\/\/www.europlafond.be\/fr\/produits-eurocloison\/cloisons-mobiles\/","name":"Cloisons mobiles &#8211; Europlafond sa - Eurocloison\u00ae","isPartOf":{"@id":"https:\/\/www.europlafond.be\/fr\/#website"},"datePublished":"2020-02-13T15:27:08+00:00","dateModified":"2020-05-07T16:29:32+00:00","description":"Vous souhaitez diviser momentan\u00e9ment un grand local en plusieurs espaces plus petits ? Alors nos cloisons mobiles s'av\u00e8rent \u00eatre le choix le plus judicieux.","breadcrumb":{"@id":"https:\/\/www.europlafond.be\/fr\/produits-eurocloison\/cloisons-mobiles\/#breadcrumb"},"inLanguage":"fr-FR","potentialAction":[{"@type":"ReadAction","target":["https:\/\/www.europlafond.be\/fr\/produits-eurocloison\/cloisons-mobiles\/"]}]},{"@type":"BreadcrumbList","@id":"https:\/\/www.europlafond.be\/fr\/produits-eurocloison\/cloisons-mobiles\/#breadcrumb","itemListElement":[{"@type":"ListItem","position":1,"name":"Accueil","item":"https:\/\/www.europlafond.be\/fr\/"},{"@type":"ListItem","position":2,"name":"Nos produits Eurocloison \u00ae","item":"https:\/\/www.europlafond.be\/fr\/produits-eurocloison\/"},{"@type":"ListItem","position":3,"name":"Cloisons mobiles"}]},{"@type":"WebSite","@id":"https:\/\/www.europlafond.be\/fr\/#website","url":"https:\/\/www.europlafond.be\/fr\/","name":"Europlafond sa - Eurocloison\u00ae","description":"Expert dans le parach\u00e8vement d&#039;int\u00e9rieur","publisher":{"@id":"https:\/\/www.europlafond.be\/fr\/#organization"},"potentialAction":[{"@type":"SearchAction","target":{"@type":"EntryPoint","urlTemplate":"https:\/\/www.europlafond.be\/fr\/?s={search_term_string}"},"query-input":{"@type":"PropertyValueSpecification","valueRequired":true,"valueName":"search_term_string"}}],"inLanguage":"fr-FR"},{"@type":"Organization","@id":"https:\/\/www.europlafond.be\/fr\/#organization","name":"Europlafond sa\/nv Eurocloison\u00ae","url":"https:\/\/www.europlafond.be\/fr\/","logo":{"@type":"ImageObject","inLanguage":"fr-FR","@id":"https:\/\/www.europlafond.be\/fr\/#\/schema\/logo\/image\/","url":"https:\/\/www.europlafond.be\/wp-content\/uploads\/2020\/05\/Europlafond-eurocloison-logo.jpg","contentUrl":"https:\/\/www.europlafond.be\/wp-content\/uploads\/2020\/05\/Europlafond-eurocloison-logo.jpg","width":512,"height":512,"caption":"Europlafond sa\/nv Eurocloison\u00ae"},"image":{"@id":"https:\/\/www.europlafond.be\/fr\/#\/schema\/logo\/image\/"},"sameAs":["https:\/\/www.youtube.com\/channel\/UCWY_UeBLSXRoLwXINEY1EWQ"]}]}},"_links":{"self":[{"href":"https:\/\/www.europlafond.be\/fr\/wp-json\/wp\/v2\/pages\/160","targetHints":{"allow":["GET"]}}],"collection":[{"href":"https:\/\/www.europlafond.be\/fr\/wp-json\/wp\/v2\/pages"}],"about":[{"href":"https:\/\/www.europlafond.be\/fr\/wp-json\/wp\/v2\/types\/page"}],"author":[{"embeddable":true,"href":"https:\/\/www.europlafond.be\/fr\/wp-json\/wp\/v2\/users\/1"}],"replies":[{"embeddable":true,"href":"https:\/\/www.europlafond.be\/fr\/wp-json\/wp\/v2\/comments?post=160"}],"version-history":[{"count":6,"href":"https:\/\/www.europlafond.be\/fr\/wp-json\/wp\/v2\/pages\/160\/revisions"}],"predecessor-version":[{"id":1226,"href":"https:\/\/www.europlafond.be\/fr\/wp-json\/wp\/v2\/pages\/160\/revisions\/1226"}],"up":[{"embeddable":true,"href":"https:\/\/www.europlafond.be\/fr\/wp-json\/wp\/v2\/pages\/65"}],"wp:attachment":[{"href":"https:\/\/www.europlafond.be\/fr\/wp-json\/wp\/v2\/media?parent=160"}],"curies":[{"name":"wp","href":"https:\/\/api.w.org\/{rel}","templated":true}]}}