{"id":164,"date":"2020-02-13T16:28:07","date_gmt":"2020-02-13T15:28:07","guid":{"rendered":"https:\/\/europlafond.uni-vert.be\/?page_id=164"},"modified":"2023-12-20T15:01:57","modified_gmt":"2023-12-20T14:01:57","slug":"cloisons-en-verre","status":"publish","type":"page","link":"https:\/\/www.europlafond.be\/fr\/produits-eurocloison\/cloisons-en-verre\/","title":{"rendered":"Cloisons en verre"},"content":{"rendered":"<div class=\"wpb-content-wrapper\"><p>[vc_row heading_color=\u00a0\u00bbprimary-1&Prime; padding_top_multiplier=\u00a0\u00bb3x\u00a0\u00bb padding_bottom_multiplier=\u00a0\u00bb2x\u00a0\u00bb equal_column_height=\u00a0\u00bbmiddle-content\u00a0\u00bb tablet_sm_visibility=\u00a0\u00bbhide\u00a0\u00bb mobile_visibility=\u00a0\u00bbhide\u00a0\u00bb][vc_column width=\u00a0\u00bb1\/3&Prime;]<div class=\"grve-element grve-image grve-align-center\" style=\"\">  <div class=\"grve-image-wrapper\"><img loading=\"lazy\" decoding=\"async\" width=\"560\" height=\"420\" src=\"https:\/\/www.europlafond.be\/wp-content\/uploads\/2020\/03\/Europlafond-BenjaminBrolet-produits-eurocloison-cloison-en-verre-560x420.jpg\" class=\"attachment-movedo-grve-small-rect-horizontal size-movedo-grve-small-rect-horizontal\" alt=\"cloisons en verre Eurocloison Transparence\" srcset=\"https:\/\/www.europlafond.be\/wp-content\/uploads\/2020\/03\/Europlafond-BenjaminBrolet-produits-eurocloison-cloison-en-verre-560x420.jpg 560w, https:\/\/www.europlafond.be\/wp-content\/uploads\/2020\/03\/Europlafond-BenjaminBrolet-produits-eurocloison-cloison-en-verre-300x225.jpg 300w, https:\/\/www.europlafond.be\/wp-content\/uploads\/2020\/03\/Europlafond-BenjaminBrolet-produits-eurocloison-cloison-en-verre-768x576.jpg 768w, https:\/\/www.europlafond.be\/wp-content\/uploads\/2020\/03\/Europlafond-BenjaminBrolet-produits-eurocloison-cloison-en-verre.jpg 900w\" sizes=\"auto, (max-width: 560px) 100vw, 560px\" \/>   <\/div><\/div><div class=\"grve-empty-space grve-height-1x\" style=\"\"><\/div><blockquote class=\"grve-element grve-align-right grve-with-icon\" style=\"\">  <div class=\"grve-quote-icon\">  <i class=\"et-icon-quote grve-text-primary-1 grve-small\"><\/i>  <\/div><p>Un syst\u00e8me flexible de cloisons amovibles compl\u00e8tement vitr\u00e9es sans profil\u00e9s d\u00e9rangeants. <\/p><\/blockquote><div class=\"grve-empty-space grve-height-1x\" style=\"\"><\/div>[\/vc_column][vc_column width=\u00a0\u00bb1\/3&Prime;]<div class=\"grve-element grve-slider grve-layout-1 grve-gallery-popup\"  style=\" \">  <div class=\"grve-carousel-wrapper\"><div class=\"grve-slider-element owl-carousel grve-theme\" data-slider-speed=\"3500\" data-slider-pause=\"no\" data-slider-autoplay=\"yes\" data-slider-loop=\"yes\" data-slider-transition=\"slide\" data-slider-autoheight=\"no\" data-pagination=\"yes\"><div class=\"grve-slider-item grve-hover-item grve-hover-style-none\">  <figure class=\"grve-image-hover grve-zoom-none\"><div class=\"grve-media\"><img loading=\"lazy\" decoding=\"async\" width=\"560\" height=\"745\" src=\"https:\/\/www.europlafond.be\/wp-content\/uploads\/2020\/03\/Europlafond-BenjaminBrolet-produts-eurocloison-cloisons-en-verre.jpg\" class=\"attachment-movedo-grve-small-rect-vertical size-movedo-grve-small-rect-vertical\" alt=\"cloisons en verre\" srcset=\"https:\/\/www.europlafond.be\/wp-content\/uploads\/2020\/03\/Europlafond-BenjaminBrolet-produts-eurocloison-cloisons-en-verre.jpg 560w, https:\/\/www.europlafond.be\/wp-content\/uploads\/2020\/03\/Europlafond-BenjaminBrolet-produts-eurocloison-cloisons-en-verre-226x300.jpg 226w\" sizes=\"auto, (max-width: 560px) 100vw, 560px\" \/><\/div>  <\/figure><\/div><div class=\"grve-slider-item grve-hover-item grve-hover-style-none\">  <figure class=\"grve-image-hover grve-zoom-none\"><div class=\"grve-media\"><img loading=\"lazy\" decoding=\"async\" width=\"560\" height=\"745\" src=\"https:\/\/www.europlafond.be\/wp-content\/uploads\/2020\/03\/Europlafond-BenjaminBrolet-produts-eurocloison-cloisons-en-verre-02.jpg\" class=\"attachment-movedo-grve-small-rect-vertical size-movedo-grve-small-rect-vertical\" alt=\"cloisons en verre\" srcset=\"https:\/\/www.europlafond.be\/wp-content\/uploads\/2020\/03\/Europlafond-BenjaminBrolet-produts-eurocloison-cloisons-en-verre-02.jpg 560w, https:\/\/www.europlafond.be\/wp-content\/uploads\/2020\/03\/Europlafond-BenjaminBrolet-produts-eurocloison-cloisons-en-verre-02-226x300.jpg 226w\" sizes=\"auto, (max-width: 560px) 100vw, 560px\" \/><\/div>  <\/figure><\/div><div class=\"grve-slider-item grve-hover-item grve-hover-style-none\">  <figure class=\"grve-image-hover grve-zoom-none\"><div class=\"grve-media\"><img loading=\"lazy\" decoding=\"async\" width=\"560\" height=\"745\" src=\"https:\/\/www.europlafond.be\/wp-content\/uploads\/2020\/03\/Europlafond-BenjaminBrolet-produts-eurocloison-cloisons-en-verre-01.jpg\" class=\"attachment-movedo-grve-small-rect-vertical size-movedo-grve-small-rect-vertical\" alt=\"cloisons en verre\" srcset=\"https:\/\/www.europlafond.be\/wp-content\/uploads\/2020\/03\/Europlafond-BenjaminBrolet-produts-eurocloison-cloisons-en-verre-01.jpg 560w, https:\/\/www.europlafond.be\/wp-content\/uploads\/2020\/03\/Europlafond-BenjaminBrolet-produts-eurocloison-cloisons-en-verre-01-226x300.jpg 226w\" sizes=\"auto, (max-width: 560px) 100vw, 560px\" \/><\/div>  <\/figure><\/div><div class=\"grve-slider-item grve-hover-item grve-hover-style-none\">  <figure class=\"grve-image-hover grve-zoom-none\"><div class=\"grve-media\"><img loading=\"lazy\" decoding=\"async\" width=\"560\" height=\"745\" src=\"https:\/\/www.europlafond.be\/wp-content\/uploads\/2023\/12\/Europlafond-cloisons-verre1.jpg\" class=\"attachment-movedo-grve-small-rect-vertical size-movedo-grve-small-rect-vertical\" alt=\"cloisons en verre\" srcset=\"https:\/\/www.europlafond.be\/wp-content\/uploads\/2023\/12\/Europlafond-cloisons-verre1.jpg 560w, https:\/\/www.europlafond.be\/wp-content\/uploads\/2023\/12\/Europlafond-cloisons-verre1-226x300.jpg 226w\" sizes=\"auto, (max-width: 560px) 100vw, 560px\" \/><\/div>  <\/figure><\/div><div class=\"grve-slider-item grve-hover-item grve-hover-style-none\">  <figure class=\"grve-image-hover grve-zoom-none\"><div class=\"grve-media\"><img loading=\"lazy\" decoding=\"async\" width=\"560\" height=\"745\" src=\"https:\/\/www.europlafond.be\/wp-content\/uploads\/2023\/12\/Europlafond-cloisons-verre2.jpg\" class=\"attachment-movedo-grve-small-rect-vertical size-movedo-grve-small-rect-vertical\" alt=\"cloisons en verre avec porte\" srcset=\"https:\/\/www.europlafond.be\/wp-content\/uploads\/2023\/12\/Europlafond-cloisons-verre2.jpg 560w, https:\/\/www.europlafond.be\/wp-content\/uploads\/2023\/12\/Europlafond-cloisons-verre2-226x300.jpg 226w\" sizes=\"auto, (max-width: 560px) 100vw, 560px\" \/><\/div>  <\/figure><\/div>\t<\/div>  <\/div><\/div>[\/vc_column][vc_column column_effect=\u00a0\u00bbvertical-parallax\u00a0\u00bb column_effect_limit=\u00a0\u00bb4x\u00a0\u00bb column_effect_invert=\u00a0\u00bbtrue\u00a0\u00bb column_custom_position=\u00a0\u00bbyes\u00a0\u00bb position_left=\u00a0\u00bbminus-3x\u00a0\u00bb width=\u00a0\u00bb1\/3&Prime;]<div class=\"grve-element grve-slogan grve-align-left\" style=\"\"><div class=\"grve-subtitle\">Produits EUROCLOISON \u00ae<\/div><h2 class=\"grve-slogan-title grve-align-left grve-h2\"><span>Cloisons en verre<\/span><\/h2>  <p class=\"\">Ce syst\u00e8me de cloisons en verre r\u00e9pond \u00e0 la demande des designers de plateaux de bureaux qui d\u00e9sirent une vue transparente avec une bonne isolation phonique.<\/p><div class=\"grve-btn-wrapper\"><a href=\"#cloisons-en-verre\" class=\"grve-btn grve-btn-small grve-extra-round grve-bg-primary-1 grve-bg-hover-black\"><span><i class=\"smp-icon-plus\"><\/i>En savoir plus<\/span><\/a><\/div><\/div>[\/vc_column][\/vc_row][vc_row desktop_visibility=\u00a0\u00bbhide\u00a0\u00bb tablet_visibility=\u00a0\u00bbhide\u00a0\u00bb][vc_column width=\u00a0\u00bb1\/6&Prime;][\/vc_column][vc_column width=\u00a0\u00bb2\/3&Prime;]<div class=\"grve-element grve-slogan grve-align-center\" style=\"\"><div class=\"grve-subtitle\">Produits EUROCLOISON \u00ae<\/div><h2 class=\"grve-slogan-title grve-align-center grve-h2\"><span>Cloisons en verre<\/span><\/h2>  <p class=\"\">Ce syst\u00e8me de cloisons en verre r\u00e9pond \u00e0 la demande des designers de plateaux de bureaux qui d\u00e9sirent une vue transparente avec une bonne isolation phonique.<\/p><div class=\"grve-btn-wrapper\"><a href=\"#cloisons-en-verre\" class=\"grve-btn grve-btn-small grve-extra-round grve-bg-primary-1 grve-bg-hover-black\"><span><i class=\"smp-icon-plus\"><\/i>En savoir plus<\/span><\/a><\/div><\/div><div class=\"grve-empty-space grve-height-2x\" style=\"\"><\/div><div class=\"grve-element grve-slider grve-layout-1 grve-image-auto-width grve-gallery-popup\"  style=\" \">  <div class=\"grve-carousel-wrapper\"><div class=\"grve-slider-element owl-carousel grve-theme\" data-slider-speed=\"3500\" data-slider-pause=\"no\" data-slider-autoplay=\"yes\" data-slider-loop=\"yes\" data-slider-transition=\"slide\" data-slider-autoheight=\"no\" data-pagination=\"yes\"><div class=\"grve-slider-item grve-hover-item grve-hover-style-none\">  <figure class=\"grve-image-hover grve-zoom-none\"><div class=\"grve-media\"><img loading=\"lazy\" decoding=\"async\" width=\"560\" height=\"560\" src=\"https:\/\/www.europlafond.be\/wp-content\/uploads\/2020\/03\/Europlafond-BenjaminBrolet-produts-eurocloison-cloisons-en-verre-560x560.jpg\" class=\"attachment-movedo-grve-small-square size-movedo-grve-small-square\" alt=\"cloisons en verre\" srcset=\"https:\/\/www.europlafond.be\/wp-content\/uploads\/2020\/03\/Europlafond-BenjaminBrolet-produts-eurocloison-cloisons-en-verre-560x560.jpg 560w, https:\/\/www.europlafond.be\/wp-content\/uploads\/2020\/03\/Europlafond-BenjaminBrolet-produts-eurocloison-cloisons-en-verre-150x150.jpg 150w\" sizes=\"auto, (max-width: 560px) 100vw, 560px\" \/><\/div>  <\/figure><\/div><div class=\"grve-slider-item grve-hover-item grve-hover-style-none\">  <figure class=\"grve-image-hover grve-zoom-none\"><div class=\"grve-media\"><img loading=\"lazy\" decoding=\"async\" width=\"560\" height=\"560\" src=\"https:\/\/www.europlafond.be\/wp-content\/uploads\/2020\/03\/Europlafond-BenjaminBrolet-produts-eurocloison-cloisons-en-verre-02-560x560.jpg\" class=\"attachment-movedo-grve-small-square size-movedo-grve-small-square\" alt=\"cloisons en verre\" srcset=\"https:\/\/www.europlafond.be\/wp-content\/uploads\/2020\/03\/Europlafond-BenjaminBrolet-produts-eurocloison-cloisons-en-verre-02-560x560.jpg 560w, https:\/\/www.europlafond.be\/wp-content\/uploads\/2020\/03\/Europlafond-BenjaminBrolet-produts-eurocloison-cloisons-en-verre-02-150x150.jpg 150w\" sizes=\"auto, (max-width: 560px) 100vw, 560px\" \/><\/div>  <\/figure><\/div><div class=\"grve-slider-item grve-hover-item grve-hover-style-none\">  <figure class=\"grve-image-hover grve-zoom-none\"><div class=\"grve-media\"><img loading=\"lazy\" decoding=\"async\" width=\"560\" height=\"560\" src=\"https:\/\/www.europlafond.be\/wp-content\/uploads\/2020\/03\/Europlafond-BenjaminBrolet-produts-eurocloison-cloisons-en-verre-01-560x560.jpg\" class=\"attachment-movedo-grve-small-square size-movedo-grve-small-square\" alt=\"cloisons en verre\" srcset=\"https:\/\/www.europlafond.be\/wp-content\/uploads\/2020\/03\/Europlafond-BenjaminBrolet-produts-eurocloison-cloisons-en-verre-01-560x560.jpg 560w, https:\/\/www.europlafond.be\/wp-content\/uploads\/2020\/03\/Europlafond-BenjaminBrolet-produts-eurocloison-cloisons-en-verre-01-150x150.jpg 150w\" sizes=\"auto, (max-width: 560px) 100vw, 560px\" \/><\/div>  <\/figure><\/div>\t<\/div>  <\/div><\/div><div class=\"grve-empty-space grve-height-2x\" style=\"\"><\/div><blockquote class=\"grve-element grve-align-center grve-with-icon\" style=\"\">  <div class=\"grve-quote-icon\">  <i class=\"et-icon-quote grve-text-primary-1 grve-small\"><\/i>  <\/div><p>Un syst\u00e8me flexible de cloisons amovibles compl\u00e8tement vitr\u00e9es sans profil\u00e9s d\u00e9rangeants. <\/p><\/blockquote><div class=\"grve-empty-space grve-height-2x\" style=\"\"><\/div>[\/vc_column][vc_column width=\u00a0\u00bb1\/6&Prime;][\/vc_column][\/vc_row][vc_row padding_top_multiplier=\u00a0\u00bb\u00a0\u00bb padding_bottom_multiplier=\u00a0\u00bb3x\u00a0\u00bb equal_column_height=\u00a0\u00bbmiddle-content\u00a0\u00bb tablet_portrait_equal_column_height=\u00a0\u00bbfalse\u00a0\u00bb mobile_equal_column_height=\u00a0\u00bbfalse\u00a0\u00bb section_id=\u00a0\u00bbcloisons-en-verre\u00a0\u00bb][vc_column width=\u00a0\u00bb1\/6&Prime; clipping_animation=\u00a0\u00bbclipping-down\u00a0\u00bb animation_delay=\u00a0\u00bb600&Prime;][\/vc_column][vc_column width=\u00a0\u00bb2\/3&Prime; animation_delay=\u00a0\u00bb0&Prime;][vc_column_text]EUROCLOISON-TRANSPARENCE\u00ae r\u00e9pond parfaitement \u00e0 la demande accrue des designers plateaux de bureaux. Ils d\u00e9sirent une vue restant transparente combin\u00e9 \u00e0 une bonne isolation phonique.<\/p>\n<p>Nos cloisons en verre offrent des solutions et des options innombrables. L&rsquo;imagination du concepteur et le budget de l&rsquo;utilisateur final repr\u00e9sentent les seules limites de ce syst\u00e8me.<\/p>\n<p>Le syst\u00e8me de cloisons EUROCLOISON-TRANSPARENCE est de conception particuli\u00e8rement l\u00e9g\u00e8re et transparente. Et ce, gr\u00e2ce aux profil\u00e9s en forme de U dit \u00ab\u00a0CLIP-IN\u00a0\u00bb qui d\u00e9limitent le p\u00e9rim\u00e8tre de chaque cloison en partie haute, basse et lat\u00e9rale. Les vitrages y sont ins\u00e9r\u00e9s et maintenus par des joints souples en EPM propres \u00e0 notre syst\u00e8me. Les vitres sont assembl\u00e9es l\u2019une \u00e0 l\u2019autre \u00e0 l\u2019aide d\u2019un double face sp\u00e9cifique \u00e0 cette application.<\/p>\n<p>Pour la cloison EUROCLOISON-TRANSPARENCE nous utilisons du verre de s\u00e9curit\u00e9. Le projet d\u00e9termine son \u00e9paisseur. Le choix se porte sur du verre tremp\u00e9 ou du verre feuillet\u00e9, clair, translucide, sabl\u00e9 ou en version imprim\u00e9e d\u00e9corative. L\u2019utilisation de films autocollants constitue une approche \u00e0 la fois \u00e9l\u00e9gante et \u00e9conomique. Pour une meilleure acoustique, l\u2019utilisation de verre feuillet\u00e9 avec films de butyral de polyvinyle acoustiques sera pr\u00e9conis\u00e9e.<\/p>\n<p>Combin\u00e9 avec le verre \u00ab PRIVACY \u00bb, nous obtenons une version particuli\u00e8re de la cloison EUROCLOISON-TRANSPARENCE. Ce verre offre une solution unique de gestion de l\u2019espace par contr\u00f4le instantan\u00e9 de l\u2019opalescence (translucide\/transparent), ainsi que par (r\u00e9tro) projection dynamique d\u2019images ou de vid\u00e9os.[\/vc_column_text]<div class=\"grve-empty-space grve-height-1x\" style=\"\"><\/div><div class=\"grve-element grve-align-left\"><a href=\"\/wp-content\/uploads\/2020\/03\/eurocloison-transparence-fr.pdf\" target=\"_blank\" rel=\"noopener noreferrer\" class=\"grve-btn grve-btn-medium grve-btn-underline grve-text-primary-2 grve-text-hover-primary-2\"><span><i class=\"far fa-file-pdf\"><\/i>T\u00e9l\u00e9charger la brochure<span class=\"grve-btn-bottom-line grve-bg-primary-1\"><\/span><\/span><\/a><\/div>[\/vc_column][vc_column width=\u00a0\u00bb1\/6&Prime;][\/vc_column][\/vc_row][vc_row heading_color=\u00a0\u00bblight\u00a0\u00bb bg_type=\u00a0\u00bbcolor\u00a0\u00bb padding_top_multiplier=\u00a0\u00bb2x\u00a0\u00bb padding_bottom_multiplier=\u00a0\u00bb2x\u00a0\u00bb separator_top_size=\u00a0\u00bb60px\u00a0\u00bb separator_top_color=\u00a0\u00bb#f7f7f7&Prime; bg_color=\u00a0\u00bb#e40520&Prime; font_color=\u00a0\u00bb#ffffff\u00a0\u00bb][vc_column]<div class=\"grve-element grve-callout grve-btn-right\" style=\"\">  <div class=\"grve-callout-wrapper\"><h2 class=\"grve-callout-content grve-h2\">Contactez-nous<\/h2>    <p class=\"grve-leader-text\">Vous souhaitez en savoir plus sur les cloisons en verre ?<\/p>  <\/div>  <div class=\"grve-button-wrapper\"><a href=\"\/fr\/contact\" class=\"grve-btn grve-btn-medium grve-extra-round grve-bg-white grve-bg-hover-black\"><span>\u00c9crivez-nous<\/span><\/a>  <\/div><\/div>[\/vc_column][\/vc_row]<\/p>\n<\/div>","protected":false},"excerpt":{"rendered":"<p>[vc_row heading_color=\u00a0\u00bbprimary-1&Prime; padding_top_multiplier=\u00a0\u00bb3x\u00a0\u00bb padding_bottom_multiplier=\u00a0\u00bb2x\u00a0\u00bb equal_column_height=\u00a0\u00bbmiddle-content\u00a0\u00bb tablet_sm_visibility=\u00a0\u00bbhide\u00a0\u00bb mobile_visibility=\u00a0\u00bbhide\u00a0\u00bb][vc_column width=\u00a0\u00bb1\/3&Prime;][\/vc_column][vc_column width=\u00a0\u00bb1\/3&Prime;][\/vc_column][vc_column column_effect=\u00a0\u00bbvertical-parallax\u00a0\u00bb column_effect_limit=\u00a0\u00bb4x\u00a0\u00bb column_effect_invert=\u00a0\u00bbtrue\u00a0\u00bb column_custom_position=\u00a0\u00bbyes\u00a0\u00bb position_left=\u00a0\u00bbminus-3x\u00a0\u00bb width=\u00a0\u00bb1\/3&Prime;][\/vc_column][\/vc_row][vc_row desktop_visibility=\u00a0\u00bbhide\u00a0\u00bb tablet_visibility=\u00a0\u00bbhide\u00a0\u00bb][vc_column width=\u00a0\u00bb1\/6&Prime;][\/vc_column][vc_column width=\u00a0\u00bb2\/3&Prime;][\/vc_column][vc_column width=\u00a0\u00bb1\/6&Prime;][\/vc_column][\/vc_row][vc_row padding_top_multiplier=\u00a0\u00bb\u00a0\u00bb padding_bottom_multiplier=\u00a0\u00bb3x\u00a0\u00bb equal_column_height=\u00a0\u00bbmiddle-content\u00a0\u00bb tablet_portrait_equal_column_height=\u00a0\u00bbfalse\u00a0\u00bb mobile_equal_column_height=\u00a0\u00bbfalse\u00a0\u00bb section_id=\u00a0\u00bbcloisons-en-verre\u00a0\u00bb][vc_column width=\u00a0\u00bb1\/6&Prime; clipping_animation=\u00a0\u00bbclipping-down\u00a0\u00bb animation_delay=\u00a0\u00bb600&Prime;][\/vc_column][vc_column width=\u00a0\u00bb2\/3&Prime; animation_delay=\u00a0\u00bb0&Prime;][vc_column_text]EUROCLOISON-TRANSPARENCE\u00ae r\u00e9pond parfaitement \u00e0 la demande accrue des designers plateaux de bureaux. Ils d\u00e9sirent une vue restant transparente combin\u00e9 \u00e0 une bonne isolation phonique. Nos [&hellip;]<\/p>\n","protected":false},"author":1,"featured_media":0,"parent":65,"menu_order":0,"comment_status":"closed","ping_status":"closed","template":"","meta":{"footnotes":""},"class_list":["post-164","page","type-page","status-publish","hentry"],"yoast_head":"<!-- This site is optimized with the Yoast SEO plugin v27.2 - https:\/\/yoast.com\/product\/yoast-seo-wordpress\/ -->\n<title>Cloisons en verre &#8211; Europlafond sa - Eurocloison\u00ae<\/title>\n<meta name=\"description\" content=\"Ce syst\u00e8me de cloisons en verre r\u00e9pond \u00e0 la demande des designers plateaux de bureaux qui d\u00e9sirent une vue transparente avec une bonne isolation phonique.\" \/>\n<meta name=\"robots\" content=\"index, follow, max-snippet:-1, max-image-preview:large, max-video-preview:-1\" \/>\n<link rel=\"canonical\" href=\"https:\/\/www.europlafond.be\/fr\/produits-eurocloison\/cloisons-en-verre\/\" \/>\n<meta property=\"og:locale\" content=\"fr_FR\" \/>\n<meta property=\"og:type\" content=\"article\" \/>\n<meta property=\"og:title\" content=\"Cloisons en verre &#8211; Europlafond sa - Eurocloison\u00ae\" \/>\n<meta property=\"og:description\" content=\"Ce syst\u00e8me de cloisons en verre r\u00e9pond \u00e0 la demande des designers plateaux de bureaux qui d\u00e9sirent une vue transparente avec une bonne isolation phonique.\" \/>\n<meta property=\"og:url\" content=\"https:\/\/www.europlafond.be\/fr\/produits-eurocloison\/cloisons-en-verre\/\" \/>\n<meta property=\"og:site_name\" content=\"Europlafond sa - Eurocloison\u00ae\" \/>\n<meta property=\"article:modified_time\" content=\"2023-12-20T14:01:57+00:00\" \/>\n<meta name=\"twitter:card\" content=\"summary_large_image\" \/>\n<meta name=\"twitter:label1\" content=\"Dur\u00e9e de lecture estim\u00e9e\" \/>\n\t<meta name=\"twitter:data1\" content=\"3 minutes\" \/>\n<script type=\"application\/ld+json\" class=\"yoast-schema-graph\">{\"@context\":\"https:\/\/schema.org\",\"@graph\":[{\"@type\":\"WebPage\",\"@id\":\"https:\/\/www.europlafond.be\/fr\/produits-eurocloison\/cloisons-en-verre\/\",\"url\":\"https:\/\/www.europlafond.be\/fr\/produits-eurocloison\/cloisons-en-verre\/\",\"name\":\"Cloisons en verre &#8211; Europlafond sa - Eurocloison\u00ae\",\"isPartOf\":{\"@id\":\"https:\/\/www.europlafond.be\/fr\/#website\"},\"datePublished\":\"2020-02-13T15:28:07+00:00\",\"dateModified\":\"2023-12-20T14:01:57+00:00\",\"description\":\"Ce syst\u00e8me de cloisons en verre r\u00e9pond \u00e0 la demande des designers plateaux de bureaux qui d\u00e9sirent une vue transparente avec une bonne isolation phonique.\",\"breadcrumb\":{\"@id\":\"https:\/\/www.europlafond.be\/fr\/produits-eurocloison\/cloisons-en-verre\/#breadcrumb\"},\"inLanguage\":\"fr-FR\",\"potentialAction\":[{\"@type\":\"ReadAction\",\"target\":[\"https:\/\/www.europlafond.be\/fr\/produits-eurocloison\/cloisons-en-verre\/\"]}]},{\"@type\":\"BreadcrumbList\",\"@id\":\"https:\/\/www.europlafond.be\/fr\/produits-eurocloison\/cloisons-en-verre\/#breadcrumb\",\"itemListElement\":[{\"@type\":\"ListItem\",\"position\":1,\"name\":\"Accueil\",\"item\":\"https:\/\/www.europlafond.be\/fr\/\"},{\"@type\":\"ListItem\",\"position\":2,\"name\":\"Nos produits Eurocloison \u00ae\",\"item\":\"https:\/\/www.europlafond.be\/fr\/produits-eurocloison\/\"},{\"@type\":\"ListItem\",\"position\":3,\"name\":\"Cloisons en verre\"}]},{\"@type\":\"WebSite\",\"@id\":\"https:\/\/www.europlafond.be\/fr\/#website\",\"url\":\"https:\/\/www.europlafond.be\/fr\/\",\"name\":\"Europlafond sa - Eurocloison\u00ae\",\"description\":\"Expert dans le parach\u00e8vement d&#039;int\u00e9rieur\",\"publisher\":{\"@id\":\"https:\/\/www.europlafond.be\/fr\/#organization\"},\"potentialAction\":[{\"@type\":\"SearchAction\",\"target\":{\"@type\":\"EntryPoint\",\"urlTemplate\":\"https:\/\/www.europlafond.be\/fr\/?s={search_term_string}\"},\"query-input\":{\"@type\":\"PropertyValueSpecification\",\"valueRequired\":true,\"valueName\":\"search_term_string\"}}],\"inLanguage\":\"fr-FR\"},{\"@type\":\"Organization\",\"@id\":\"https:\/\/www.europlafond.be\/fr\/#organization\",\"name\":\"Europlafond sa\/nv Eurocloison\u00ae\",\"url\":\"https:\/\/www.europlafond.be\/fr\/\",\"logo\":{\"@type\":\"ImageObject\",\"inLanguage\":\"fr-FR\",\"@id\":\"https:\/\/www.europlafond.be\/fr\/#\/schema\/logo\/image\/\",\"url\":\"https:\/\/www.europlafond.be\/wp-content\/uploads\/2020\/05\/Europlafond-eurocloison-logo.jpg\",\"contentUrl\":\"https:\/\/www.europlafond.be\/wp-content\/uploads\/2020\/05\/Europlafond-eurocloison-logo.jpg\",\"width\":512,\"height\":512,\"caption\":\"Europlafond sa\/nv Eurocloison\u00ae\"},\"image\":{\"@id\":\"https:\/\/www.europlafond.be\/fr\/#\/schema\/logo\/image\/\"},\"sameAs\":[\"https:\/\/www.youtube.com\/channel\/UCWY_UeBLSXRoLwXINEY1EWQ\"]}]}<\/script>\n<!-- \/ Yoast SEO plugin. -->","yoast_head_json":{"title":"Cloisons en verre &#8211; Europlafond sa - Eurocloison\u00ae","description":"Ce syst\u00e8me de cloisons en verre r\u00e9pond \u00e0 la demande des designers plateaux de bureaux qui d\u00e9sirent une vue transparente avec une bonne isolation phonique.","robots":{"index":"index","follow":"follow","max-snippet":"max-snippet:-1","max-image-preview":"max-image-preview:large","max-video-preview":"max-video-preview:-1"},"canonical":"https:\/\/www.europlafond.be\/fr\/produits-eurocloison\/cloisons-en-verre\/","og_locale":"fr_FR","og_type":"article","og_title":"Cloisons en verre &#8211; Europlafond sa - Eurocloison\u00ae","og_description":"Ce syst\u00e8me de cloisons en verre r\u00e9pond \u00e0 la demande des designers plateaux de bureaux qui d\u00e9sirent une vue transparente avec une bonne isolation phonique.","og_url":"https:\/\/www.europlafond.be\/fr\/produits-eurocloison\/cloisons-en-verre\/","og_site_name":"Europlafond sa - Eurocloison\u00ae","article_modified_time":"2023-12-20T14:01:57+00:00","twitter_card":"summary_large_image","twitter_misc":{"Dur\u00e9e de lecture estim\u00e9e":"3 minutes"},"schema":{"@context":"https:\/\/schema.org","@graph":[{"@type":"WebPage","@id":"https:\/\/www.europlafond.be\/fr\/produits-eurocloison\/cloisons-en-verre\/","url":"https:\/\/www.europlafond.be\/fr\/produits-eurocloison\/cloisons-en-verre\/","name":"Cloisons en verre &#8211; Europlafond sa - Eurocloison\u00ae","isPartOf":{"@id":"https:\/\/www.europlafond.be\/fr\/#website"},"datePublished":"2020-02-13T15:28:07+00:00","dateModified":"2023-12-20T14:01:57+00:00","description":"Ce syst\u00e8me de cloisons en verre r\u00e9pond \u00e0 la demande des designers plateaux de bureaux qui d\u00e9sirent une vue transparente avec une bonne isolation phonique.","breadcrumb":{"@id":"https:\/\/www.europlafond.be\/fr\/produits-eurocloison\/cloisons-en-verre\/#breadcrumb"},"inLanguage":"fr-FR","potentialAction":[{"@type":"ReadAction","target":["https:\/\/www.europlafond.be\/fr\/produits-eurocloison\/cloisons-en-verre\/"]}]},{"@type":"BreadcrumbList","@id":"https:\/\/www.europlafond.be\/fr\/produits-eurocloison\/cloisons-en-verre\/#breadcrumb","itemListElement":[{"@type":"ListItem","position":1,"name":"Accueil","item":"https:\/\/www.europlafond.be\/fr\/"},{"@type":"ListItem","position":2,"name":"Nos produits Eurocloison \u00ae","item":"https:\/\/www.europlafond.be\/fr\/produits-eurocloison\/"},{"@type":"ListItem","position":3,"name":"Cloisons en verre"}]},{"@type":"WebSite","@id":"https:\/\/www.europlafond.be\/fr\/#website","url":"https:\/\/www.europlafond.be\/fr\/","name":"Europlafond sa - Eurocloison\u00ae","description":"Expert dans le parach\u00e8vement d&#039;int\u00e9rieur","publisher":{"@id":"https:\/\/www.europlafond.be\/fr\/#organization"},"potentialAction":[{"@type":"SearchAction","target":{"@type":"EntryPoint","urlTemplate":"https:\/\/www.europlafond.be\/fr\/?s={search_term_string}"},"query-input":{"@type":"PropertyValueSpecification","valueRequired":true,"valueName":"search_term_string"}}],"inLanguage":"fr-FR"},{"@type":"Organization","@id":"https:\/\/www.europlafond.be\/fr\/#organization","name":"Europlafond sa\/nv Eurocloison\u00ae","url":"https:\/\/www.europlafond.be\/fr\/","logo":{"@type":"ImageObject","inLanguage":"fr-FR","@id":"https:\/\/www.europlafond.be\/fr\/#\/schema\/logo\/image\/","url":"https:\/\/www.europlafond.be\/wp-content\/uploads\/2020\/05\/Europlafond-eurocloison-logo.jpg","contentUrl":"https:\/\/www.europlafond.be\/wp-content\/uploads\/2020\/05\/Europlafond-eurocloison-logo.jpg","width":512,"height":512,"caption":"Europlafond sa\/nv Eurocloison\u00ae"},"image":{"@id":"https:\/\/www.europlafond.be\/fr\/#\/schema\/logo\/image\/"},"sameAs":["https:\/\/www.youtube.com\/channel\/UCWY_UeBLSXRoLwXINEY1EWQ"]}]}},"_links":{"self":[{"href":"https:\/\/www.europlafond.be\/fr\/wp-json\/wp\/v2\/pages\/164","targetHints":{"allow":["GET"]}}],"collection":[{"href":"https:\/\/www.europlafond.be\/fr\/wp-json\/wp\/v2\/pages"}],"about":[{"href":"https:\/\/www.europlafond.be\/fr\/wp-json\/wp\/v2\/types\/page"}],"author":[{"embeddable":true,"href":"https:\/\/www.europlafond.be\/fr\/wp-json\/wp\/v2\/users\/1"}],"replies":[{"embeddable":true,"href":"https:\/\/www.europlafond.be\/fr\/wp-json\/wp\/v2\/comments?post=164"}],"version-history":[{"count":5,"href":"https:\/\/www.europlafond.be\/fr\/wp-json\/wp\/v2\/pages\/164\/revisions"}],"predecessor-version":[{"id":10131,"href":"https:\/\/www.europlafond.be\/fr\/wp-json\/wp\/v2\/pages\/164\/revisions\/10131"}],"up":[{"embeddable":true,"href":"https:\/\/www.europlafond.be\/fr\/wp-json\/wp\/v2\/pages\/65"}],"wp:attachment":[{"href":"https:\/\/www.europlafond.be\/fr\/wp-json\/wp\/v2\/media?parent=164"}],"curies":[{"name":"wp","href":"https:\/\/api.w.org\/{rel}","templated":true}]}}