{"id":166,"date":"2020-02-13T16:28:25","date_gmt":"2020-02-13T15:28:25","guid":{"rendered":"https:\/\/europlafond.uni-vert.be\/?page_id=166"},"modified":"2020-05-20T16:06:13","modified_gmt":"2020-05-20T14:06:13","slug":"ecrans-de-bureau","status":"publish","type":"page","link":"https:\/\/www.europlafond.be\/fr\/produits-eurocloison\/ecrans-de-bureau\/","title":{"rendered":"\u00c9crans de bureau"},"content":{"rendered":"<div class=\"wpb-content-wrapper\"><p>[vc_row heading_color=\u00a0\u00bbprimary-1&Prime; padding_top_multiplier=\u00a0\u00bb3x\u00a0\u00bb padding_bottom_multiplier=\u00a0\u00bb2x\u00a0\u00bb equal_column_height=\u00a0\u00bbmiddle-content\u00a0\u00bb tablet_sm_visibility=\u00a0\u00bbhide\u00a0\u00bb mobile_visibility=\u00a0\u00bbhide\u00a0\u00bb][vc_column width=\u00a0\u00bb1\/3&Prime;]<div class=\"grve-element grve-image grve-align-center\" style=\"\">  <div class=\"grve-image-wrapper\"><img loading=\"lazy\" decoding=\"async\" width=\"560\" height=\"420\" src=\"https:\/\/www.europlafond.be\/wp-content\/uploads\/2020\/03\/Europlafond-produits-eurocloison-ecrans-de-bureau-paravent-560x420.jpg\" class=\"attachment-movedo-grve-small-rect-horizontal size-movedo-grve-small-rect-horizontal\" alt=\"\u00c9crans de bureau paravent salle de fitness\" srcset=\"https:\/\/www.europlafond.be\/wp-content\/uploads\/2020\/03\/Europlafond-produits-eurocloison-ecrans-de-bureau-paravent-560x420.jpg 560w, https:\/\/www.europlafond.be\/wp-content\/uploads\/2020\/03\/Europlafond-produits-eurocloison-ecrans-de-bureau-paravent-300x225.jpg 300w, https:\/\/www.europlafond.be\/wp-content\/uploads\/2020\/03\/Europlafond-produits-eurocloison-ecrans-de-bureau-paravent-768x576.jpg 768w, https:\/\/www.europlafond.be\/wp-content\/uploads\/2020\/03\/Europlafond-produits-eurocloison-ecrans-de-bureau-paravent.jpg 900w\" sizes=\"auto, (max-width: 560px) 100vw, 560px\" \/>   <\/div><\/div><div class=\"grve-empty-space grve-height-1x\" style=\"\"><\/div><blockquote class=\"grve-element grve-align-right grve-with-icon\" style=\"\">  <div class=\"grve-quote-icon\">  <i class=\"et-icon-quote grve-text-primary-1 grve-small\"><\/i>  <\/div><p>La solution id\u00e9ale pour l&rsquo;am\u00e9nagement flexible et multifonctionnel de bureaux paysag\u00e9s.<\/p><\/blockquote><div class=\"grve-empty-space grve-height-1x\" style=\"\"><\/div>[\/vc_column][vc_column width=\u00a0\u00bb1\/3&Prime;]<div class=\"grve-element grve-image grve-align-center\" style=\"\">  <div class=\"grve-image-wrapper\"><img loading=\"lazy\" decoding=\"async\" width=\"560\" height=\"745\" src=\"https:\/\/www.europlafond.be\/wp-content\/uploads\/2020\/03\/Europlafond-produits-eurocloison-ecrans-de-bureau-aravent-salle-de-fitness.jpg\" class=\"attachment-movedo-grve-small-rect-vertical size-movedo-grve-small-rect-vertical\" alt=\"produits eurocloison \u00e9crans de bureau paravent\" srcset=\"https:\/\/www.europlafond.be\/wp-content\/uploads\/2020\/03\/Europlafond-produits-eurocloison-ecrans-de-bureau-aravent-salle-de-fitness.jpg 560w, https:\/\/www.europlafond.be\/wp-content\/uploads\/2020\/03\/Europlafond-produits-eurocloison-ecrans-de-bureau-aravent-salle-de-fitness-226x300.jpg 226w\" sizes=\"auto, (max-width: 560px) 100vw, 560px\" \/>   <\/div><\/div>[\/vc_column][vc_column column_effect=\u00a0\u00bbvertical-parallax\u00a0\u00bb column_effect_limit=\u00a0\u00bb4x\u00a0\u00bb column_effect_invert=\u00a0\u00bbtrue\u00a0\u00bb column_custom_position=\u00a0\u00bbyes\u00a0\u00bb position_left=\u00a0\u00bbminus-3x\u00a0\u00bb width=\u00a0\u00bb1\/3&Prime;]<div class=\"grve-element grve-slogan grve-align-left\" style=\"\"><div class=\"grve-subtitle\">Produits EUROCLOISON \u00ae<\/div><h2 class=\"grve-slogan-title grve-align-left grve-h2\"><span>\u00c9crans de bureau<\/span><\/h2>  <p class=\"\">Nos \u00e9crans de bureau isolent les postes de travail pour un meilleur confort acoustique. Il est facile de les moduler et ainsi obtenir une meilleure intimit\u00e9 des postes de travail.<\/p><div class=\"grve-btn-wrapper\"><a href=\"#ecrans-de-bureau\" class=\"grve-btn grve-btn-small grve-extra-round grve-bg-primary-1 grve-bg-hover-black\"><span><i class=\"smp-icon-plus\"><\/i>En savoir plus<\/span><\/a><\/div><\/div>[\/vc_column][\/vc_row][vc_row desktop_visibility=\u00a0\u00bbhide\u00a0\u00bb tablet_visibility=\u00a0\u00bbhide\u00a0\u00bb][vc_column width=\u00a0\u00bb1\/6&Prime;][\/vc_column][vc_column width=\u00a0\u00bb2\/3&Prime;]<div class=\"grve-element grve-slogan grve-align-center\" style=\"\"><div class=\"grve-subtitle\">Produits EUROCLOISON \u00ae<\/div><h2 class=\"grve-slogan-title grve-align-center grve-h2\"><span>\u00c9crans de bureau<\/span><\/h2>  <p class=\"\">Nos \u00e9crans de bureau isolent les postes de travail pour un meilleur confort acoustique. Il est facile de les moduler et ainsi obtenir une meilleure intimit\u00e9 des postes de travail.<\/p><div class=\"grve-btn-wrapper\"><a href=\"#ecrans-de-bureau\" class=\"grve-btn grve-btn-small grve-extra-round grve-bg-primary-1 grve-bg-hover-black\"><span><i class=\"smp-icon-plus\"><\/i>En savoir plus<\/span><\/a><\/div><\/div><div class=\"grve-empty-space grve-height-2x\" style=\"\"><\/div><div class=\"grve-element grve-slider grve-layout-1 grve-image-auto-width grve-gallery-popup\"  style=\" \">  <div class=\"grve-carousel-wrapper\"><div class=\"grve-slider-element owl-carousel grve-theme\" data-slider-speed=\"3500\" data-slider-pause=\"no\" data-slider-autoplay=\"yes\" data-slider-loop=\"yes\" data-slider-transition=\"slide\" data-slider-autoheight=\"no\" data-pagination=\"yes\"><div class=\"grve-slider-item grve-hover-item grve-hover-style-none\">  <figure class=\"grve-image-hover grve-zoom-none\"><div class=\"grve-media\"><img loading=\"lazy\" decoding=\"async\" width=\"560\" height=\"560\" src=\"https:\/\/www.europlafond.be\/wp-content\/uploads\/2020\/03\/Europlafond-produits-eurocloison-ecrans-de-bureau-aravent-salle-de-fitness-560x560.jpg\" class=\"attachment-movedo-grve-small-square size-movedo-grve-small-square\" alt=\"produits eurocloison \u00e9crans de bureau paravent\" srcset=\"https:\/\/www.europlafond.be\/wp-content\/uploads\/2020\/03\/Europlafond-produits-eurocloison-ecrans-de-bureau-aravent-salle-de-fitness-560x560.jpg 560w, https:\/\/www.europlafond.be\/wp-content\/uploads\/2020\/03\/Europlafond-produits-eurocloison-ecrans-de-bureau-aravent-salle-de-fitness-150x150.jpg 150w\" sizes=\"auto, (max-width: 560px) 100vw, 560px\" \/><\/div>  <\/figure><\/div><div class=\"grve-slider-item grve-hover-item grve-hover-style-none\">  <figure class=\"grve-image-hover grve-zoom-none\"><div class=\"grve-media\"><img loading=\"lazy\" decoding=\"async\" width=\"560\" height=\"560\" src=\"https:\/\/www.europlafond.be\/wp-content\/uploads\/2020\/03\/Europlafond-produits-eurocloison-ecrans-de-bureau-paravent-560x560.jpg\" class=\"attachment-movedo-grve-small-square size-movedo-grve-small-square\" alt=\"\u00c9crans de bureau paravent salle de fitness\" srcset=\"https:\/\/www.europlafond.be\/wp-content\/uploads\/2020\/03\/Europlafond-produits-eurocloison-ecrans-de-bureau-paravent-560x560.jpg 560w, https:\/\/www.europlafond.be\/wp-content\/uploads\/2020\/03\/Europlafond-produits-eurocloison-ecrans-de-bureau-paravent-150x150.jpg 150w\" sizes=\"auto, (max-width: 560px) 100vw, 560px\" \/><\/div>  <\/figure><\/div>\t<\/div>  <\/div><\/div><div class=\"grve-empty-space grve-height-2x\" style=\"\"><\/div><blockquote class=\"grve-element grve-align-center grve-with-icon\" style=\"\">  <div class=\"grve-quote-icon\">  <i class=\"et-icon-quote grve-text-primary-1 grve-small\"><\/i>  <\/div><p>La solution id\u00e9ale pour l&rsquo;am\u00e9nagement flexible et multifonctionnel de bureaux paysag\u00e9s.<\/p><\/blockquote><div class=\"grve-empty-space grve-height-2x\" style=\"\"><\/div>[\/vc_column][vc_column width=\u00a0\u00bb1\/6&Prime;][\/vc_column][\/vc_row][vc_row padding_top_multiplier=\u00a0\u00bb\u00a0\u00bb padding_bottom_multiplier=\u00a0\u00bb3x\u00a0\u00bb equal_column_height=\u00a0\u00bbmiddle-content\u00a0\u00bb tablet_portrait_equal_column_height=\u00a0\u00bbfalse\u00a0\u00bb mobile_equal_column_height=\u00a0\u00bbfalse\u00a0\u00bb section_id=\u00a0\u00bbecrans-de-bureau\u00a0\u00bb][vc_column width=\u00a0\u00bb1\/6&Prime; clipping_animation=\u00a0\u00bbclipping-down\u00a0\u00bb animation_delay=\u00a0\u00bb600&Prime;][\/vc_column][vc_column width=\u00a0\u00bb2\/3&Prime; animation_delay=\u00a0\u00bb0&Prime;][vc_column_text]Le syst\u00e8me EUROCLOISON-PARAVENTS\u00ae pr\u00e9sente la solution id\u00e9ale pour l&rsquo;am\u00e9nagement flexible et multifonctionnel de bureaux paysag\u00e9s.<\/p>\n<p>Les options sont quasiment illimit\u00e9es. Gr\u00e2ce \u00e0 une multitude de modalit\u00e9s d&rsquo;ex\u00e9cution au niveau de la disposition, du dimensionnement et de la finition.<\/p>\n<p>Demandez l&rsquo;avis gratuit de notre architecte d&rsquo;int\u00e9rieur. D\u00e9couvrez ainsi la richesse des possibilit\u00e9s qu&rsquo;offre ce concept.<\/p>\n<p>Les cloisons paravents ou \u00e9crans de bureau isolent les postes de travail pour un meilleur confort acoustique. Il est facile de les moduler et de ce fait obtenir une meilleure intimit\u00e9 des postes de travail.[\/vc_column_text]<div class=\"grve-empty-space grve-height-1x\" style=\"\"><\/div><h3 class=\"grve-element grve-title grve-align-left grve-h4\" style=\"\"><span>Les mat\u00e9riaux<\/span><\/h3>[vc_column_text]Nous fournissons le syst\u00e8me EUROCLOISON-PARAVENTS en partant d\u2019une structure en aluminium laqu\u00e9 (suivant notre \u00e9ventail standard). Nous poss\u00e9dons une large diversit\u00e9 de panneaux de rev\u00eatement de toutes natures. Il y en a pour tous les go\u00fbts ! Panneaux pleins ou perfor\u00e9s en bois, recouverts ou non d\u2019un tissu acoustiquement ouvert en ex\u00e9cution plane ou capitonn\u00e9e. Mais aussi des t\u00f4les laqu\u00e9es perfor\u00e9es, des \u00e9l\u00e9ments vitr\u00e9s transparents ou translucides, parties vitr\u00e9es en combinaison avec des stores v\u00e9nitiens.<\/p>\n<p>Vous l&rsquo;aurez donc compris. Les possibilit\u00e9s sont infinies et facilement r\u00e9alisables avec ce syst\u00e8me d&rsquo;\u00e9crans de bureau.[\/vc_column_text]<div class=\"grve-empty-space grve-height-1x\" style=\"\"><\/div><div class=\"grve-element grve-align-left\"><a href=\"\/wp-content\/uploads\/2020\/03\/eurocloison-ecrans-de-bureau-paravents-fr.pdf\" target=\"_blank\" rel=\"noopener noreferrer\" class=\"grve-btn grve-btn-medium grve-btn-underline grve-text-primary-2 grve-text-hover-primary-2\"><span><i class=\"far fa-file-pdf\"><\/i>T\u00e9l\u00e9charger la brochure<span class=\"grve-btn-bottom-line grve-bg-primary-1\"><\/span><\/span><\/a><\/div>[\/vc_column][vc_column width=\u00a0\u00bb1\/6&Prime;][\/vc_column][\/vc_row][vc_row heading_color=\u00a0\u00bblight\u00a0\u00bb bg_type=\u00a0\u00bbcolor\u00a0\u00bb padding_top_multiplier=\u00a0\u00bb2x\u00a0\u00bb padding_bottom_multiplier=\u00a0\u00bb2x\u00a0\u00bb separator_top_size=\u00a0\u00bb60px\u00a0\u00bb separator_top_color=\u00a0\u00bb#f7f7f7&Prime; bg_color=\u00a0\u00bb#e40520&Prime; font_color=\u00a0\u00bb#ffffff\u00a0\u00bb][vc_column]<div class=\"grve-element grve-callout grve-btn-right\" style=\"\">  <div class=\"grve-callout-wrapper\"><h2 class=\"grve-callout-content grve-h2\">Contactez-nous<\/h2>    <p class=\"grve-leader-text\">Vous souhaitez en savoir plus sur nos \u00e9crans de bureaux ou paravents ?<\/p>  <\/div>  <div class=\"grve-button-wrapper\"><a href=\"\/fr\/contact\" class=\"grve-btn grve-btn-medium grve-extra-round grve-bg-white grve-bg-hover-black\"><span>\u00c9crivez-nous<\/span><\/a>  <\/div><\/div>[\/vc_column][\/vc_row]<\/p>\n<\/div>","protected":false},"excerpt":{"rendered":"<p>[vc_row heading_color=\u00a0\u00bbprimary-1&Prime; padding_top_multiplier=\u00a0\u00bb3x\u00a0\u00bb padding_bottom_multiplier=\u00a0\u00bb2x\u00a0\u00bb equal_column_height=\u00a0\u00bbmiddle-content\u00a0\u00bb tablet_sm_visibility=\u00a0\u00bbhide\u00a0\u00bb mobile_visibility=\u00a0\u00bbhide\u00a0\u00bb][vc_column width=\u00a0\u00bb1\/3&Prime;][\/vc_column][vc_column width=\u00a0\u00bb1\/3&Prime;][\/vc_column][vc_column column_effect=\u00a0\u00bbvertical-parallax\u00a0\u00bb column_effect_limit=\u00a0\u00bb4x\u00a0\u00bb column_effect_invert=\u00a0\u00bbtrue\u00a0\u00bb column_custom_position=\u00a0\u00bbyes\u00a0\u00bb position_left=\u00a0\u00bbminus-3x\u00a0\u00bb width=\u00a0\u00bb1\/3&Prime;][\/vc_column][\/vc_row][vc_row desktop_visibility=\u00a0\u00bbhide\u00a0\u00bb tablet_visibility=\u00a0\u00bbhide\u00a0\u00bb][vc_column width=\u00a0\u00bb1\/6&Prime;][\/vc_column][vc_column width=\u00a0\u00bb2\/3&Prime;][\/vc_column][vc_column width=\u00a0\u00bb1\/6&Prime;][\/vc_column][\/vc_row][vc_row padding_top_multiplier=\u00a0\u00bb\u00a0\u00bb padding_bottom_multiplier=\u00a0\u00bb3x\u00a0\u00bb equal_column_height=\u00a0\u00bbmiddle-content\u00a0\u00bb tablet_portrait_equal_column_height=\u00a0\u00bbfalse\u00a0\u00bb mobile_equal_column_height=\u00a0\u00bbfalse\u00a0\u00bb section_id=\u00a0\u00bbecrans-de-bureau\u00a0\u00bb][vc_column width=\u00a0\u00bb1\/6&Prime; clipping_animation=\u00a0\u00bbclipping-down\u00a0\u00bb animation_delay=\u00a0\u00bb600&Prime;][\/vc_column][vc_column width=\u00a0\u00bb2\/3&Prime; animation_delay=\u00a0\u00bb0&Prime;][vc_column_text]Le syst\u00e8me EUROCLOISON-PARAVENTS\u00ae pr\u00e9sente la solution id\u00e9ale pour l&rsquo;am\u00e9nagement flexible et multifonctionnel de bureaux paysag\u00e9s. Les options sont quasiment illimit\u00e9es. Gr\u00e2ce \u00e0 une multitude de [&hellip;]<\/p>\n","protected":false},"author":1,"featured_media":0,"parent":65,"menu_order":0,"comment_status":"closed","ping_status":"closed","template":"","meta":{"footnotes":""},"class_list":["post-166","page","type-page","status-publish","hentry"],"yoast_head":"<!-- This site is optimized with the Yoast SEO plugin v27.2 - https:\/\/yoast.com\/product\/yoast-seo-wordpress\/ -->\n<title>\u00c9crans de bureau &#8211; Europlafond sa - Eurocloison\u00ae<\/title>\n<meta name=\"description\" content=\"Nos \u00e9crans de bureau isolent les postes de travail. Il est facile de les moduler et ainsi obtenir une intimit\u00e9 et un confort acoustique non n\u00e9gligeable.\" \/>\n<meta name=\"robots\" content=\"index, follow, max-snippet:-1, max-image-preview:large, max-video-preview:-1\" \/>\n<link rel=\"canonical\" href=\"https:\/\/www.europlafond.be\/fr\/produits-eurocloison\/ecrans-de-bureau\/\" \/>\n<meta property=\"og:locale\" content=\"fr_FR\" \/>\n<meta property=\"og:type\" content=\"article\" \/>\n<meta property=\"og:title\" content=\"\u00c9crans de bureau &#8211; Europlafond sa - Eurocloison\u00ae\" \/>\n<meta property=\"og:description\" content=\"Nos \u00e9crans de bureau isolent les postes de travail. Il est facile de les moduler et ainsi obtenir une intimit\u00e9 et un confort acoustique non n\u00e9gligeable.\" \/>\n<meta property=\"og:url\" content=\"https:\/\/www.europlafond.be\/fr\/produits-eurocloison\/ecrans-de-bureau\/\" \/>\n<meta property=\"og:site_name\" content=\"Europlafond sa - Eurocloison\u00ae\" \/>\n<meta property=\"article:modified_time\" content=\"2020-05-20T14:06:13+00:00\" \/>\n<meta name=\"twitter:card\" content=\"summary_large_image\" \/>\n<meta name=\"twitter:label1\" content=\"Dur\u00e9e de lecture estim\u00e9e\" \/>\n\t<meta name=\"twitter:data1\" content=\"4 minutes\" \/>\n<script type=\"application\/ld+json\" class=\"yoast-schema-graph\">{\"@context\":\"https:\/\/schema.org\",\"@graph\":[{\"@type\":\"WebPage\",\"@id\":\"https:\/\/www.europlafond.be\/fr\/produits-eurocloison\/ecrans-de-bureau\/\",\"url\":\"https:\/\/www.europlafond.be\/fr\/produits-eurocloison\/ecrans-de-bureau\/\",\"name\":\"\u00c9crans de bureau &#8211; Europlafond sa - Eurocloison\u00ae\",\"isPartOf\":{\"@id\":\"https:\/\/www.europlafond.be\/fr\/#website\"},\"datePublished\":\"2020-02-13T15:28:25+00:00\",\"dateModified\":\"2020-05-20T14:06:13+00:00\",\"description\":\"Nos \u00e9crans de bureau isolent les postes de travail. Il est facile de les moduler et ainsi obtenir une intimit\u00e9 et un confort acoustique non n\u00e9gligeable.\",\"breadcrumb\":{\"@id\":\"https:\/\/www.europlafond.be\/fr\/produits-eurocloison\/ecrans-de-bureau\/#breadcrumb\"},\"inLanguage\":\"fr-FR\",\"potentialAction\":[{\"@type\":\"ReadAction\",\"target\":[\"https:\/\/www.europlafond.be\/fr\/produits-eurocloison\/ecrans-de-bureau\/\"]}]},{\"@type\":\"BreadcrumbList\",\"@id\":\"https:\/\/www.europlafond.be\/fr\/produits-eurocloison\/ecrans-de-bureau\/#breadcrumb\",\"itemListElement\":[{\"@type\":\"ListItem\",\"position\":1,\"name\":\"Accueil\",\"item\":\"https:\/\/www.europlafond.be\/fr\/\"},{\"@type\":\"ListItem\",\"position\":2,\"name\":\"Nos produits Eurocloison \u00ae\",\"item\":\"https:\/\/www.europlafond.be\/fr\/produits-eurocloison\/\"},{\"@type\":\"ListItem\",\"position\":3,\"name\":\"\u00c9crans de bureau\"}]},{\"@type\":\"WebSite\",\"@id\":\"https:\/\/www.europlafond.be\/fr\/#website\",\"url\":\"https:\/\/www.europlafond.be\/fr\/\",\"name\":\"Europlafond sa - Eurocloison\u00ae\",\"description\":\"Expert dans le parach\u00e8vement d&#039;int\u00e9rieur\",\"publisher\":{\"@id\":\"https:\/\/www.europlafond.be\/fr\/#organization\"},\"potentialAction\":[{\"@type\":\"SearchAction\",\"target\":{\"@type\":\"EntryPoint\",\"urlTemplate\":\"https:\/\/www.europlafond.be\/fr\/?s={search_term_string}\"},\"query-input\":{\"@type\":\"PropertyValueSpecification\",\"valueRequired\":true,\"valueName\":\"search_term_string\"}}],\"inLanguage\":\"fr-FR\"},{\"@type\":\"Organization\",\"@id\":\"https:\/\/www.europlafond.be\/fr\/#organization\",\"name\":\"Europlafond sa\/nv Eurocloison\u00ae\",\"url\":\"https:\/\/www.europlafond.be\/fr\/\",\"logo\":{\"@type\":\"ImageObject\",\"inLanguage\":\"fr-FR\",\"@id\":\"https:\/\/www.europlafond.be\/fr\/#\/schema\/logo\/image\/\",\"url\":\"https:\/\/www.europlafond.be\/wp-content\/uploads\/2020\/05\/Europlafond-eurocloison-logo.jpg\",\"contentUrl\":\"https:\/\/www.europlafond.be\/wp-content\/uploads\/2020\/05\/Europlafond-eurocloison-logo.jpg\",\"width\":512,\"height\":512,\"caption\":\"Europlafond sa\/nv Eurocloison\u00ae\"},\"image\":{\"@id\":\"https:\/\/www.europlafond.be\/fr\/#\/schema\/logo\/image\/\"},\"sameAs\":[\"https:\/\/www.youtube.com\/channel\/UCWY_UeBLSXRoLwXINEY1EWQ\"]}]}<\/script>\n<!-- \/ Yoast SEO plugin. -->","yoast_head_json":{"title":"\u00c9crans de bureau &#8211; Europlafond sa - Eurocloison\u00ae","description":"Nos \u00e9crans de bureau isolent les postes de travail. Il est facile de les moduler et ainsi obtenir une intimit\u00e9 et un confort acoustique non n\u00e9gligeable.","robots":{"index":"index","follow":"follow","max-snippet":"max-snippet:-1","max-image-preview":"max-image-preview:large","max-video-preview":"max-video-preview:-1"},"canonical":"https:\/\/www.europlafond.be\/fr\/produits-eurocloison\/ecrans-de-bureau\/","og_locale":"fr_FR","og_type":"article","og_title":"\u00c9crans de bureau &#8211; Europlafond sa - Eurocloison\u00ae","og_description":"Nos \u00e9crans de bureau isolent les postes de travail. Il est facile de les moduler et ainsi obtenir une intimit\u00e9 et un confort acoustique non n\u00e9gligeable.","og_url":"https:\/\/www.europlafond.be\/fr\/produits-eurocloison\/ecrans-de-bureau\/","og_site_name":"Europlafond sa - Eurocloison\u00ae","article_modified_time":"2020-05-20T14:06:13+00:00","twitter_card":"summary_large_image","twitter_misc":{"Dur\u00e9e de lecture estim\u00e9e":"4 minutes"},"schema":{"@context":"https:\/\/schema.org","@graph":[{"@type":"WebPage","@id":"https:\/\/www.europlafond.be\/fr\/produits-eurocloison\/ecrans-de-bureau\/","url":"https:\/\/www.europlafond.be\/fr\/produits-eurocloison\/ecrans-de-bureau\/","name":"\u00c9crans de bureau &#8211; Europlafond sa - Eurocloison\u00ae","isPartOf":{"@id":"https:\/\/www.europlafond.be\/fr\/#website"},"datePublished":"2020-02-13T15:28:25+00:00","dateModified":"2020-05-20T14:06:13+00:00","description":"Nos \u00e9crans de bureau isolent les postes de travail. Il est facile de les moduler et ainsi obtenir une intimit\u00e9 et un confort acoustique non n\u00e9gligeable.","breadcrumb":{"@id":"https:\/\/www.europlafond.be\/fr\/produits-eurocloison\/ecrans-de-bureau\/#breadcrumb"},"inLanguage":"fr-FR","potentialAction":[{"@type":"ReadAction","target":["https:\/\/www.europlafond.be\/fr\/produits-eurocloison\/ecrans-de-bureau\/"]}]},{"@type":"BreadcrumbList","@id":"https:\/\/www.europlafond.be\/fr\/produits-eurocloison\/ecrans-de-bureau\/#breadcrumb","itemListElement":[{"@type":"ListItem","position":1,"name":"Accueil","item":"https:\/\/www.europlafond.be\/fr\/"},{"@type":"ListItem","position":2,"name":"Nos produits Eurocloison \u00ae","item":"https:\/\/www.europlafond.be\/fr\/produits-eurocloison\/"},{"@type":"ListItem","position":3,"name":"\u00c9crans de bureau"}]},{"@type":"WebSite","@id":"https:\/\/www.europlafond.be\/fr\/#website","url":"https:\/\/www.europlafond.be\/fr\/","name":"Europlafond sa - Eurocloison\u00ae","description":"Expert dans le parach\u00e8vement d&#039;int\u00e9rieur","publisher":{"@id":"https:\/\/www.europlafond.be\/fr\/#organization"},"potentialAction":[{"@type":"SearchAction","target":{"@type":"EntryPoint","urlTemplate":"https:\/\/www.europlafond.be\/fr\/?s={search_term_string}"},"query-input":{"@type":"PropertyValueSpecification","valueRequired":true,"valueName":"search_term_string"}}],"inLanguage":"fr-FR"},{"@type":"Organization","@id":"https:\/\/www.europlafond.be\/fr\/#organization","name":"Europlafond sa\/nv Eurocloison\u00ae","url":"https:\/\/www.europlafond.be\/fr\/","logo":{"@type":"ImageObject","inLanguage":"fr-FR","@id":"https:\/\/www.europlafond.be\/fr\/#\/schema\/logo\/image\/","url":"https:\/\/www.europlafond.be\/wp-content\/uploads\/2020\/05\/Europlafond-eurocloison-logo.jpg","contentUrl":"https:\/\/www.europlafond.be\/wp-content\/uploads\/2020\/05\/Europlafond-eurocloison-logo.jpg","width":512,"height":512,"caption":"Europlafond sa\/nv Eurocloison\u00ae"},"image":{"@id":"https:\/\/www.europlafond.be\/fr\/#\/schema\/logo\/image\/"},"sameAs":["https:\/\/www.youtube.com\/channel\/UCWY_UeBLSXRoLwXINEY1EWQ"]}]}},"_links":{"self":[{"href":"https:\/\/www.europlafond.be\/fr\/wp-json\/wp\/v2\/pages\/166","targetHints":{"allow":["GET"]}}],"collection":[{"href":"https:\/\/www.europlafond.be\/fr\/wp-json\/wp\/v2\/pages"}],"about":[{"href":"https:\/\/www.europlafond.be\/fr\/wp-json\/wp\/v2\/types\/page"}],"author":[{"embeddable":true,"href":"https:\/\/www.europlafond.be\/fr\/wp-json\/wp\/v2\/users\/1"}],"replies":[{"embeddable":true,"href":"https:\/\/www.europlafond.be\/fr\/wp-json\/wp\/v2\/comments?post=166"}],"version-history":[{"count":5,"href":"https:\/\/www.europlafond.be\/fr\/wp-json\/wp\/v2\/pages\/166\/revisions"}],"predecessor-version":[{"id":1492,"href":"https:\/\/www.europlafond.be\/fr\/wp-json\/wp\/v2\/pages\/166\/revisions\/1492"}],"up":[{"embeddable":true,"href":"https:\/\/www.europlafond.be\/fr\/wp-json\/wp\/v2\/pages\/65"}],"wp:attachment":[{"href":"https:\/\/www.europlafond.be\/fr\/wp-json\/wp\/v2\/media?parent=166"}],"curies":[{"name":"wp","href":"https:\/\/api.w.org\/{rel}","templated":true}]}}