{"id":51,"date":"2020-02-12T23:01:09","date_gmt":"2020-02-12T22:01:09","guid":{"rendered":"https:\/\/europlafond.uni-vert.be\/?page_id=51"},"modified":"2024-11-16T10:41:26","modified_gmt":"2024-11-16T09:41:26","slug":"europlafond-eurocloison","status":"publish","type":"page","link":"https:\/\/www.europlafond.be\/fr\/europlafond-eurocloison\/","title":{"rendered":"Europlafond SA &#8211; Eurocloison\u00ae"},"content":{"rendered":"<div class=\"wpb-content-wrapper\"><p>[vc_row padding_top_multiplier=\u00a0\u00bb\u00a0\u00bb padding_bottom_multiplier=\u00a0\u00bb3x\u00a0\u00bb][vc_column]<div class=\"grve-element grve-image grve-clipping-down grve-clipping-animation grve-align-center grve-full-image grve-image-space-100\" style=\"\" data-delay=\"600\">  <div class=\"grve-image-wrapper\"><img loading=\"lazy\" decoding=\"async\" width=\"1024\" height=\"576\" src=\"https:\/\/www.europlafond.be\/wp-content\/uploads\/2020\/03\/Europlafond-Eurocloison-Benjamin-Brolet-a-propos-1024x576.jpg\" class=\"attachment-large size-large\" alt=\"Bureau Europlafond Eurocloison\u00ae\" srcset=\"https:\/\/www.europlafond.be\/wp-content\/uploads\/2020\/03\/Europlafond-Eurocloison-Benjamin-Brolet-a-propos-1024x576.jpg 1024w, https:\/\/www.europlafond.be\/wp-content\/uploads\/2020\/03\/Europlafond-Eurocloison-Benjamin-Brolet-a-propos-300x169.jpg 300w, https:\/\/www.europlafond.be\/wp-content\/uploads\/2020\/03\/Europlafond-Eurocloison-Benjamin-Brolet-a-propos-768x432.jpg 768w, https:\/\/www.europlafond.be\/wp-content\/uploads\/2020\/03\/Europlafond-Eurocloison-Benjamin-Brolet-a-propos.jpg 1170w\" sizes=\"auto, (max-width: 1024px) 100vw, 1024px\" \/>   <\/div><\/div>[\/vc_column][vc_column column_custom_position=\u00a0\u00bbyes\u00a0\u00bb position_top=\u00a0\u00bbminus-3x\u00a0\u00bb position_left=\u00a0\u00bbminus-1x\u00a0\u00bb width=\u00a0\u00bb1\/3&Prime; tablet_width=\u00a0\u00bb1-2&Prime; tablet_sm_width=\u00a0\u00bb1-2&Prime; tablet_landscape_column_positions=\u00a0\u00bbnone\u00a0\u00bb tablet_portrait_column_positions=\u00a0\u00bbnone\u00a0\u00bb mobile_column_positions=\u00a0\u00bbnone\u00a0\u00bb heading_color=\u00a0\u00bblight\u00a0\u00bb clipping_animation=\u00a0\u00bbcolored-clipping-up\u00a0\u00bb animation_delay=\u00a0\u00bb50&Prime; css=\u00a0\u00bb.vc_custom_1585051184761{padding-top: 15% !important;padding-right: 15% !important;padding-bottom: 15% !important;padding-left: 15% !important;background-color: #e40520 !important;}\u00a0\u00bb font_color=\u00a0\u00bbrgba(255,255,255,0.91)\u00a0\u00bb]<div class=\"grve-element grve-slogan grve-align-left\" style=\"\"><div class=\"grve-subtitle\">La passion est la cl\u00e9<\/div><h1 class=\"grve-slogan-title grve-align-left grve-h1\"><span>40 ans de passion pour la perfection \u00e0 votre service<\/span><\/h1>  <p class=\"\">Europlafond est une entreprise g\u00e9n\u00e9rale reconnue, active sur tout le march\u00e9 belge et les pays limitrophes \u0153uvrant dans le cadre de l\u2019am\u00e9nagement de vos locaux et espaces commerciaux.<\/p><div class=\"grve-btn-wrapper\"><a href=\"\/fr\/contact\/\" class=\"grve-btn grve-btn-medium grve-shadow-medium grve-extra-round grve-bg-white grve-bg-hover-primary-2\"><span>Contactez-nous<\/span><\/a><\/div><\/div>[\/vc_column][vc_column width=\u00a0\u00bb1\/4&Prime; tablet_width=\u00a0\u00bbhide\u00a0\u00bb tablet_sm_width=\u00a0\u00bbhide\u00a0\u00bb mobile_width=\u00a0\u00bbhide\u00a0\u00bb][\/vc_column][vc_column width=\u00a0\u00bb5\/12&Prime; tablet_sm_width=\u00a0\u00bb1-2&Prime;][vc_row_inner][vc_column_inner width=\u00a0\u00bb1\/2&Prime; tablet_sm_width=\u00a0\u00bb1&Prime;]<div class=\"grve-empty-space grve-height-3x\" style=\"\"><\/div><h3 class=\"grve-element grve-title grve-align-left grve-animated-item grve-duration-normal grve-fade-in-up grve-h6\" style=\"\" data-delay=\"100\"><span>Philosophie<\/span><\/h3>[vc_column_text animation=\u00a0\u00bbgrve-fade-in-up\u00a0\u00bb]La philosophie de la soci\u00e9t\u00e9 est bas\u00e9e sur une mani\u00e8re flexible de travailler o\u00f9 l&rsquo;accent est mis sur la qualit\u00e9. Nous vous offrons une \u00e9tude pr\u00e9liminaire et un gestionnaire de projet vous accompagnera tout au long de votre r\u00e9alisation.<br \/>\nLes cloisons EUROCLOISON\u00ae et les syst\u00e8mes de plafonds courants sont livrables de stock. Nous sommes de ce fait \u00e0 m\u00eame de d\u00e9buter un chantier en quelques jours.[\/vc_column_text][\/vc_column_inner][vc_column_inner width=\u00a0\u00bb1\/2&Prime; tablet_sm_width=\u00a0\u00bb1&Prime;]<div class=\"grve-empty-space grve-height-3x\" style=\"\"><\/div><h3 class=\"grve-element grve-title grve-align-left grve-animated-item grve-duration-normal grve-fade-in-up grve-h6\" style=\"\" data-delay=\"300\"><span>Ateliers<\/span><\/h3>[vc_column_text animation=\u00a0\u00bbgrve-fade-in-up\u00a0\u00bb animation_delay=\u00a0\u00bb400&Prime;]Europlafond dispose de ses propres ateliers pour la r\u00e9alisation des menuiseries en bois et en aluminium, ce qui nous permet de respecter les d\u00e9lais.<br \/>\nAinsi, nos gestionnaires assurent la coordination des travaux et la gestion budg\u00e9taire du projet.[\/vc_column_text][\/vc_column_inner][\/vc_row_inner][\/vc_column][\/vc_row][vc_row heading_color=\u00a0\u00bbprimary-1&Prime; bg_type=\u00a0\u00bbcolor\u00a0\u00bb padding_top_multiplier=\u00a0\u00bb4x\u00a0\u00bb padding_bottom_multiplier=\u00a0\u00bb4x\u00a0\u00bb columns_gap=\u00a0\u00bb60&Prime; separator_top=\u00a0\u00bbtilt-right-separator\u00a0\u00bb separator_top_size=\u00a0\u00bb60px\u00a0\u00bb separator_bottom=\u00a0\u00bbtilt-right-separator\u00a0\u00bb separator_bottom_size=\u00a0\u00bb60px\u00a0\u00bb bg_color=\u00a0\u00bb#f7f7f7&Prime;][vc_column width=\u00a0\u00bb2\/3&Prime; tablet_sm_width=\u00a0\u00bb1-2&Prime;]<h3 class=\"grve-element grve-title grve-align-left grve-link-text\" style=\"\"><span><span style=\"color: #000000;\">&#8212; Notre Histoire<\/span><\/span><\/h3><h2 class=\"grve-element grve-title grve-align-left grve-h1\" style=\"\"><span>L&rsquo;histoire d&rsquo;Europlafond a d\u00e9but\u00e9e en 1984.<\/span><\/h2>[vc_column_text]La pose de faux-plafonds et cloisons en plaques de pl\u00e2tre \u00e9tait l&rsquo;activit\u00e9 principale d&rsquo;Europlafond. Au fur et \u00e0 mesure, Europlafond devient une entreprise g\u00e9n\u00e9rale de parach\u00e8vement.[\/vc_column_text]<div class=\"grve-empty-space grve-height-1x\" style=\"\"><\/div><h2 class=\"grve-element grve-title grve-align-left grve-h4\" style=\"\"><span>1998<\/span><\/h2>[vc_column_text]Reprise du syst\u00e8me <a href=\"\/fr\/produits-eurocloison\">EUROCLOISON\u00ae<\/a>. Installation de la fabrication en nos ateliers.[\/vc_column_text]<div class=\"grve-empty-space grve-height-1x\" style=\"\"><\/div><h2 class=\"grve-element grve-title grve-align-left grve-h4\" style=\"\"><span>2013<\/span><\/h2>[vc_column_text]Introduction des cloisons sanitaires <a href=\"\/fr\/produits-eurocloison\/cloisons-sanitaires\">EUROCLOISON-SANI\u00ae<\/a>, des cloisons armoires et des cloisons vitr\u00e9es <a href=\"\/fr\/produits-eurocloison\/cloisons-en-verre\">EUROCLOISON-TRANSPARENCE\u00ae<\/a>. \u00a0Nous disposons donc d\u2019une gamme compl\u00e8te des syst\u00e8mes de cloison en tout genre.[\/vc_column_text]<div class=\"grve-empty-space grve-height-1x\" style=\"\"><\/div><h2 class=\"grve-element grve-title grve-align-left grve-h4\" style=\"\"><span>2017<\/span><\/h2>[vc_column_text]<a href=\"\/fr\/produits-eurocloison\">EUROCLOISON\u00ae<\/a> s&rsquo;int\u00e8gre au sein de la SA Europlafond. De ce fait, l&rsquo;exp\u00e9rience et l&rsquo;expertise au sein des deux soci\u00e9t\u00e9s sont regroup\u00e9es. Nous conservons <a href=\"\/fr\/produits-eurocloison\">\u00abEUROCLOISON\u00ae\u00bb<\/a> en tant que marque d\u00e9pos\u00e9e.[\/vc_column_text]<div class=\"grve-empty-space grve-height-1x\" style=\"\"><\/div><h2 class=\"grve-element grve-title grve-align-left grve-h4\" style=\"\"><span>2019<\/span><\/h2>[vc_column_text]Europlafond f\u00eate ses 35 ans.[\/vc_column_text][\/vc_column][vc_column width=\u00a0\u00bb1\/3&Prime; tablet_sm_width=\u00a0\u00bb1-2&Prime; heading_color=\u00a0\u00bbdark\u00a0\u00bb shadow=\u00a0\u00bbsmall\u00a0\u00bb]<div class=\"grve-element grve-slider grve-layout-1 grve-gallery-popup\"  style=\" \">  <div class=\"grve-carousel-wrapper\"><div class=\"grve-carousel-navigation grve-dark grve-navigation-1 grve-navigation-default\"><div class=\"grve-carousel-buttons\"><div class=\"grve-carousel-prev\"><i class=\"grve-icon-nav-left-small\"><\/i><span class=\"screen-reader-text\">Previous<\/span><\/div><div class=\"grve-carousel-next\"><i class=\"grve-icon-nav-right-small\"><\/i><span class=\"screen-reader-text\">Next<\/span><\/div><\/div><\/div><div class=\"grve-slider-element owl-carousel grve-theme\" data-slider-speed=\"3500\" data-slider-pause=\"no\" data-slider-autoplay=\"yes\" data-slider-loop=\"yes\" data-slider-transition=\"slide\" data-slider-autoheight=\"yes\" data-pagination=\"yes\"><div class=\"grve-slider-item grve-hover-item grve-hover-style-none\">  <figure class=\"grve-image-hover grve-zoom-none\"><div class=\"grve-media\"><img loading=\"lazy\" decoding=\"async\" width=\"900\" height=\"658\" src=\"https:\/\/www.europlafond.be\/wp-content\/uploads\/2020\/03\/maquette-Europlafond-Eurocloison-900x658.jpg\" class=\"attachment-movedo-grve-medium-rect-horizontal size-movedo-grve-medium-rect-horizontal\" alt=\"maquette Europlafond Eurocloison\u00ae\" \/><\/div>  <\/figure><\/div><div class=\"grve-slider-item grve-hover-item grve-hover-style-none\">  <figure class=\"grve-image-hover grve-zoom-none\"><div class=\"grve-media\"><img loading=\"lazy\" decoding=\"async\" width=\"900\" height=\"658\" src=\"https:\/\/www.europlafond.be\/wp-content\/uploads\/2020\/03\/Europlafond-Eurocloison-histoire-900x658.jpg\" class=\"attachment-movedo-grve-medium-rect-horizontal size-movedo-grve-medium-rect-horizontal\" alt=\"Histoire ateliers Europlafond Eurocloison\u00ae\" \/><\/div>  <\/figure><\/div><div class=\"grve-slider-item grve-hover-item grve-hover-style-none\">  <figure class=\"grve-image-hover grve-zoom-none\"><div class=\"grve-media\"><img loading=\"lazy\" decoding=\"async\" width=\"900\" height=\"675\" src=\"https:\/\/www.europlafond.be\/wp-content\/uploads\/2020\/05\/Europlafond-Eurocloison.jpg\" class=\"attachment-movedo-grve-medium-rect-horizontal size-movedo-grve-medium-rect-horizontal\" alt=\"Europlafond Eurocloison bureaux\" srcset=\"https:\/\/www.europlafond.be\/wp-content\/uploads\/2020\/05\/Europlafond-Eurocloison.jpg 900w, https:\/\/www.europlafond.be\/wp-content\/uploads\/2020\/05\/Europlafond-Eurocloison-300x225.jpg 300w, https:\/\/www.europlafond.be\/wp-content\/uploads\/2020\/05\/Europlafond-Eurocloison-768x576.jpg 768w, https:\/\/www.europlafond.be\/wp-content\/uploads\/2020\/05\/Europlafond-Eurocloison-560x420.jpg 560w\" sizes=\"auto, (max-width: 900px) 100vw, 900px\" \/><\/div>  <\/figure><\/div><div class=\"grve-slider-item grve-hover-item grve-hover-style-none\">  <figure class=\"grve-image-hover grve-zoom-none\"><div class=\"grve-media\"><img loading=\"lazy\" decoding=\"async\" width=\"900\" height=\"675\" src=\"https:\/\/www.europlafond.be\/wp-content\/uploads\/2020\/03\/Europlafond-Benjamin-Brolet-services-plages-et-baffles-acoustiques-02.jpg\" class=\"attachment-movedo-grve-medium-rect-horizontal size-movedo-grve-medium-rect-horizontal\" alt=\"plages et baffles acoustiques\" srcset=\"https:\/\/www.europlafond.be\/wp-content\/uploads\/2020\/03\/Europlafond-Benjamin-Brolet-services-plages-et-baffles-acoustiques-02.jpg 900w, https:\/\/www.europlafond.be\/wp-content\/uploads\/2020\/03\/Europlafond-Benjamin-Brolet-services-plages-et-baffles-acoustiques-02-300x225.jpg 300w, https:\/\/www.europlafond.be\/wp-content\/uploads\/2020\/03\/Europlafond-Benjamin-Brolet-services-plages-et-baffles-acoustiques-02-768x576.jpg 768w, https:\/\/www.europlafond.be\/wp-content\/uploads\/2020\/03\/Europlafond-Benjamin-Brolet-services-plages-et-baffles-acoustiques-02-560x420.jpg 560w\" sizes=\"auto, (max-width: 900px) 100vw, 900px\" \/><\/div>  <\/figure><\/div>\t<\/div>  <\/div><\/div>[vc_row_inner][vc_column_inner css=\u00a0\u00bb.vc_custom_1585049712900{padding-top: 30px !important;padding-right: 30px !important;padding-bottom: 30px !important;padding-left: 30px !important;background-color: #ffffff !important;}\u00a0\u00bb]<blockquote class=\"grve-element grve-align-center grve-with-icon\" style=\"\">  <div class=\"grve-quote-icon\">  <i class=\"smp-icon-badge grve-text-primary-1 grve-small\"><\/i>  <\/div><p><strong class=\"grve-text-primary-1\">2021<\/strong> &#8211; Europlafond obtient le renouvellement par la Commission d\u2019agr\u00e9ation des entrepreneurs de son agr\u00e9ation en classe 2 cat\u00e9gorie D sous-cat\u00e9gorie 4.<\/p><\/blockquote><div class=\"grve-element grve-align-center\"><a href=\"https:\/\/economie.fgov.be\/fr\/themes\/entreprises\/secteurs-specifiques\/qualite-dans-la-construction\/agreation-des-entrepreneurs\" target=\"_blank\" rel=\"noopener noreferrer\" class=\"grve-btn grve-btn-small grve-extra-round grve-bg-primary-1 grve-bg-hover-primary-2 grve-btn-line\"><span><i class=\"smp-icon-link\"><\/i>Plus d'information sur le site du SPF Economie, P.M.E., Classes moyennes et Energie.<\/span><\/a><\/div>[\/vc_column_inner][\/vc_row_inner][\/vc_column][\/vc_row][vc_row heading_color=\u00a0\u00bbprimary-1&Prime; padding_top_multiplier=\u00a0\u00bb3x\u00a0\u00bb padding_bottom_multiplier=\u00a0\u00bb2x\u00a0\u00bb][vc_column]<h2 class=\"grve-element grve-title grve-align-center grve-h1\" style=\"\"><span>Comment travaillons-nous?<\/span><\/h2>[\/vc_column][vc_column]<div class=\"grve-empty-space grve-height-3x\" style=\"\"><\/div>[\/vc_column][vc_column width=\u00a0\u00bb1\/3&Prime; heading_color=\u00a0\u00bbdark\u00a0\u00bb]<div class=\"grve-element grve-box-icon grve-small grve-side-icon grve-align-left\" style=\"\"><div class=\"grve-wrapper-icon grve-no-shape\" style=\"\"><i class=\"grve-text-primary-1 smp-icon-calculator\"><\/i><\/div><div class=\"grve-box-content\"><div class=\"grve-box-title-wrapper\"><h3 class=\"grve-box-title grve-h3\">Offres<\/h3><\/div>  <p class=\"\">Nous r\u00e9pertorions toutes les demandes de prix dans notre syst\u00e8me avec un num\u00e9ro de r\u00e9f\u00e9rence, apr\u00e8s une premi\u00e8re \u00e9tude, notre gestionnaire vous contacte pour convenir d\u2019une visite des lieux si n\u00e9cessaire afin de lui permettre d\u2019\u00e9tablir son devis.<\/p><\/div><\/div>[\/vc_column][vc_column width=\u00a0\u00bb1\/3&Prime; heading_color=\u00a0\u00bbdark\u00a0\u00bb]<div class=\"grve-element grve-box-icon grve-small grve-side-icon grve-align-left\" style=\"\"><div class=\"grve-wrapper-icon grve-no-shape\" style=\"\"><i class=\"grve-text-primary-1 smp-icon-calendar\"><\/i><\/div><div class=\"grve-box-content\"><div class=\"grve-box-title-wrapper\"><h3 class=\"grve-box-title grve-h3\">Commandes et mise en \u0153uvre<\/h3><\/div>  <p class=\"\">D\u00e8s r\u00e9ception de votre commande, nous l&rsquo;enregistrons et nous en \u00e9tablissons la confirmation. Apr\u00e8s l\u2019approbation des plans, nous mettons en production la commande dans nos ateliers. Vient ensuite le planning d\u2019ex\u00e9cution \u00e0 convenir. Tout au long du projet, le m\u00eame gestionnaire vous accompagnera et suivra les travaux.<\/p><\/div><\/div>[\/vc_column][vc_column width=\u00a0\u00bb1\/3&Prime; heading_color=\u00a0\u00bbdark\u00a0\u00bb]<div class=\"grve-element grve-box-icon grve-small grve-side-icon grve-align-left\" style=\"\"><div class=\"grve-wrapper-icon grve-no-shape\" style=\"\"><i class=\"grve-text-primary-1 smp-icon-check\"><\/i><\/div><div class=\"grve-box-content\"><div class=\"grve-box-title-wrapper\"><h3 class=\"grve-box-title grve-h3\">R\u00e9ception des travaux<\/h3><\/div>  <p class=\"\">En fin de chantier, nous pr\u00e9sentons un document de bonne r\u00e9ception des travaux ex\u00e9cut\u00e9s pour nous permettre d\u2019\u00e9tablir la facture de cl\u00f4ture. Pour les projets plus cons\u00e9quents, nous \u00e9tablissons des \u00e9tats d\u2019avancement au prorata des travaux en cours. <\/p><\/div><\/div>[\/vc_column][\/vc_row]<\/p>\n<\/div>","protected":false},"excerpt":{"rendered":"<p>[vc_row padding_top_multiplier=\u00a0\u00bb\u00a0\u00bb padding_bottom_multiplier=\u00a0\u00bb3x\u00a0\u00bb][vc_column][\/vc_column][vc_column column_custom_position=\u00a0\u00bbyes\u00a0\u00bb position_top=\u00a0\u00bbminus-3x\u00a0\u00bb position_left=\u00a0\u00bbminus-1x\u00a0\u00bb width=\u00a0\u00bb1\/3&Prime; tablet_width=\u00a0\u00bb1-2&Prime; tablet_sm_width=\u00a0\u00bb1-2&Prime; tablet_landscape_column_positions=\u00a0\u00bbnone\u00a0\u00bb tablet_portrait_column_positions=\u00a0\u00bbnone\u00a0\u00bb mobile_column_positions=\u00a0\u00bbnone\u00a0\u00bb heading_color=\u00a0\u00bblight\u00a0\u00bb clipping_animation=\u00a0\u00bbcolored-clipping-up\u00a0\u00bb animation_delay=\u00a0\u00bb50&Prime; css=\u00a0\u00bb.vc_custom_1585051184761{padding-top: 15% !important;padding-right: 15% !important;padding-bottom: 15% !important;padding-left: 15% !important;background-color: #e40520 !important;}\u00a0\u00bb font_color=\u00a0\u00bbrgba(255,255,255,0.91)\u00a0\u00bb][\/vc_column][vc_column width=\u00a0\u00bb1\/4&Prime; tablet_width=\u00a0\u00bbhide\u00a0\u00bb tablet_sm_width=\u00a0\u00bbhide\u00a0\u00bb mobile_width=\u00a0\u00bbhide\u00a0\u00bb][\/vc_column][vc_column width=\u00a0\u00bb5\/12&Prime; tablet_sm_width=\u00a0\u00bb1-2&Prime;][vc_row_inner][vc_column_inner width=\u00a0\u00bb1\/2&Prime; tablet_sm_width=\u00a0\u00bb1&Prime;][vc_column_text animation=\u00a0\u00bbgrve-fade-in-up\u00a0\u00bb]La philosophie de la soci\u00e9t\u00e9 est bas\u00e9e sur une mani\u00e8re flexible de travailler o\u00f9 l&rsquo;accent est mis sur la qualit\u00e9. [&hellip;]<\/p>\n","protected":false},"author":1,"featured_media":0,"parent":0,"menu_order":0,"comment_status":"closed","ping_status":"closed","template":"","meta":{"footnotes":""},"class_list":["post-51","page","type-page","status-publish","hentry"],"yoast_head":"<!-- This site is optimized with the Yoast SEO plugin v27.2 - https:\/\/yoast.com\/product\/yoast-seo-wordpress\/ -->\n<title>Europlafond SA - Eurocloison\u00ae, votre expert en parach\u00e8vement d&#039;int\u00e9rieur<\/title>\n<meta name=\"description\" content=\"L\u2019histoire d&#039;Europlafond d\u00e9bute en 1984. Active sur tout le march\u00e9 belge et pays limitrophes, cette entreprise \u0153uvre dans le parach\u00e8vement d&#039;int\u00e9rieur.\" \/>\n<meta name=\"robots\" content=\"index, follow, max-snippet:-1, max-image-preview:large, max-video-preview:-1\" \/>\n<link rel=\"canonical\" href=\"https:\/\/www.europlafond.be\/fr\/europlafond-eurocloison\/\" \/>\n<meta property=\"og:locale\" content=\"fr_FR\" \/>\n<meta property=\"og:type\" content=\"article\" \/>\n<meta property=\"og:title\" content=\"Europlafond SA - Eurocloison\u00ae, votre expert en parach\u00e8vement d&#039;int\u00e9rieur\" \/>\n<meta property=\"og:description\" content=\"L\u2019histoire d&#039;Europlafond d\u00e9bute en 1984. Active sur tout le march\u00e9 belge et pays limitrophes, cette entreprise \u0153uvre dans le parach\u00e8vement d&#039;int\u00e9rieur.\" \/>\n<meta property=\"og:url\" content=\"https:\/\/www.europlafond.be\/fr\/europlafond-eurocloison\/\" \/>\n<meta property=\"og:site_name\" content=\"Europlafond sa - Eurocloison\u00ae\" \/>\n<meta property=\"article:modified_time\" content=\"2024-11-16T09:41:26+00:00\" \/>\n<meta name=\"twitter:card\" content=\"summary_large_image\" \/>\n<meta name=\"twitter:label1\" content=\"Dur\u00e9e de lecture estim\u00e9e\" \/>\n\t<meta name=\"twitter:data1\" content=\"4 minutes\" \/>\n<script type=\"application\/ld+json\" class=\"yoast-schema-graph\">{\"@context\":\"https:\/\/schema.org\",\"@graph\":[{\"@type\":\"WebPage\",\"@id\":\"https:\/\/www.europlafond.be\/fr\/europlafond-eurocloison\/\",\"url\":\"https:\/\/www.europlafond.be\/fr\/europlafond-eurocloison\/\",\"name\":\"Europlafond SA - Eurocloison\u00ae, votre expert en parach\u00e8vement d'int\u00e9rieur\",\"isPartOf\":{\"@id\":\"https:\/\/www.europlafond.be\/fr\/#website\"},\"datePublished\":\"2020-02-12T22:01:09+00:00\",\"dateModified\":\"2024-11-16T09:41:26+00:00\",\"description\":\"L\u2019histoire d'Europlafond d\u00e9bute en 1984. Active sur tout le march\u00e9 belge et pays limitrophes, cette entreprise \u0153uvre dans le parach\u00e8vement d'int\u00e9rieur.\",\"breadcrumb\":{\"@id\":\"https:\/\/www.europlafond.be\/fr\/europlafond-eurocloison\/#breadcrumb\"},\"inLanguage\":\"fr-FR\",\"potentialAction\":[{\"@type\":\"ReadAction\",\"target\":[\"https:\/\/www.europlafond.be\/fr\/europlafond-eurocloison\/\"]}]},{\"@type\":\"BreadcrumbList\",\"@id\":\"https:\/\/www.europlafond.be\/fr\/europlafond-eurocloison\/#breadcrumb\",\"itemListElement\":[{\"@type\":\"ListItem\",\"position\":1,\"name\":\"Accueil\",\"item\":\"https:\/\/www.europlafond.be\/fr\/\"},{\"@type\":\"ListItem\",\"position\":2,\"name\":\"Europlafond SA &#8211; Eurocloison\u00ae\"}]},{\"@type\":\"WebSite\",\"@id\":\"https:\/\/www.europlafond.be\/fr\/#website\",\"url\":\"https:\/\/www.europlafond.be\/fr\/\",\"name\":\"Europlafond sa - Eurocloison\u00ae\",\"description\":\"Expert dans le parach\u00e8vement d&#039;int\u00e9rieur\",\"publisher\":{\"@id\":\"https:\/\/www.europlafond.be\/fr\/#organization\"},\"potentialAction\":[{\"@type\":\"SearchAction\",\"target\":{\"@type\":\"EntryPoint\",\"urlTemplate\":\"https:\/\/www.europlafond.be\/fr\/?s={search_term_string}\"},\"query-input\":{\"@type\":\"PropertyValueSpecification\",\"valueRequired\":true,\"valueName\":\"search_term_string\"}}],\"inLanguage\":\"fr-FR\"},{\"@type\":\"Organization\",\"@id\":\"https:\/\/www.europlafond.be\/fr\/#organization\",\"name\":\"Europlafond sa\/nv Eurocloison\u00ae\",\"url\":\"https:\/\/www.europlafond.be\/fr\/\",\"logo\":{\"@type\":\"ImageObject\",\"inLanguage\":\"fr-FR\",\"@id\":\"https:\/\/www.europlafond.be\/fr\/#\/schema\/logo\/image\/\",\"url\":\"https:\/\/www.europlafond.be\/wp-content\/uploads\/2020\/05\/Europlafond-eurocloison-logo.jpg\",\"contentUrl\":\"https:\/\/www.europlafond.be\/wp-content\/uploads\/2020\/05\/Europlafond-eurocloison-logo.jpg\",\"width\":512,\"height\":512,\"caption\":\"Europlafond sa\/nv Eurocloison\u00ae\"},\"image\":{\"@id\":\"https:\/\/www.europlafond.be\/fr\/#\/schema\/logo\/image\/\"},\"sameAs\":[\"https:\/\/www.youtube.com\/channel\/UCWY_UeBLSXRoLwXINEY1EWQ\"]}]}<\/script>\n<!-- \/ Yoast SEO plugin. -->","yoast_head_json":{"title":"Europlafond SA - Eurocloison\u00ae, votre expert en parach\u00e8vement d'int\u00e9rieur","description":"L\u2019histoire d'Europlafond d\u00e9bute en 1984. Active sur tout le march\u00e9 belge et pays limitrophes, cette entreprise \u0153uvre dans le parach\u00e8vement d'int\u00e9rieur.","robots":{"index":"index","follow":"follow","max-snippet":"max-snippet:-1","max-image-preview":"max-image-preview:large","max-video-preview":"max-video-preview:-1"},"canonical":"https:\/\/www.europlafond.be\/fr\/europlafond-eurocloison\/","og_locale":"fr_FR","og_type":"article","og_title":"Europlafond SA - Eurocloison\u00ae, votre expert en parach\u00e8vement d'int\u00e9rieur","og_description":"L\u2019histoire d'Europlafond d\u00e9bute en 1984. Active sur tout le march\u00e9 belge et pays limitrophes, cette entreprise \u0153uvre dans le parach\u00e8vement d'int\u00e9rieur.","og_url":"https:\/\/www.europlafond.be\/fr\/europlafond-eurocloison\/","og_site_name":"Europlafond sa - Eurocloison\u00ae","article_modified_time":"2024-11-16T09:41:26+00:00","twitter_card":"summary_large_image","twitter_misc":{"Dur\u00e9e de lecture estim\u00e9e":"4 minutes"},"schema":{"@context":"https:\/\/schema.org","@graph":[{"@type":"WebPage","@id":"https:\/\/www.europlafond.be\/fr\/europlafond-eurocloison\/","url":"https:\/\/www.europlafond.be\/fr\/europlafond-eurocloison\/","name":"Europlafond SA - Eurocloison\u00ae, votre expert en parach\u00e8vement d'int\u00e9rieur","isPartOf":{"@id":"https:\/\/www.europlafond.be\/fr\/#website"},"datePublished":"2020-02-12T22:01:09+00:00","dateModified":"2024-11-16T09:41:26+00:00","description":"L\u2019histoire d'Europlafond d\u00e9bute en 1984. Active sur tout le march\u00e9 belge et pays limitrophes, cette entreprise \u0153uvre dans le parach\u00e8vement d'int\u00e9rieur.","breadcrumb":{"@id":"https:\/\/www.europlafond.be\/fr\/europlafond-eurocloison\/#breadcrumb"},"inLanguage":"fr-FR","potentialAction":[{"@type":"ReadAction","target":["https:\/\/www.europlafond.be\/fr\/europlafond-eurocloison\/"]}]},{"@type":"BreadcrumbList","@id":"https:\/\/www.europlafond.be\/fr\/europlafond-eurocloison\/#breadcrumb","itemListElement":[{"@type":"ListItem","position":1,"name":"Accueil","item":"https:\/\/www.europlafond.be\/fr\/"},{"@type":"ListItem","position":2,"name":"Europlafond SA &#8211; Eurocloison\u00ae"}]},{"@type":"WebSite","@id":"https:\/\/www.europlafond.be\/fr\/#website","url":"https:\/\/www.europlafond.be\/fr\/","name":"Europlafond sa - Eurocloison\u00ae","description":"Expert dans le parach\u00e8vement d&#039;int\u00e9rieur","publisher":{"@id":"https:\/\/www.europlafond.be\/fr\/#organization"},"potentialAction":[{"@type":"SearchAction","target":{"@type":"EntryPoint","urlTemplate":"https:\/\/www.europlafond.be\/fr\/?s={search_term_string}"},"query-input":{"@type":"PropertyValueSpecification","valueRequired":true,"valueName":"search_term_string"}}],"inLanguage":"fr-FR"},{"@type":"Organization","@id":"https:\/\/www.europlafond.be\/fr\/#organization","name":"Europlafond sa\/nv Eurocloison\u00ae","url":"https:\/\/www.europlafond.be\/fr\/","logo":{"@type":"ImageObject","inLanguage":"fr-FR","@id":"https:\/\/www.europlafond.be\/fr\/#\/schema\/logo\/image\/","url":"https:\/\/www.europlafond.be\/wp-content\/uploads\/2020\/05\/Europlafond-eurocloison-logo.jpg","contentUrl":"https:\/\/www.europlafond.be\/wp-content\/uploads\/2020\/05\/Europlafond-eurocloison-logo.jpg","width":512,"height":512,"caption":"Europlafond sa\/nv Eurocloison\u00ae"},"image":{"@id":"https:\/\/www.europlafond.be\/fr\/#\/schema\/logo\/image\/"},"sameAs":["https:\/\/www.youtube.com\/channel\/UCWY_UeBLSXRoLwXINEY1EWQ"]}]}},"_links":{"self":[{"href":"https:\/\/www.europlafond.be\/fr\/wp-json\/wp\/v2\/pages\/51","targetHints":{"allow":["GET"]}}],"collection":[{"href":"https:\/\/www.europlafond.be\/fr\/wp-json\/wp\/v2\/pages"}],"about":[{"href":"https:\/\/www.europlafond.be\/fr\/wp-json\/wp\/v2\/types\/page"}],"author":[{"embeddable":true,"href":"https:\/\/www.europlafond.be\/fr\/wp-json\/wp\/v2\/users\/1"}],"replies":[{"embeddable":true,"href":"https:\/\/www.europlafond.be\/fr\/wp-json\/wp\/v2\/comments?post=51"}],"version-history":[{"count":5,"href":"https:\/\/www.europlafond.be\/fr\/wp-json\/wp\/v2\/pages\/51\/revisions"}],"predecessor-version":[{"id":10669,"href":"https:\/\/www.europlafond.be\/fr\/wp-json\/wp\/v2\/pages\/51\/revisions\/10669"}],"wp:attachment":[{"href":"https:\/\/www.europlafond.be\/fr\/wp-json\/wp\/v2\/media?parent=51"}],"curies":[{"name":"wp","href":"https:\/\/api.w.org\/{rel}","templated":true}]}}