{"id":53,"date":"2020-02-12T23:01:26","date_gmt":"2020-02-12T22:01:26","guid":{"rendered":"https:\/\/europlafond.uni-vert.be\/?page_id=53"},"modified":"2020-05-20T23:47:30","modified_gmt":"2020-05-20T21:47:30","slug":"services","status":"publish","type":"page","link":"https:\/\/www.europlafond.be\/fr\/services\/","title":{"rendered":"Services d&rsquo;am\u00e9nagement \u00e0 Bruxelles"},"content":{"rendered":"<div class=\"wpb-content-wrapper\"><p>[vc_row padding_top_multiplier=\u00a0\u00bb3x\u00a0\u00bb padding_bottom_multiplier=\u00a0\u00bb2x\u00a0\u00bb][vc_column text_align=\u00a0\u00bbcenter\u00a0\u00bb]<h1 class=\"grve-element grve-title grve-align-center grve-h1\" style=\"\"><span>Nos services d&rsquo;am\u00e9nagement et r\u00e9novation<span class=\"grve-title-line grve-bg-primary-1\" style=\"width: 50px;height: 2px;\"><\/span><\/span><\/h1>[vc_column_text text_style=\u00a0\u00bbleader-text\u00a0\u00bb]Europlafond est sp\u00e9cialiste du parach\u00e8vement et de l\u2019am\u00e9nagement d\u2019int\u00e9rieur. Nous offrons ainsi un large panel de services \u00e0 nos clients afin de leur garantir une r\u00e9alisation digne de leurs attentes. Nos domaines d\u2019activit\u00e9 sont complets. Faux-plafonds, cloisons, menuiserie d\u2019int\u00e9rieur et bien plus ! Nous vous \u00e9quipons aussi en \u00e9lectricit\u00e9, data, contr\u00f4le d\u2019acc\u00e8s, alarme, d\u00e9tection incendie, signalisation, HVAC, plomberie, ch\u00e2ssis, peinture, rev\u00eatement de sol, carrelage, stores, mobilier \u00e0 fa\u00e7on, \u00e9quipements divers. Nos experts analyseront votre demande et vous reviendront avec des solutions adapt\u00e9es \u00e0 vos besoins. Entre un accompagnement total ou une prise en charge cibl\u00e9e, faites-nous confiance pour votre projet ! D\u00e9couvrez ainsi l\u2019ensemble de notre savoir-faire ![\/vc_column_text][\/vc_column][\/vc_row][vc_row padding_top_multiplier=\u00a0\u00bb\u00a0\u00bb padding_bottom_multiplier=\u00a0\u00bb3x\u00a0\u00bb equal_column_height=\u00a0\u00bbequal-column\u00a0\u00bb mobile_equal_column_height=\u00a0\u00bbfalse\u00a0\u00bb][vc_column width=\u00a0\u00bb1\/3&Prime; heading_color=\u00a0\u00bbprimary-1&Prime; text_align=\u00a0\u00bbcenter\u00a0\u00bb shadow=\u00a0\u00bbsmall\u00a0\u00bb css=\u00a0\u00bb.vc_custom_1584990515083{background-color: #ffffff !important;}\u00a0\u00bb]<div class=\"grve-element grve-image grve-align-center grve-full-image grve-image-space-100\" style=\"\">  <div class=\"grve-image-wrapper\"><a href=\"\/fr\/services\/parachevement\/\"><img loading=\"lazy\" decoding=\"async\" width=\"560\" height=\"420\" src=\"https:\/\/www.europlafond.be\/wp-content\/uploads\/2020\/03\/Europlafond-Eurocloison-benjamin-brolet-parachevement-560x420.jpg\" class=\"attachment-movedo-grve-small-rect-horizontal size-movedo-grve-small-rect-horizontal\" alt=\"Parach\u00e8vement Europlafond Eurocloison\" \/><\/a>   <\/div><\/div>[vc_row_inner css=\u00a0\u00bb.vc_custom_1584990657634{padding-top: 50px !important;padding-right: 30px !important;padding-bottom: 50px !important;padding-left: 30px !important;}\u00a0\u00bb][vc_column_inner]<h2 class=\"grve-element grve-title grve-align-center grve-h4\" style=\"\"><span>Parach\u00e8vement<\/span><\/h2>[vc_column_text]Europlafond vous offre un service complet. Votre projet d&rsquo;am\u00e9nagement m\u00e9rite un parach\u00e8vement d\u2019int\u00e9rieur total. Du sol au plafond, nous r\u00e9alisons les travaux n\u00e9cessaires pour un r\u00e9sultat optimal. D\u00e9couvrez ce service tout-en-un sur-mesure et ce qu&rsquo;il a \u00e0 vous offrir ![\/vc_column_text]<div class=\"grve-empty-space grve-height-1x\" style=\"\"><\/div><div class=\"grve-element grve-align-center\"><a href=\"\/fr\/services\/parachevement\/\" class=\"grve-btn grve-btn-small grve-extra-round grve-bg-primary-1 grve-bg-hover-primary-2 grve-btn-line\"><span><i class=\"smp-icon-magnifier-add\"><\/i>D\u00e9couvrir ce service<\/span><\/a><\/div>[\/vc_column_inner][\/vc_row_inner][\/vc_column][vc_column width=\u00a0\u00bb1\/3&Prime; heading_color=\u00a0\u00bbprimary-1&Prime; text_align=\u00a0\u00bbcenter\u00a0\u00bb shadow=\u00a0\u00bbsmall\u00a0\u00bb css=\u00a0\u00bb.vc_custom_1584990800455{background-color: #ffffff !important;}\u00a0\u00bb]<div class=\"grve-element grve-image grve-align-center grve-full-image grve-image-space-100\" style=\"\">  <div class=\"grve-image-wrapper\"><a href=\"\/fr\/services\/cloisons\/\"><img loading=\"lazy\" decoding=\"async\" width=\"560\" height=\"420\" src=\"https:\/\/www.europlafond.be\/wp-content\/uploads\/2020\/03\/Europlafond-Eurocloison-Benjamin-Brolet-cloisons-560x420.jpg\" class=\"attachment-movedo-grve-small-rect-horizontal size-movedo-grve-small-rect-horizontal\" alt=\"Cloisons Europlafond Eurocloison\" \/><\/a>   <\/div><\/div>[vc_row_inner css=\u00a0\u00bb.vc_custom_1584990657634{padding-top: 50px !important;padding-right: 30px !important;padding-bottom: 50px !important;padding-left: 30px !important;}\u00a0\u00bb][vc_column_inner]<h2 class=\"grve-element grve-title grve-align-center grve-h4\" style=\"\"><span>Cloisons<\/span><\/h2>[vc_column_text]Gr\u00e2ce \u00e0 notre large gamme de cloisons, vous trouverez une cloison adapt\u00e9e \u00e0 vos besoins. Elle correspondra \u00e0 vos aspirations et r\u00e9pondra aux exigences sp\u00e9cifiques du projet.[\/vc_column_text]<div class=\"grve-empty-space grve-height-1x\" style=\"\"><\/div><div class=\"grve-element grve-align-center\"><a href=\"\/fr\/services\/cloisons\/\" class=\"grve-btn grve-btn-small grve-extra-round grve-bg-primary-1 grve-bg-hover-primary-2 grve-btn-line\"><span><i class=\"smp-icon-magnifier-add\"><\/i>D\u00e9couvrir ce service<\/span><\/a><\/div>[\/vc_column_inner][\/vc_row_inner][\/vc_column][vc_column width=\u00a0\u00bb1\/3&Prime; heading_color=\u00a0\u00bbprimary-1&Prime; text_align=\u00a0\u00bbcenter\u00a0\u00bb shadow=\u00a0\u00bbsmall\u00a0\u00bb css=\u00a0\u00bb.vc_custom_1584990852069{background-color: #ffffff !important;}\u00a0\u00bb]<div class=\"grve-element grve-image grve-align-center grve-full-image grve-image-space-100\" style=\"\">  <div class=\"grve-image-wrapper\"><a href=\"\/fr\/services\/portes\/\"><img loading=\"lazy\" decoding=\"async\" width=\"560\" height=\"420\" src=\"https:\/\/www.europlafond.be\/wp-content\/uploads\/2020\/03\/Europlafond-Eurocloison-Benjamin-Brolet-Portes-560x420.jpg\" class=\"attachment-movedo-grve-small-rect-horizontal size-movedo-grve-small-rect-horizontal\" alt=\"Portes Europlafond Eurocloison\u00ae\" \/><\/a>   <\/div><\/div>[vc_row_inner css=\u00a0\u00bb.vc_custom_1584990657634{padding-top: 50px !important;padding-right: 30px !important;padding-bottom: 50px !important;padding-left: 30px !important;}\u00a0\u00bb][vc_column_inner]<h2 class=\"grve-element grve-title grve-align-center grve-h4\" style=\"\"><span>Portes<\/span><\/h2>[vc_column_text]Europlafond est sp\u00e9cialis\u00e9 dans la fourniture et l\u2019installation de portes vitr\u00e9es avec ou sans cadre, mais aussi de portes pleines \u00e0 peindre ou stratifi\u00e9es et de portes r\u00e9sistant au feu. Nous livrons des portes int\u00e9rieures de haute qualit\u00e9 au meilleur prix gr\u00e2ce \u00e0 nos commandes en direct en grande quantit\u00e9.[\/vc_column_text]<div class=\"grve-empty-space grve-height-1x\" style=\"\"><\/div><div class=\"grve-element grve-align-center\"><a href=\"\/fr\/services\/portes\/\" class=\"grve-btn grve-btn-small grve-extra-round grve-bg-primary-1 grve-bg-hover-primary-2 grve-btn-line\"><span><i class=\"smp-icon-magnifier-add\"><\/i>D\u00e9couvrir ce service<\/span><\/a><\/div>[\/vc_column_inner][\/vc_row_inner][\/vc_column][\/vc_row][vc_row padding_top_multiplier=\u00a0\u00bb\u00a0\u00bb padding_bottom_multiplier=\u00a0\u00bb4x\u00a0\u00bb equal_column_height=\u00a0\u00bbequal-column\u00a0\u00bb mobile_equal_column_height=\u00a0\u00bbfalse\u00a0\u00bb][vc_column width=\u00a0\u00bb1\/6&Prime; tablet_sm_width=\u00a0\u00bbhide\u00a0\u00bb heading_color=\u00a0\u00bbprimary-1&Prime; text_align=\u00a0\u00bbcenter\u00a0\u00bb][\/vc_column][vc_column width=\u00a0\u00bb1\/3&Prime; tablet_sm_width=\u00a0\u00bb1-2&Prime; heading_color=\u00a0\u00bbprimary-1&Prime; text_align=\u00a0\u00bbcenter\u00a0\u00bb shadow=\u00a0\u00bbsmall\u00a0\u00bb css=\u00a0\u00bb.vc_custom_1588246326714{background-color: #ffffff !important;}\u00a0\u00bb]<div class=\"grve-element grve-image grve-align-center grve-full-image grve-image-space-100\" style=\"\">  <div class=\"grve-image-wrapper\"><a href=\"\/fr\/services\/plafonds\/\"><img loading=\"lazy\" decoding=\"async\" width=\"560\" height=\"420\" src=\"https:\/\/www.europlafond.be\/wp-content\/uploads\/2020\/03\/Europlafond-Eurocloison-Benjamin-Brolet-Plafonds-560x420.jpg\" class=\"attachment-movedo-grve-small-rect-horizontal size-movedo-grve-small-rect-horizontal\" alt=\"Plafonds Europlafond Eurocloison\" \/><\/a>   <\/div><\/div>[vc_row_inner css=\u00a0\u00bb.vc_custom_1584990657634{padding-top: 50px !important;padding-right: 30px !important;padding-bottom: 50px !important;padding-left: 30px !important;}\u00a0\u00bb][vc_column_inner]<h2 class=\"grve-element grve-title grve-align-center grve-h4\" style=\"\"><span>Plafonds<\/span><\/h2>[vc_column_text]Pose de faux-plafonds en dalles de fibres min\u00e9rales, plaques de pl\u00e2tre, en panneaux ou bacs m\u00e9talliques, baffles ou plages acoustiques. Nous r\u00e9alisons ce travail sur base de vos besoins acoustiques et esth\u00e9tiques en tenant compte de votre budget.[\/vc_column_text]<div class=\"grve-empty-space grve-height-1x\" style=\"\"><\/div><div class=\"grve-element grve-align-center\"><a href=\"\/fr\/services\/plafonds\/\" class=\"grve-btn grve-btn-small grve-extra-round grve-bg-primary-1 grve-bg-hover-primary-2 grve-btn-line\"><span><i class=\"smp-icon-magnifier-add\"><\/i>D\u00e9couvrir ce service<\/span><\/a><\/div>[\/vc_column_inner][\/vc_row_inner][\/vc_column][vc_column width=\u00a0\u00bb1\/3&Prime; tablet_sm_width=\u00a0\u00bb1-2&Prime; heading_color=\u00a0\u00bbprimary-1&Prime; text_align=\u00a0\u00bbcenter\u00a0\u00bb shadow=\u00a0\u00bbsmall\u00a0\u00bb css=\u00a0\u00bb.vc_custom_1588246332801{background-color: #ffffff !important;}\u00a0\u00bb]<div class=\"grve-element grve-image grve-align-center grve-full-image grve-image-space-100\" style=\"\">  <div class=\"grve-image-wrapper\"><a href=\"\/fr\/services\/mobilier\/\"><img loading=\"lazy\" decoding=\"async\" width=\"560\" height=\"420\" src=\"https:\/\/www.europlafond.be\/wp-content\/uploads\/2020\/03\/Europlafond-Eurocloison-benjamin-brolet-mobilier-560x420.jpg\" class=\"attachment-movedo-grve-small-rect-horizontal size-movedo-grve-small-rect-horizontal\" alt=\"Mobilier Europlafond Eurocloison\" \/><\/a>   <\/div><\/div>[vc_row_inner css=\u00a0\u00bb.vc_custom_1584990657634{padding-top: 50px !important;padding-right: 30px !important;padding-bottom: 50px !important;padding-left: 30px !important;}\u00a0\u00bb][vc_column_inner]<h2 class=\"grve-element grve-title grve-align-center grve-h4\" style=\"\"><span>Mobilier<\/span><\/h2>[vc_column_text]Europlafond vous aide \u00e0 am\u00e9nager votre espace professionnel avec du mobilier de bureau standard. Si\u00e8ges, armoires, bureaux, salles de r\u00e9union mais \u00e9galement des menuiseries \u00e0 fa\u00e7on adapt\u00e9es \u00e0 vos besoins sp\u00e9cifiques.[\/vc_column_text]<div class=\"grve-empty-space grve-height-1x\" style=\"\"><\/div><div class=\"grve-element grve-align-center\"><a href=\"\/fr\/services\/mobilier\/\" class=\"grve-btn grve-btn-small grve-extra-round grve-bg-primary-1 grve-bg-hover-primary-2 grve-btn-line\"><span><i class=\"smp-icon-magnifier-add\"><\/i>D\u00e9couvrir ce service<\/span><\/a><\/div>[\/vc_column_inner][\/vc_row_inner][\/vc_column][vc_column width=\u00a0\u00bb1\/6&Prime; tablet_sm_width=\u00a0\u00bbhide\u00a0\u00bb][\/vc_column][\/vc_row][vc_row heading_color=\u00a0\u00bblight\u00a0\u00bb bg_type=\u00a0\u00bbcolor\u00a0\u00bb padding_top_multiplier=\u00a0\u00bb2x\u00a0\u00bb padding_bottom_multiplier=\u00a0\u00bb2x\u00a0\u00bb separator_top_size=\u00a0\u00bb60px\u00a0\u00bb separator_top_color=\u00a0\u00bb#f7f7f7&Prime; bg_color=\u00a0\u00bb#e40520&Prime; font_color=\u00a0\u00bb#ffffff\u00a0\u00bb][vc_column]<div class=\"grve-element grve-callout grve-btn-right\" style=\"\">  <div class=\"grve-callout-wrapper\"><h2 class=\"grve-callout-content grve-h2\">Contactez-nous<\/h2>    <p class=\"grve-leader-text\">Vous souhaitez des renseignements compl\u00e9mentaires ? Contactez-nous sans plus attendre.<\/p>  <\/div>  <div class=\"grve-button-wrapper\"><a href=\"\/fr\/contact\/\" class=\"grve-btn grve-btn-medium grve-extra-round grve-bg-white grve-bg-hover-black\"><span>Je n'h\u00e9site plus<\/span><\/a>  <\/div><\/div>[\/vc_column][\/vc_row]<\/p>\n<\/div>","protected":false},"excerpt":{"rendered":"<p>[vc_row padding_top_multiplier=\u00a0\u00bb3x\u00a0\u00bb padding_bottom_multiplier=\u00a0\u00bb2x\u00a0\u00bb][vc_column text_align=\u00a0\u00bbcenter\u00a0\u00bb][vc_column_text text_style=\u00a0\u00bbleader-text\u00a0\u00bb]Europlafond est sp\u00e9cialiste du parach\u00e8vement et de l\u2019am\u00e9nagement d\u2019int\u00e9rieur. Nous offrons ainsi un large panel de services \u00e0 nos clients afin de leur garantir une r\u00e9alisation digne de leurs attentes. Nos domaines d\u2019activit\u00e9 sont complets. Faux-plafonds, cloisons, menuiserie d\u2019int\u00e9rieur et bien plus ! Nous vous \u00e9quipons aussi en \u00e9lectricit\u00e9, data, contr\u00f4le [&hellip;]<\/p>\n","protected":false},"author":1,"featured_media":0,"parent":0,"menu_order":0,"comment_status":"closed","ping_status":"closed","template":"","meta":{"footnotes":""},"class_list":["post-53","page","type-page","status-publish","hentry"],"yoast_head":"<!-- This site is optimized with the Yoast SEO plugin v27.2 - https:\/\/yoast.com\/product\/yoast-seo-wordpress\/ -->\n<title>Services d&#039;am\u00e9nagement \u00e0 Bruxelles &#8211; Europlafond sa - Eurocloison\u00ae<\/title>\n<meta name=\"description\" content=\"Europlafond, sp\u00e9cialiste du parach\u00e8vement d\u2019int\u00e9rieur, offre un large panel de services d&#039;am\u00e9nagement \u00e0 ses clients \u00e0 Bruxelles ou dans toute la Belgique.\" \/>\n<meta name=\"robots\" content=\"index, follow, max-snippet:-1, max-image-preview:large, max-video-preview:-1\" \/>\n<link rel=\"canonical\" href=\"https:\/\/www.europlafond.be\/fr\/services\/\" \/>\n<meta property=\"og:locale\" content=\"fr_FR\" \/>\n<meta property=\"og:type\" content=\"article\" \/>\n<meta property=\"og:title\" content=\"Services d&#039;am\u00e9nagement \u00e0 Bruxelles &#8211; Europlafond sa - Eurocloison\u00ae\" \/>\n<meta property=\"og:description\" content=\"Europlafond, sp\u00e9cialiste du parach\u00e8vement d\u2019int\u00e9rieur, offre un large panel de services d&#039;am\u00e9nagement \u00e0 ses clients \u00e0 Bruxelles ou dans toute la Belgique.\" \/>\n<meta property=\"og:url\" content=\"https:\/\/www.europlafond.be\/fr\/services\/\" \/>\n<meta property=\"og:site_name\" content=\"Europlafond sa - Eurocloison\u00ae\" \/>\n<meta property=\"article:modified_time\" content=\"2020-05-20T21:47:30+00:00\" \/>\n<meta name=\"twitter:card\" content=\"summary_large_image\" \/>\n<meta name=\"twitter:label1\" content=\"Dur\u00e9e de lecture estim\u00e9e\" \/>\n\t<meta name=\"twitter:data1\" content=\"6 minutes\" \/>\n<script type=\"application\/ld+json\" class=\"yoast-schema-graph\">{\"@context\":\"https:\/\/schema.org\",\"@graph\":[{\"@type\":\"WebPage\",\"@id\":\"https:\/\/www.europlafond.be\/fr\/services\/\",\"url\":\"https:\/\/www.europlafond.be\/fr\/services\/\",\"name\":\"Services d'am\u00e9nagement \u00e0 Bruxelles &#8211; Europlafond sa - Eurocloison\u00ae\",\"isPartOf\":{\"@id\":\"https:\/\/www.europlafond.be\/fr\/#website\"},\"datePublished\":\"2020-02-12T22:01:26+00:00\",\"dateModified\":\"2020-05-20T21:47:30+00:00\",\"description\":\"Europlafond, sp\u00e9cialiste du parach\u00e8vement d\u2019int\u00e9rieur, offre un large panel de services d'am\u00e9nagement \u00e0 ses clients \u00e0 Bruxelles ou dans toute la Belgique.\",\"breadcrumb\":{\"@id\":\"https:\/\/www.europlafond.be\/fr\/services\/#breadcrumb\"},\"inLanguage\":\"fr-FR\",\"potentialAction\":[{\"@type\":\"ReadAction\",\"target\":[\"https:\/\/www.europlafond.be\/fr\/services\/\"]}]},{\"@type\":\"BreadcrumbList\",\"@id\":\"https:\/\/www.europlafond.be\/fr\/services\/#breadcrumb\",\"itemListElement\":[{\"@type\":\"ListItem\",\"position\":1,\"name\":\"Accueil\",\"item\":\"https:\/\/www.europlafond.be\/fr\/\"},{\"@type\":\"ListItem\",\"position\":2,\"name\":\"Services d&rsquo;am\u00e9nagement \u00e0 Bruxelles\"}]},{\"@type\":\"WebSite\",\"@id\":\"https:\/\/www.europlafond.be\/fr\/#website\",\"url\":\"https:\/\/www.europlafond.be\/fr\/\",\"name\":\"Europlafond sa - Eurocloison\u00ae\",\"description\":\"Expert dans le parach\u00e8vement d&#039;int\u00e9rieur\",\"publisher\":{\"@id\":\"https:\/\/www.europlafond.be\/fr\/#organization\"},\"potentialAction\":[{\"@type\":\"SearchAction\",\"target\":{\"@type\":\"EntryPoint\",\"urlTemplate\":\"https:\/\/www.europlafond.be\/fr\/?s={search_term_string}\"},\"query-input\":{\"@type\":\"PropertyValueSpecification\",\"valueRequired\":true,\"valueName\":\"search_term_string\"}}],\"inLanguage\":\"fr-FR\"},{\"@type\":\"Organization\",\"@id\":\"https:\/\/www.europlafond.be\/fr\/#organization\",\"name\":\"Europlafond sa\/nv Eurocloison\u00ae\",\"url\":\"https:\/\/www.europlafond.be\/fr\/\",\"logo\":{\"@type\":\"ImageObject\",\"inLanguage\":\"fr-FR\",\"@id\":\"https:\/\/www.europlafond.be\/fr\/#\/schema\/logo\/image\/\",\"url\":\"https:\/\/www.europlafond.be\/wp-content\/uploads\/2020\/05\/Europlafond-eurocloison-logo.jpg\",\"contentUrl\":\"https:\/\/www.europlafond.be\/wp-content\/uploads\/2020\/05\/Europlafond-eurocloison-logo.jpg\",\"width\":512,\"height\":512,\"caption\":\"Europlafond sa\/nv Eurocloison\u00ae\"},\"image\":{\"@id\":\"https:\/\/www.europlafond.be\/fr\/#\/schema\/logo\/image\/\"},\"sameAs\":[\"https:\/\/www.youtube.com\/channel\/UCWY_UeBLSXRoLwXINEY1EWQ\"]}]}<\/script>\n<!-- \/ Yoast SEO plugin. -->","yoast_head_json":{"title":"Services d'am\u00e9nagement \u00e0 Bruxelles &#8211; Europlafond sa - Eurocloison\u00ae","description":"Europlafond, sp\u00e9cialiste du parach\u00e8vement d\u2019int\u00e9rieur, offre un large panel de services d'am\u00e9nagement \u00e0 ses clients \u00e0 Bruxelles ou dans toute la Belgique.","robots":{"index":"index","follow":"follow","max-snippet":"max-snippet:-1","max-image-preview":"max-image-preview:large","max-video-preview":"max-video-preview:-1"},"canonical":"https:\/\/www.europlafond.be\/fr\/services\/","og_locale":"fr_FR","og_type":"article","og_title":"Services d'am\u00e9nagement \u00e0 Bruxelles &#8211; Europlafond sa - Eurocloison\u00ae","og_description":"Europlafond, sp\u00e9cialiste du parach\u00e8vement d\u2019int\u00e9rieur, offre un large panel de services d'am\u00e9nagement \u00e0 ses clients \u00e0 Bruxelles ou dans toute la Belgique.","og_url":"https:\/\/www.europlafond.be\/fr\/services\/","og_site_name":"Europlafond sa - Eurocloison\u00ae","article_modified_time":"2020-05-20T21:47:30+00:00","twitter_card":"summary_large_image","twitter_misc":{"Dur\u00e9e de lecture estim\u00e9e":"6 minutes"},"schema":{"@context":"https:\/\/schema.org","@graph":[{"@type":"WebPage","@id":"https:\/\/www.europlafond.be\/fr\/services\/","url":"https:\/\/www.europlafond.be\/fr\/services\/","name":"Services d'am\u00e9nagement \u00e0 Bruxelles &#8211; Europlafond sa - Eurocloison\u00ae","isPartOf":{"@id":"https:\/\/www.europlafond.be\/fr\/#website"},"datePublished":"2020-02-12T22:01:26+00:00","dateModified":"2020-05-20T21:47:30+00:00","description":"Europlafond, sp\u00e9cialiste du parach\u00e8vement d\u2019int\u00e9rieur, offre un large panel de services d'am\u00e9nagement \u00e0 ses clients \u00e0 Bruxelles ou dans toute la Belgique.","breadcrumb":{"@id":"https:\/\/www.europlafond.be\/fr\/services\/#breadcrumb"},"inLanguage":"fr-FR","potentialAction":[{"@type":"ReadAction","target":["https:\/\/www.europlafond.be\/fr\/services\/"]}]},{"@type":"BreadcrumbList","@id":"https:\/\/www.europlafond.be\/fr\/services\/#breadcrumb","itemListElement":[{"@type":"ListItem","position":1,"name":"Accueil","item":"https:\/\/www.europlafond.be\/fr\/"},{"@type":"ListItem","position":2,"name":"Services d&rsquo;am\u00e9nagement \u00e0 Bruxelles"}]},{"@type":"WebSite","@id":"https:\/\/www.europlafond.be\/fr\/#website","url":"https:\/\/www.europlafond.be\/fr\/","name":"Europlafond sa - Eurocloison\u00ae","description":"Expert dans le parach\u00e8vement d&#039;int\u00e9rieur","publisher":{"@id":"https:\/\/www.europlafond.be\/fr\/#organization"},"potentialAction":[{"@type":"SearchAction","target":{"@type":"EntryPoint","urlTemplate":"https:\/\/www.europlafond.be\/fr\/?s={search_term_string}"},"query-input":{"@type":"PropertyValueSpecification","valueRequired":true,"valueName":"search_term_string"}}],"inLanguage":"fr-FR"},{"@type":"Organization","@id":"https:\/\/www.europlafond.be\/fr\/#organization","name":"Europlafond sa\/nv Eurocloison\u00ae","url":"https:\/\/www.europlafond.be\/fr\/","logo":{"@type":"ImageObject","inLanguage":"fr-FR","@id":"https:\/\/www.europlafond.be\/fr\/#\/schema\/logo\/image\/","url":"https:\/\/www.europlafond.be\/wp-content\/uploads\/2020\/05\/Europlafond-eurocloison-logo.jpg","contentUrl":"https:\/\/www.europlafond.be\/wp-content\/uploads\/2020\/05\/Europlafond-eurocloison-logo.jpg","width":512,"height":512,"caption":"Europlafond sa\/nv Eurocloison\u00ae"},"image":{"@id":"https:\/\/www.europlafond.be\/fr\/#\/schema\/logo\/image\/"},"sameAs":["https:\/\/www.youtube.com\/channel\/UCWY_UeBLSXRoLwXINEY1EWQ"]}]}},"_links":{"self":[{"href":"https:\/\/www.europlafond.be\/fr\/wp-json\/wp\/v2\/pages\/53","targetHints":{"allow":["GET"]}}],"collection":[{"href":"https:\/\/www.europlafond.be\/fr\/wp-json\/wp\/v2\/pages"}],"about":[{"href":"https:\/\/www.europlafond.be\/fr\/wp-json\/wp\/v2\/types\/page"}],"author":[{"embeddable":true,"href":"https:\/\/www.europlafond.be\/fr\/wp-json\/wp\/v2\/users\/1"}],"replies":[{"embeddable":true,"href":"https:\/\/www.europlafond.be\/fr\/wp-json\/wp\/v2\/comments?post=53"}],"version-history":[{"count":5,"href":"https:\/\/www.europlafond.be\/fr\/wp-json\/wp\/v2\/pages\/53\/revisions"}],"predecessor-version":[{"id":1499,"href":"https:\/\/www.europlafond.be\/fr\/wp-json\/wp\/v2\/pages\/53\/revisions\/1499"}],"wp:attachment":[{"href":"https:\/\/www.europlafond.be\/fr\/wp-json\/wp\/v2\/media?parent=53"}],"curies":[{"name":"wp","href":"https:\/\/api.w.org\/{rel}","templated":true}]}}