{"id":55,"date":"2020-02-12T23:01:54","date_gmt":"2020-02-12T22:01:54","guid":{"rendered":"https:\/\/europlafond.uni-vert.be\/?page_id=55"},"modified":"2023-12-20T14:47:04","modified_gmt":"2023-12-20T13:47:04","slug":"parachevement","status":"publish","type":"page","link":"https:\/\/www.europlafond.be\/fr\/services\/parachevement\/","title":{"rendered":"Parach\u00e8vement"},"content":{"rendered":"<div class=\"wpb-content-wrapper\"><p>[vc_row rtl_reverse=\u00a0\u00bbyes\u00a0\u00bb padding_top_multiplier=\u00a0\u00bb3x\u00a0\u00bb padding_bottom_multiplier=\u00a0\u00bb3x\u00a0\u00bb equal_column_height=\u00a0\u00bbmiddle-content\u00a0\u00bb tablet_portrait_equal_column_height=\u00a0\u00bbfalse\u00a0\u00bb mobile_equal_column_height=\u00a0\u00bbfalse\u00a0\u00bb][vc_column width=\u00a0\u00bb7\/12&Prime;]<div class=\"grve-element grve-slogan grve-align-left\" style=\"\"><div class=\"grve-subtitle\">Services<\/div><h2 class=\"grve-slogan-title grve-align-left grve-h2\"><span>Parach\u00e8vement<span class=\"grve-title-line grve-bg-primary-1\" style=\"width: 50px;height: 2px;\"><\/span><\/span><\/h2><\/div><div class=\"grve-empty-space grve-height-1x\" style=\"\"><\/div>[vc_column_text]Choisissez votre partenaire en parach\u00e8vement, optez pour Europlafond ! Du sol au plafond, nous vous aidons \u00e0 r\u00e9aliser votre projet d\u2019am\u00e9nagement d\u2019int\u00e9rieur depuis plus de 35 ans. Laissez-nous devenir votre unique partenaire tout au long de votre parcours.<br \/>\nQu\u2019il s\u2019agisse de cloisonner un espace, poser des faux plafonds, poser des rev\u00eatements de sols ou de la mise en peinture de b\u00e2timent. Nous coordonnons tous les corps de m\u00e9tiers : installations \u00e9lectriques, installations de chauffage &#8211; HVAC, plomberie, contr\u00f4le d\u2019acc\u00e8s, menuiseries int\u00e9rieures, stores \u2026 Europlafond vous offre un \u00e9ventail complet de prestations en parach\u00e8vement.<br \/>\nEn tant que fabricant, Europlafond est sp\u00e9cialis\u00e9e dans la conception, la production et l&rsquo;installation de cloisons amovibles, de faux-plafonds, de syst\u00e8mes de portes et de menuiseries \u00e0 fa\u00e7on. Nous proposons une large gamme de produits standards et sur mesure. Notamment, nos produits de marque d\u00e9pos\u00e9e <a href=\"\/fr\/produits-eurocloison\">Eurocloison\u00ae<\/a>. Gr\u00e2ce \u00e0 nos propres ateliers et nos gestionnaires de projets internes, Europlafond r\u00e9alise facilement des solutions et des produits sur mesure.<br \/>\nAgr\u00e9e par le SPF ECONOMIE pour ex\u00e9cuter les march\u00e9s publics de parach\u00e8vement (Classe 2 cat\u00e9gorie D sous-cat\u00e9gorie 4) Europlafond collabore \u00e9galement, dans le cadre de march\u00e9s publics, avec les Entreprises G\u00e9n\u00e9rales de Construction.<br \/>\nVous remettez votre projet dans une seule main et vous signez ainsi un ch\u00e8que de tranquillit\u00e9.[\/vc_column_text]<div class=\"grve-empty-space grve-height-1x\" style=\"\"><\/div>[\/vc_column][vc_column width=\u00a0\u00bb5\/12&Prime; css=\u00a0\u00bb.vc_custom_1509011271083{padding-left: 9% !important;background-image: url(https:\/\/greatives.eu\/themes\/movedo\/movedo-construction\/wp-content\/uploads\/sites\/4\/2017\/10\/movedo-construction-bullets-03.jpg?id=45) !important;background-position: center !important;background-repeat: no-repeat !important;background-size: cover !important;}\u00a0\u00bb]<div class=\"grve-element grve-slider grve-layout-1 grve-gallery-popup\"  style=\" \">  <div class=\"grve-carousel-wrapper\"><div class=\"grve-carousel-navigation grve-dark grve-navigation-1 grve-navigation-default\"><div class=\"grve-carousel-buttons\"><div class=\"grve-carousel-prev\"><i class=\"grve-icon-nav-left-small\"><\/i><span class=\"screen-reader-text\">Previous<\/span><\/div><div class=\"grve-carousel-next\"><i class=\"grve-icon-nav-right-small\"><\/i><span class=\"screen-reader-text\">Next<\/span><\/div><\/div><\/div><div class=\"grve-slider-element owl-carousel grve-theme\" data-slider-speed=\"3500\" data-slider-pause=\"no\" data-slider-autoplay=\"yes\" data-slider-loop=\"yes\" data-slider-transition=\"slide\" data-slider-autoheight=\"no\" data-pagination=\"yes\"><div class=\"grve-slider-item grve-hover-item grve-hover-style-none\">  <figure class=\"grve-image-hover grve-zoom-none\"><div class=\"grve-media\"><img loading=\"lazy\" decoding=\"async\" width=\"560\" height=\"745\" src=\"https:\/\/www.europlafond.be\/wp-content\/uploads\/2020\/03\/Europlafond-services-parachevement-05-Benjamin-Brolet.jpg\" class=\"attachment-movedo-grve-small-rect-vertical size-movedo-grve-small-rect-vertical\" alt=\"cage escalier parach\u00e8vement\" srcset=\"https:\/\/www.europlafond.be\/wp-content\/uploads\/2020\/03\/Europlafond-services-parachevement-05-Benjamin-Brolet.jpg 560w, https:\/\/www.europlafond.be\/wp-content\/uploads\/2020\/03\/Europlafond-services-parachevement-05-Benjamin-Brolet-226x300.jpg 226w\" sizes=\"auto, (max-width: 560px) 100vw, 560px\" \/><\/div>  <\/figure><\/div><div class=\"grve-slider-item grve-hover-item grve-hover-style-none\">  <figure class=\"grve-image-hover grve-zoom-none\"><div class=\"grve-media\"><img loading=\"lazy\" decoding=\"async\" width=\"560\" height=\"745\" src=\"https:\/\/www.europlafond.be\/wp-content\/uploads\/2020\/03\/Europlafond-services-parachevement-02-Benjamin-Brolet.jpg\" class=\"attachment-movedo-grve-small-rect-vertical size-movedo-grve-small-rect-vertical\" alt=\"plafond a\u00e9ration parach\u00e8vement\" srcset=\"https:\/\/www.europlafond.be\/wp-content\/uploads\/2020\/03\/Europlafond-services-parachevement-02-Benjamin-Brolet.jpg 560w, https:\/\/www.europlafond.be\/wp-content\/uploads\/2020\/03\/Europlafond-services-parachevement-02-Benjamin-Brolet-226x300.jpg 226w\" sizes=\"auto, (max-width: 560px) 100vw, 560px\" \/><\/div>  <\/figure><\/div><div class=\"grve-slider-item grve-hover-item grve-hover-style-none\">  <figure class=\"grve-image-hover grve-zoom-none\"><div class=\"grve-media\"><img loading=\"lazy\" decoding=\"async\" width=\"560\" height=\"745\" src=\"https:\/\/www.europlafond.be\/wp-content\/uploads\/2020\/03\/Europlafond-services-parachevement-03-Benjamin-Brolet.jpg\" class=\"attachment-movedo-grve-small-rect-vertical size-movedo-grve-small-rect-vertical\" alt=\"cuisine travaux de parach\u00e8vement d&#039;int\u00e9rieur\" srcset=\"https:\/\/www.europlafond.be\/wp-content\/uploads\/2020\/03\/Europlafond-services-parachevement-03-Benjamin-Brolet.jpg 560w, https:\/\/www.europlafond.be\/wp-content\/uploads\/2020\/03\/Europlafond-services-parachevement-03-Benjamin-Brolet-226x300.jpg 226w\" sizes=\"auto, (max-width: 560px) 100vw, 560px\" \/><\/div>  <\/figure><\/div><div class=\"grve-slider-item grve-hover-item grve-hover-style-none\">  <figure class=\"grve-image-hover grve-zoom-none\"><div class=\"grve-media\"><img loading=\"lazy\" decoding=\"async\" width=\"560\" height=\"745\" src=\"https:\/\/www.europlafond.be\/wp-content\/uploads\/2020\/03\/Europlafond-services-parachevement-04-Benjamin-Brolet.jpg\" class=\"attachment-movedo-grve-small-rect-vertical size-movedo-grve-small-rect-vertical\" alt=\"poutres apparentes table salle de r\u00e9union et plafonds\" srcset=\"https:\/\/www.europlafond.be\/wp-content\/uploads\/2020\/03\/Europlafond-services-parachevement-04-Benjamin-Brolet.jpg 560w, https:\/\/www.europlafond.be\/wp-content\/uploads\/2020\/03\/Europlafond-services-parachevement-04-Benjamin-Brolet-226x300.jpg 226w\" sizes=\"auto, (max-width: 560px) 100vw, 560px\" \/><\/div>  <\/figure><\/div><div class=\"grve-slider-item grve-hover-item grve-hover-style-none\">  <figure class=\"grve-image-hover grve-zoom-none\"><div class=\"grve-media\"><img loading=\"lazy\" decoding=\"async\" width=\"560\" height=\"745\" src=\"https:\/\/www.europlafond.be\/wp-content\/uploads\/2023\/12\/Europlafond-parachevement2.jpg\" class=\"attachment-movedo-grve-small-rect-vertical size-movedo-grve-small-rect-vertical\" alt=\"Europlafond parach\u00e8vement int\u00e9rieur\" srcset=\"https:\/\/www.europlafond.be\/wp-content\/uploads\/2023\/12\/Europlafond-parachevement2.jpg 560w, https:\/\/www.europlafond.be\/wp-content\/uploads\/2023\/12\/Europlafond-parachevement2-226x300.jpg 226w\" sizes=\"auto, (max-width: 560px) 100vw, 560px\" \/><\/div>  <\/figure><\/div><div class=\"grve-slider-item grve-hover-item grve-hover-style-none\">  <figure class=\"grve-image-hover grve-zoom-none\"><div class=\"grve-media\"><img loading=\"lazy\" decoding=\"async\" width=\"560\" height=\"745\" src=\"https:\/\/www.europlafond.be\/wp-content\/uploads\/2023\/12\/Europlafond-parachevement6.jpg\" class=\"attachment-movedo-grve-small-rect-vertical size-movedo-grve-small-rect-vertical\" alt=\"Stanley Stella parach\u00e8vement int\u00e9rieur salle d&#039;attente\" srcset=\"https:\/\/www.europlafond.be\/wp-content\/uploads\/2023\/12\/Europlafond-parachevement6.jpg 560w, https:\/\/www.europlafond.be\/wp-content\/uploads\/2023\/12\/Europlafond-parachevement6-226x300.jpg 226w\" sizes=\"auto, (max-width: 560px) 100vw, 560px\" \/><\/div>  <\/figure><\/div><div class=\"grve-slider-item grve-hover-item grve-hover-style-none\">  <figure class=\"grve-image-hover grve-zoom-none\"><div class=\"grve-media\"><img loading=\"lazy\" decoding=\"async\" width=\"560\" height=\"745\" src=\"https:\/\/www.europlafond.be\/wp-content\/uploads\/2023\/12\/Europlafond-parachevement4.jpg\" class=\"attachment-movedo-grve-small-rect-vertical size-movedo-grve-small-rect-vertical\" alt=\"Stanley Stella parach\u00e8vement int\u00e9rieur avec cloisons en verre\" srcset=\"https:\/\/www.europlafond.be\/wp-content\/uploads\/2023\/12\/Europlafond-parachevement4.jpg 560w, https:\/\/www.europlafond.be\/wp-content\/uploads\/2023\/12\/Europlafond-parachevement4-226x300.jpg 226w\" sizes=\"auto, (max-width: 560px) 100vw, 560px\" \/><\/div>  <\/figure><\/div><div class=\"grve-slider-item grve-hover-item grve-hover-style-none\">  <figure class=\"grve-image-hover grve-zoom-none\"><div class=\"grve-media\"><img loading=\"lazy\" decoding=\"async\" width=\"560\" height=\"745\" src=\"https:\/\/www.europlafond.be\/wp-content\/uploads\/2023\/12\/Europlafond-parachevement3.jpg\" class=\"attachment-movedo-grve-small-rect-vertical size-movedo-grve-small-rect-vertical\" alt=\"Stanley Stella parachevement int\u00e9rieur couloirs\" srcset=\"https:\/\/www.europlafond.be\/wp-content\/uploads\/2023\/12\/Europlafond-parachevement3.jpg 560w, https:\/\/www.europlafond.be\/wp-content\/uploads\/2023\/12\/Europlafond-parachevement3-226x300.jpg 226w\" sizes=\"auto, (max-width: 560px) 100vw, 560px\" \/><\/div>  <\/figure><\/div><div class=\"grve-slider-item grve-hover-item grve-hover-style-none\">  <figure class=\"grve-image-hover grve-zoom-none\"><div class=\"grve-media\"><img loading=\"lazy\" decoding=\"async\" width=\"560\" height=\"745\" src=\"https:\/\/www.europlafond.be\/wp-content\/uploads\/2023\/12\/Europlafond-parachevement5.jpg\" class=\"attachment-movedo-grve-small-rect-vertical size-movedo-grve-small-rect-vertical\" alt=\"Stanley Stella parach\u00e8vement int\u00e9rieur\" srcset=\"https:\/\/www.europlafond.be\/wp-content\/uploads\/2023\/12\/Europlafond-parachevement5.jpg 560w, https:\/\/www.europlafond.be\/wp-content\/uploads\/2023\/12\/Europlafond-parachevement5-226x300.jpg 226w\" sizes=\"auto, (max-width: 560px) 100vw, 560px\" \/><\/div>  <\/figure><\/div><div class=\"grve-slider-item grve-hover-item grve-hover-style-none\">  <figure class=\"grve-image-hover grve-zoom-none\"><div class=\"grve-media\"><img loading=\"lazy\" decoding=\"async\" width=\"560\" height=\"745\" src=\"https:\/\/www.europlafond.be\/wp-content\/uploads\/2023\/12\/Europlafond-parachevement7.jpg\" class=\"attachment-movedo-grve-small-rect-vertical size-movedo-grve-small-rect-vertical\" alt=\"Stanley Stella parach\u00e8vement int\u00e9rieur hall\" srcset=\"https:\/\/www.europlafond.be\/wp-content\/uploads\/2023\/12\/Europlafond-parachevement7.jpg 560w, https:\/\/www.europlafond.be\/wp-content\/uploads\/2023\/12\/Europlafond-parachevement7-226x300.jpg 226w\" sizes=\"auto, (max-width: 560px) 100vw, 560px\" \/><\/div>  <\/figure><\/div>\t<\/div>  <\/div><\/div>[\/vc_column][\/vc_row][vc_row heading_color=\u00a0\u00bblight\u00a0\u00bb bg_type=\u00a0\u00bbcolor\u00a0\u00bb padding_top_multiplier=\u00a0\u00bb2x\u00a0\u00bb padding_bottom_multiplier=\u00a0\u00bb2x\u00a0\u00bb separator_top_size=\u00a0\u00bb60px\u00a0\u00bb separator_top_color=\u00a0\u00bb#f7f7f7&Prime; bg_color=\u00a0\u00bb#e40520&Prime; font_color=\u00a0\u00bb#ffffff\u00a0\u00bb][vc_column]<div class=\"grve-element grve-callout grve-btn-right\" style=\"\">  <div class=\"grve-callout-wrapper\"><h2 class=\"grve-callout-content grve-h2\">Nos travaux d'am\u00e9nagement<\/h2>    <p class=\"grve-leader-text\">D\u00e9couvrez nos travaux de parach\u00e8vement en images au sein de notre page r\u00e9alisations.<\/p>  <\/div>  <div class=\"grve-button-wrapper\"><a href=\"\/fr\/realisations\" class=\"grve-btn grve-btn-medium grve-extra-round grve-bg-white grve-bg-hover-black\"><span>Voir en images<\/span><\/a>  <\/div><\/div>[\/vc_column][\/vc_row]<\/p>\n<\/div>","protected":false},"excerpt":{"rendered":"<p>[vc_row rtl_reverse=\u00a0\u00bbyes\u00a0\u00bb padding_top_multiplier=\u00a0\u00bb3x\u00a0\u00bb padding_bottom_multiplier=\u00a0\u00bb3x\u00a0\u00bb equal_column_height=\u00a0\u00bbmiddle-content\u00a0\u00bb tablet_portrait_equal_column_height=\u00a0\u00bbfalse\u00a0\u00bb mobile_equal_column_height=\u00a0\u00bbfalse\u00a0\u00bb][vc_column width=\u00a0\u00bb7\/12&Prime;][vc_column_text]Choisissez votre partenaire en parach\u00e8vement, optez pour Europlafond ! Du sol au plafond, nous vous aidons \u00e0 r\u00e9aliser votre projet d\u2019am\u00e9nagement d\u2019int\u00e9rieur depuis plus de 35 ans. Laissez-nous devenir votre unique partenaire tout au long de votre parcours. Qu\u2019il s\u2019agisse de cloisonner un espace, poser des faux plafonds, [&hellip;]<\/p>\n","protected":false},"author":1,"featured_media":0,"parent":53,"menu_order":0,"comment_status":"closed","ping_status":"closed","template":"","meta":{"footnotes":""},"class_list":["post-55","page","type-page","status-publish","hentry"],"yoast_head":"<!-- This site is optimized with the Yoast SEO plugin v27.2 - https:\/\/yoast.com\/product\/yoast-seo-wordpress\/ -->\n<title>Parach\u00e8vement &#8211; Europlafond sa - Eurocloison\u00ae<\/title>\n<meta name=\"description\" content=\"Europlafond vous offre un service complet et sur mesure adapt\u00e9 \u00e0 vos besoins avec son savoir-faire en parach\u00e8vement d&#039;int\u00e9rieur.\" \/>\n<meta name=\"robots\" content=\"index, follow, max-snippet:-1, max-image-preview:large, max-video-preview:-1\" \/>\n<link rel=\"canonical\" href=\"https:\/\/www.europlafond.be\/fr\/services\/parachevement\/\" \/>\n<meta property=\"og:locale\" content=\"fr_FR\" \/>\n<meta property=\"og:type\" content=\"article\" \/>\n<meta property=\"og:title\" content=\"Parach\u00e8vement &#8211; Europlafond sa - Eurocloison\u00ae\" \/>\n<meta property=\"og:description\" content=\"Europlafond vous offre un service complet et sur mesure adapt\u00e9 \u00e0 vos besoins avec son savoir-faire en parach\u00e8vement d&#039;int\u00e9rieur.\" \/>\n<meta property=\"og:url\" content=\"https:\/\/www.europlafond.be\/fr\/services\/parachevement\/\" \/>\n<meta property=\"og:site_name\" content=\"Europlafond sa - Eurocloison\u00ae\" \/>\n<meta property=\"article:modified_time\" content=\"2023-12-20T13:47:04+00:00\" \/>\n<meta name=\"twitter:card\" content=\"summary_large_image\" \/>\n<meta name=\"twitter:label1\" content=\"Dur\u00e9e de lecture estim\u00e9e\" \/>\n\t<meta name=\"twitter:data1\" content=\"2 minutes\" \/>\n<script type=\"application\/ld+json\" class=\"yoast-schema-graph\">{\"@context\":\"https:\/\/schema.org\",\"@graph\":[{\"@type\":\"WebPage\",\"@id\":\"https:\/\/www.europlafond.be\/fr\/services\/parachevement\/\",\"url\":\"https:\/\/www.europlafond.be\/fr\/services\/parachevement\/\",\"name\":\"Parach\u00e8vement &#8211; Europlafond sa - Eurocloison\u00ae\",\"isPartOf\":{\"@id\":\"https:\/\/www.europlafond.be\/fr\/#website\"},\"datePublished\":\"2020-02-12T22:01:54+00:00\",\"dateModified\":\"2023-12-20T13:47:04+00:00\",\"description\":\"Europlafond vous offre un service complet et sur mesure adapt\u00e9 \u00e0 vos besoins avec son savoir-faire en parach\u00e8vement d'int\u00e9rieur.\",\"breadcrumb\":{\"@id\":\"https:\/\/www.europlafond.be\/fr\/services\/parachevement\/#breadcrumb\"},\"inLanguage\":\"fr-FR\",\"potentialAction\":[{\"@type\":\"ReadAction\",\"target\":[\"https:\/\/www.europlafond.be\/fr\/services\/parachevement\/\"]}]},{\"@type\":\"BreadcrumbList\",\"@id\":\"https:\/\/www.europlafond.be\/fr\/services\/parachevement\/#breadcrumb\",\"itemListElement\":[{\"@type\":\"ListItem\",\"position\":1,\"name\":\"Accueil\",\"item\":\"https:\/\/www.europlafond.be\/fr\/\"},{\"@type\":\"ListItem\",\"position\":2,\"name\":\"Services d&rsquo;am\u00e9nagement \u00e0 Bruxelles\",\"item\":\"https:\/\/www.europlafond.be\/fr\/services\/\"},{\"@type\":\"ListItem\",\"position\":3,\"name\":\"Parach\u00e8vement\"}]},{\"@type\":\"WebSite\",\"@id\":\"https:\/\/www.europlafond.be\/fr\/#website\",\"url\":\"https:\/\/www.europlafond.be\/fr\/\",\"name\":\"Europlafond sa - Eurocloison\u00ae\",\"description\":\"Expert dans le parach\u00e8vement d&#039;int\u00e9rieur\",\"publisher\":{\"@id\":\"https:\/\/www.europlafond.be\/fr\/#organization\"},\"potentialAction\":[{\"@type\":\"SearchAction\",\"target\":{\"@type\":\"EntryPoint\",\"urlTemplate\":\"https:\/\/www.europlafond.be\/fr\/?s={search_term_string}\"},\"query-input\":{\"@type\":\"PropertyValueSpecification\",\"valueRequired\":true,\"valueName\":\"search_term_string\"}}],\"inLanguage\":\"fr-FR\"},{\"@type\":\"Organization\",\"@id\":\"https:\/\/www.europlafond.be\/fr\/#organization\",\"name\":\"Europlafond sa\/nv Eurocloison\u00ae\",\"url\":\"https:\/\/www.europlafond.be\/fr\/\",\"logo\":{\"@type\":\"ImageObject\",\"inLanguage\":\"fr-FR\",\"@id\":\"https:\/\/www.europlafond.be\/fr\/#\/schema\/logo\/image\/\",\"url\":\"https:\/\/www.europlafond.be\/wp-content\/uploads\/2020\/05\/Europlafond-eurocloison-logo.jpg\",\"contentUrl\":\"https:\/\/www.europlafond.be\/wp-content\/uploads\/2020\/05\/Europlafond-eurocloison-logo.jpg\",\"width\":512,\"height\":512,\"caption\":\"Europlafond sa\/nv Eurocloison\u00ae\"},\"image\":{\"@id\":\"https:\/\/www.europlafond.be\/fr\/#\/schema\/logo\/image\/\"},\"sameAs\":[\"https:\/\/www.youtube.com\/channel\/UCWY_UeBLSXRoLwXINEY1EWQ\"]}]}<\/script>\n<!-- \/ Yoast SEO plugin. -->","yoast_head_json":{"title":"Parach\u00e8vement &#8211; Europlafond sa - Eurocloison\u00ae","description":"Europlafond vous offre un service complet et sur mesure adapt\u00e9 \u00e0 vos besoins avec son savoir-faire en parach\u00e8vement d'int\u00e9rieur.","robots":{"index":"index","follow":"follow","max-snippet":"max-snippet:-1","max-image-preview":"max-image-preview:large","max-video-preview":"max-video-preview:-1"},"canonical":"https:\/\/www.europlafond.be\/fr\/services\/parachevement\/","og_locale":"fr_FR","og_type":"article","og_title":"Parach\u00e8vement &#8211; Europlafond sa - Eurocloison\u00ae","og_description":"Europlafond vous offre un service complet et sur mesure adapt\u00e9 \u00e0 vos besoins avec son savoir-faire en parach\u00e8vement d'int\u00e9rieur.","og_url":"https:\/\/www.europlafond.be\/fr\/services\/parachevement\/","og_site_name":"Europlafond sa - Eurocloison\u00ae","article_modified_time":"2023-12-20T13:47:04+00:00","twitter_card":"summary_large_image","twitter_misc":{"Dur\u00e9e de lecture estim\u00e9e":"2 minutes"},"schema":{"@context":"https:\/\/schema.org","@graph":[{"@type":"WebPage","@id":"https:\/\/www.europlafond.be\/fr\/services\/parachevement\/","url":"https:\/\/www.europlafond.be\/fr\/services\/parachevement\/","name":"Parach\u00e8vement &#8211; Europlafond sa - Eurocloison\u00ae","isPartOf":{"@id":"https:\/\/www.europlafond.be\/fr\/#website"},"datePublished":"2020-02-12T22:01:54+00:00","dateModified":"2023-12-20T13:47:04+00:00","description":"Europlafond vous offre un service complet et sur mesure adapt\u00e9 \u00e0 vos besoins avec son savoir-faire en parach\u00e8vement d'int\u00e9rieur.","breadcrumb":{"@id":"https:\/\/www.europlafond.be\/fr\/services\/parachevement\/#breadcrumb"},"inLanguage":"fr-FR","potentialAction":[{"@type":"ReadAction","target":["https:\/\/www.europlafond.be\/fr\/services\/parachevement\/"]}]},{"@type":"BreadcrumbList","@id":"https:\/\/www.europlafond.be\/fr\/services\/parachevement\/#breadcrumb","itemListElement":[{"@type":"ListItem","position":1,"name":"Accueil","item":"https:\/\/www.europlafond.be\/fr\/"},{"@type":"ListItem","position":2,"name":"Services d&rsquo;am\u00e9nagement \u00e0 Bruxelles","item":"https:\/\/www.europlafond.be\/fr\/services\/"},{"@type":"ListItem","position":3,"name":"Parach\u00e8vement"}]},{"@type":"WebSite","@id":"https:\/\/www.europlafond.be\/fr\/#website","url":"https:\/\/www.europlafond.be\/fr\/","name":"Europlafond sa - Eurocloison\u00ae","description":"Expert dans le parach\u00e8vement d&#039;int\u00e9rieur","publisher":{"@id":"https:\/\/www.europlafond.be\/fr\/#organization"},"potentialAction":[{"@type":"SearchAction","target":{"@type":"EntryPoint","urlTemplate":"https:\/\/www.europlafond.be\/fr\/?s={search_term_string}"},"query-input":{"@type":"PropertyValueSpecification","valueRequired":true,"valueName":"search_term_string"}}],"inLanguage":"fr-FR"},{"@type":"Organization","@id":"https:\/\/www.europlafond.be\/fr\/#organization","name":"Europlafond sa\/nv Eurocloison\u00ae","url":"https:\/\/www.europlafond.be\/fr\/","logo":{"@type":"ImageObject","inLanguage":"fr-FR","@id":"https:\/\/www.europlafond.be\/fr\/#\/schema\/logo\/image\/","url":"https:\/\/www.europlafond.be\/wp-content\/uploads\/2020\/05\/Europlafond-eurocloison-logo.jpg","contentUrl":"https:\/\/www.europlafond.be\/wp-content\/uploads\/2020\/05\/Europlafond-eurocloison-logo.jpg","width":512,"height":512,"caption":"Europlafond sa\/nv Eurocloison\u00ae"},"image":{"@id":"https:\/\/www.europlafond.be\/fr\/#\/schema\/logo\/image\/"},"sameAs":["https:\/\/www.youtube.com\/channel\/UCWY_UeBLSXRoLwXINEY1EWQ"]}]}},"_links":{"self":[{"href":"https:\/\/www.europlafond.be\/fr\/wp-json\/wp\/v2\/pages\/55","targetHints":{"allow":["GET"]}}],"collection":[{"href":"https:\/\/www.europlafond.be\/fr\/wp-json\/wp\/v2\/pages"}],"about":[{"href":"https:\/\/www.europlafond.be\/fr\/wp-json\/wp\/v2\/types\/page"}],"author":[{"embeddable":true,"href":"https:\/\/www.europlafond.be\/fr\/wp-json\/wp\/v2\/users\/1"}],"replies":[{"embeddable":true,"href":"https:\/\/www.europlafond.be\/fr\/wp-json\/wp\/v2\/comments?post=55"}],"version-history":[{"count":6,"href":"https:\/\/www.europlafond.be\/fr\/wp-json\/wp\/v2\/pages\/55\/revisions"}],"predecessor-version":[{"id":10098,"href":"https:\/\/www.europlafond.be\/fr\/wp-json\/wp\/v2\/pages\/55\/revisions\/10098"}],"up":[{"embeddable":true,"href":"https:\/\/www.europlafond.be\/fr\/wp-json\/wp\/v2\/pages\/53"}],"wp:attachment":[{"href":"https:\/\/www.europlafond.be\/fr\/wp-json\/wp\/v2\/media?parent=55"}],"curies":[{"name":"wp","href":"https:\/\/api.w.org\/{rel}","templated":true}]}}