{"id":57,"date":"2020-02-12T23:02:20","date_gmt":"2020-02-12T22:02:20","guid":{"rendered":"https:\/\/europlafond.uni-vert.be\/?page_id=57"},"modified":"2020-04-30T13:41:52","modified_gmt":"2020-04-30T11:41:52","slug":"cloisons","status":"publish","type":"page","link":"https:\/\/www.europlafond.be\/fr\/services\/cloisons\/","title":{"rendered":"Votre cloison sur mesure"},"content":{"rendered":"<div class=\"wpb-content-wrapper\"><p>[vc_row rtl_reverse=\u00a0\u00bbyes\u00a0\u00bb section_type=\u00a0\u00bbfullwidth\u00a0\u00bb padding_top_multiplier=\u00a0\u00bb\u00a0\u00bb padding_bottom_multiplier=\u00a0\u00bb\u00a0\u00bb columns_gap=\u00a0\u00bbnone\u00a0\u00bb equal_column_height=\u00a0\u00bbmiddle-content\u00a0\u00bb][vc_column]<div class=\"grve-element grve-gallery grve-isotope\" style=\"\" data-columns=\"4\" data-columns-large-screen=\"4\" data-columns-tablet-landscape=\"4\" data-columns-tablet-portrait=\"4\" data-columns-mobile=\"2\" data-layout=\"fitRows\">  <div class=\"grve-isotope-container\"><div class=\"grve-isotope-item grve-hover-item grve-hover-style-none\">  <figure class=\"grve-image-hover grve-zoom-in\">    <div class=\"grve-hover-overlay grve-bg-light grve-opacity-0\"><\/div><div class=\"grve-media\"><img loading=\"lazy\" decoding=\"async\" width=\"560\" height=\"560\" src=\"https:\/\/www.europlafond.be\/wp-content\/uploads\/2020\/03\/Europlafond-BenjaminBrolet-produits-eurocloison-cloisons-mobiles-560x560.jpg\" class=\"attachment-movedo-grve-small-square size-movedo-grve-small-square\" alt=\"salle de conf\u00e9rence avec cloison mobile\" srcset=\"https:\/\/www.europlafond.be\/wp-content\/uploads\/2020\/03\/Europlafond-BenjaminBrolet-produits-eurocloison-cloisons-mobiles-560x560.jpg 560w, https:\/\/www.europlafond.be\/wp-content\/uploads\/2020\/03\/Europlafond-BenjaminBrolet-produits-eurocloison-cloisons-mobiles-150x150.jpg 150w\" sizes=\"auto, (max-width: 560px) 100vw, 560px\" \/><\/div>  <\/figure><\/div><div class=\"grve-isotope-item grve-hover-item grve-hover-style-none\">  <figure class=\"grve-image-hover grve-zoom-in\">    <div class=\"grve-hover-overlay grve-bg-light grve-opacity-0\"><\/div><div class=\"grve-media\"><img loading=\"lazy\" decoding=\"async\" width=\"560\" height=\"560\" src=\"https:\/\/www.europlafond.be\/wp-content\/uploads\/2020\/03\/Europlafond-services-cloisons-01-560x560.jpg\" class=\"attachment-movedo-grve-small-square size-movedo-grve-small-square\" alt=\"salle de r\u00e9union avec cloison mobile\" srcset=\"https:\/\/www.europlafond.be\/wp-content\/uploads\/2020\/03\/Europlafond-services-cloisons-01-560x560.jpg 560w, https:\/\/www.europlafond.be\/wp-content\/uploads\/2020\/03\/Europlafond-services-cloisons-01-150x150.jpg 150w\" sizes=\"auto, (max-width: 560px) 100vw, 560px\" \/><\/div>  <\/figure><\/div><div class=\"grve-isotope-item grve-hover-item grve-hover-style-none\">  <figure class=\"grve-image-hover grve-zoom-in\">    <div class=\"grve-hover-overlay grve-bg-light grve-opacity-0\"><\/div><div class=\"grve-media\"><img loading=\"lazy\" decoding=\"async\" width=\"560\" height=\"560\" src=\"https:\/\/www.europlafond.be\/wp-content\/uploads\/2020\/03\/Europlafond-services-cloisons-02-560x560.jpg\" class=\"attachment-movedo-grve-small-square size-movedo-grve-small-square\" alt=\"cloison vitr\u00e9e Bedimo\" srcset=\"https:\/\/www.europlafond.be\/wp-content\/uploads\/2020\/03\/Europlafond-services-cloisons-02-560x560.jpg 560w, https:\/\/www.europlafond.be\/wp-content\/uploads\/2020\/03\/Europlafond-services-cloisons-02-150x150.jpg 150w\" sizes=\"auto, (max-width: 560px) 100vw, 560px\" \/><\/div>  <\/figure><\/div><div class=\"grve-isotope-item grve-hover-item grve-hover-style-none\">  <figure class=\"grve-image-hover grve-zoom-in\">    <div class=\"grve-hover-overlay grve-bg-light grve-opacity-0\"><\/div><div class=\"grve-media\"><img loading=\"lazy\" decoding=\"async\" width=\"560\" height=\"560\" src=\"https:\/\/www.europlafond.be\/wp-content\/uploads\/2020\/03\/Europlafond-services-cloisons-03-560x560.jpg\" class=\"attachment-movedo-grve-small-square size-movedo-grve-small-square\" alt=\"salle avec cloisons mobiles\" srcset=\"https:\/\/www.europlafond.be\/wp-content\/uploads\/2020\/03\/Europlafond-services-cloisons-03-560x560.jpg 560w, https:\/\/www.europlafond.be\/wp-content\/uploads\/2020\/03\/Europlafond-services-cloisons-03-150x150.jpg 150w\" sizes=\"auto, (max-width: 560px) 100vw, 560px\" \/><\/div>  <\/figure><\/div>  <\/div><\/div>[\/vc_column][\/vc_row][vc_row rtl_reverse=\u00a0\u00bbyes\u00a0\u00bb padding_top_multiplier=\u00a0\u00bb3x\u00a0\u00bb padding_bottom_multiplier=\u00a0\u00bb3x\u00a0\u00bb equal_column_height=\u00a0\u00bbmiddle-content\u00a0\u00bb][vc_column]<div class=\"grve-element grve-slogan grve-align-left\" style=\"\"><div class=\"grve-subtitle\">Services<\/div><h2 class=\"grve-slogan-title grve-align-left grve-h2\"><span>Une cloison divise et am\u00e9nage vos espaces<span class=\"grve-title-line grve-bg-primary-1\" style=\"width: 50px;height: 2px;\"><\/span><\/span><\/h2><\/div><div class=\"grve-empty-space grve-height-1x\" style=\"\"><\/div>[vc_column_text]La pose d\u2019une cloison organise la surface disponible en plusieurs pi\u00e8ces. Mais une cloison doit aussi remplir certaines fonctions, notamment d\u2019assurer un caract\u00e8re privatif avec une bonne isolation acoustique. Elle peut \u00e9galement r\u00e9pondre \u00e0 des exigences en mati\u00e8re de protection incendie, d\u2019humidit\u00e9 ou de stabilit\u00e9, \u2026 Chez Europlafond, nous tenons compte de tous ces \u00e9l\u00e9ments afin de vous proposer des cloisons sur mesure adapt\u00e9es \u00e0 vos besoins.<\/p>\n<p>Votre entreprise est unique et \u00e9volue au fil des ans. La modification de ses locaux fait donc partie int\u00e9grante de son \u00e9volution. Il est donc tout indiqu\u00e9 de vous appuyer sur l\u2019expertise et le savoir-faire de Europlafond. De ce fait, vous vous assurez des travaux d\u2019am\u00e9nagement d\u2019int\u00e9rieur de qualit\u00e9. Toute l\u2019\u00e9quipe de Europlafond s\u2019engage \u00e0 respecter les d\u00e9lais pour mener \u00e0 bien votre projet aux finitions irr\u00e9prochables.[\/vc_column_text][\/vc_column][\/vc_row][vc_row heading_color=\u00a0\u00bbprimary-1&Prime; rtl_reverse=\u00a0\u00bbyes\u00a0\u00bb bg_type=\u00a0\u00bbcolor\u00a0\u00bb padding_top_multiplier=\u00a0\u00bb3x\u00a0\u00bb padding_bottom_multiplier=\u00a0\u00bb3x\u00a0\u00bb equal_column_height=\u00a0\u00bbmiddle-content\u00a0\u00bb bg_color=\u00a0\u00bb#f7f7f7&Prime;][vc_column]<div class=\"grve-element grve-slogan grve-align-left\" style=\"\"><h2 class=\"grve-slogan-title grve-align-left grve-h2\"><span>Notre large gamme de produits Eurocloison\u00ae<\/span><\/h2>  <p class=\"\">Notre marque d\u00e9pos\u00e9e regroupe diff\u00e9rents types de cloisons. Ainsi, vous avez l\u2019embarras du choix pour r\u00e9aliser votre projet d\u2019am\u00e9nagement d\u2019int\u00e9rieur. La pose de nos cloisons a pour but de transformer votre espace de vie ou votre surface de travail de la fa\u00e7on la plus optimale.<\/p><\/div><div class=\"grve-empty-space grve-height-1x\" style=\"\"><\/div>[vc_column_text]D\u00e9couvrez notre large gamme de cloisons :[\/vc_column_text]<div class=\"grve-empty-space grve-height-1x\" style=\"\"><\/div>[vc_row_inner][vc_column_inner width=\u00a0\u00bb1\/2&Prime;][vc_column_text]<\/p>\n<ul class=\"fa-ul\" style=\"margin-bottom: 0px;\">\n<li><i class=\"fa fa-check\" style=\"font-familiy: FontAwesome; color: #e40520;\"><\/i> <a href=\"\/fr\/produits-eurocloison\/cloisons-fixes\/\">Les cloisons fixes<\/a><\/li>\n<li><i class=\"fa fa-check\" style=\"font-familiy: FontAwesome; color: #e40520;\"><\/i> <a href=\"\/fr\/produits-eurocloison\/cloisons-amovibles\/\">L&rsquo;\u00e9ventail de nos cloisons amovibles<\/a><\/li>\n<li><i class=\"fa fa-check\" style=\"font-familiy: FontAwesome; color: #e40520;\"><\/i> <a href=\"\/fr\/produits-eurocloison\/cloisons-decoratives\/\">Des cloisons d\u00e9coratives<\/a><\/li>\n<li><i class=\"fa fa-check\" style=\"font-familiy: FontAwesome; color: #e40520;\"><\/i> <a href=\"\/fr\/produits-eurocloison\/cloisons-mobiles\/\">La gamme de cloisons mobiles<\/a><\/li>\n<\/ul>\n<p>[\/vc_column_text][\/vc_column_inner][vc_column_inner width=\u00a0\u00bb1\/2&Prime;][vc_column_text]<\/p>\n<ul class=\"fa-ul\">\n<li><i class=\"fa fa-check\" style=\"font-familiy: FontAwesome; color: #e40520;\"><\/i> <a href=\"\/fr\/produits-eurocloison\/cloisons-sanitaires\/\">Nos cloisons sanitaires<\/a><\/li>\n<li><i class=\"fa fa-check\" style=\"font-familiy: FontAwesome; color: #e40520;\"><\/i> <a href=\"\/fr\/produits-eurocloison\/cloisons-en-verre\/\">Les cloisons en verre<\/a><\/li>\n<li><i class=\"fa fa-check\" style=\"font-familiy: FontAwesome; color: #e40520;\"><\/i> <a href=\"\/fr\/produits-eurocloison\/ecrans-de-bureau\/\">\u00c9crans de bureau ou paravents<\/a><\/li>\n<\/ul>\n<p>[\/vc_column_text][\/vc_column_inner][\/vc_row_inner][\/vc_column][\/vc_row][vc_row rtl_reverse=\u00a0\u00bbyes\u00a0\u00bb padding_top_multiplier=\u00a0\u00bb3x\u00a0\u00bb padding_bottom_multiplier=\u00a0\u00bb3x\u00a0\u00bb equal_column_height=\u00a0\u00bbmiddle-content\u00a0\u00bb][vc_column]<div class=\"grve-element grve-slogan grve-align-left\" style=\"\"><h2 class=\"grve-slogan-title grve-align-left grve-h2\"><span>Europlafond \u00e0 votre service<\/span><\/h2><\/div><div class=\"grve-empty-space grve-height-1x\" style=\"\"><\/div>[vc_column_text]Notre \u00e9quipe d\u2019experts reste bien \u00e9videmment disponible pour vous conseiller et vous guider afin d\u2019obtenir un rendu digne de vos attentes. Et ce, dans le choix de la mati\u00e8re, de l\u2019agencement ou autres demandes de votre part. Que vous soyez un particulier ou un professionnel, nous sommes \u00e0 l\u2019\u00e9coute de vos besoins en mati\u00e8re de cloisonnement, aussi bien pour des projets de r\u00e9novation que des projets neufs. Nous \u0153uvrons dans toute la Belgique et les pays limitrophes.[\/vc_column_text][\/vc_column][\/vc_row][vc_row heading_color=\u00a0\u00bblight\u00a0\u00bb bg_type=\u00a0\u00bbcolor\u00a0\u00bb padding_top_multiplier=\u00a0\u00bb2x\u00a0\u00bb padding_bottom_multiplier=\u00a0\u00bb2x\u00a0\u00bb separator_top_size=\u00a0\u00bb60px\u00a0\u00bb separator_top_color=\u00a0\u00bb#f7f7f7&Prime; bg_color=\u00a0\u00bb#e40520&Prime; font_color=\u00a0\u00bb#ffffff\u00a0\u00bb][vc_column]<div class=\"grve-element grve-callout grve-btn-right\" style=\"\">  <div class=\"grve-callout-wrapper\"><h2 class=\"grve-callout-content grve-h2\">Une cloison vous int\u00e9resse ?<\/h2>    <p class=\"grve-leader-text\">Contactez-nous pour plus d&rsquo;informations concernant une cloison.<\/p>  <\/div>  <div class=\"grve-button-wrapper\"><a href=\"\/fr\/contact\" class=\"grve-btn grve-btn-medium grve-extra-round grve-bg-white grve-bg-hover-black\"><span>\u00c9crivez-nous<\/span><\/a>  <\/div><\/div>[\/vc_column][\/vc_row]<\/p>\n<\/div>","protected":false},"excerpt":{"rendered":"<p>[vc_row rtl_reverse=\u00a0\u00bbyes\u00a0\u00bb section_type=\u00a0\u00bbfullwidth\u00a0\u00bb padding_top_multiplier=\u00a0\u00bb\u00a0\u00bb padding_bottom_multiplier=\u00a0\u00bb\u00a0\u00bb columns_gap=\u00a0\u00bbnone\u00a0\u00bb equal_column_height=\u00a0\u00bbmiddle-content\u00a0\u00bb][vc_column][\/vc_column][\/vc_row][vc_row rtl_reverse=\u00a0\u00bbyes\u00a0\u00bb padding_top_multiplier=\u00a0\u00bb3x\u00a0\u00bb padding_bottom_multiplier=\u00a0\u00bb3x\u00a0\u00bb equal_column_height=\u00a0\u00bbmiddle-content\u00a0\u00bb][vc_column][vc_column_text]La pose d\u2019une cloison organise la surface disponible en plusieurs pi\u00e8ces. Mais une cloison doit aussi remplir certaines fonctions, notamment d\u2019assurer un caract\u00e8re privatif avec une bonne isolation acoustique. Elle peut \u00e9galement r\u00e9pondre \u00e0 des exigences en mati\u00e8re de protection incendie, d\u2019humidit\u00e9 ou de stabilit\u00e9, [&hellip;]<\/p>\n","protected":false},"author":1,"featured_media":0,"parent":53,"menu_order":0,"comment_status":"closed","ping_status":"closed","template":"","meta":{"footnotes":""},"class_list":["post-57","page","type-page","status-publish","hentry"],"yoast_head":"<!-- This site is optimized with the Yoast SEO plugin v27.2 - https:\/\/yoast.com\/product\/yoast-seo-wordpress\/ -->\n<title>Votre cloison sur mesure &#8211; Europlafond sa - Eurocloison\u00ae<\/title>\n<meta name=\"description\" content=\"Chez Europlafond, nous tenons compte de toutes les exigences afin de vous proposer une cloison sur mesure adapt\u00e9es \u00e0 vos besoins.\" \/>\n<meta name=\"robots\" content=\"index, follow, max-snippet:-1, max-image-preview:large, max-video-preview:-1\" \/>\n<link rel=\"canonical\" href=\"https:\/\/www.europlafond.be\/fr\/services\/cloisons\/\" \/>\n<meta property=\"og:locale\" content=\"fr_FR\" \/>\n<meta property=\"og:type\" content=\"article\" \/>\n<meta property=\"og:title\" content=\"Votre cloison sur mesure &#8211; Europlafond sa - Eurocloison\u00ae\" \/>\n<meta property=\"og:description\" content=\"Chez Europlafond, nous tenons compte de toutes les exigences afin de vous proposer une cloison sur mesure adapt\u00e9es \u00e0 vos besoins.\" \/>\n<meta property=\"og:url\" content=\"https:\/\/www.europlafond.be\/fr\/services\/cloisons\/\" \/>\n<meta property=\"og:site_name\" content=\"Europlafond sa - Eurocloison\u00ae\" \/>\n<meta property=\"article:modified_time\" content=\"2020-04-30T11:41:52+00:00\" \/>\n<meta name=\"twitter:card\" content=\"summary_large_image\" \/>\n<meta name=\"twitter:label1\" content=\"Dur\u00e9e de lecture estim\u00e9e\" \/>\n\t<meta name=\"twitter:data1\" content=\"3 minutes\" \/>\n<script type=\"application\/ld+json\" class=\"yoast-schema-graph\">{\"@context\":\"https:\/\/schema.org\",\"@graph\":[{\"@type\":\"WebPage\",\"@id\":\"https:\/\/www.europlafond.be\/fr\/services\/cloisons\/\",\"url\":\"https:\/\/www.europlafond.be\/fr\/services\/cloisons\/\",\"name\":\"Votre cloison sur mesure &#8211; Europlafond sa - Eurocloison\u00ae\",\"isPartOf\":{\"@id\":\"https:\/\/www.europlafond.be\/fr\/#website\"},\"datePublished\":\"2020-02-12T22:02:20+00:00\",\"dateModified\":\"2020-04-30T11:41:52+00:00\",\"description\":\"Chez Europlafond, nous tenons compte de toutes les exigences afin de vous proposer une cloison sur mesure adapt\u00e9es \u00e0 vos besoins.\",\"breadcrumb\":{\"@id\":\"https:\/\/www.europlafond.be\/fr\/services\/cloisons\/#breadcrumb\"},\"inLanguage\":\"fr-FR\",\"potentialAction\":[{\"@type\":\"ReadAction\",\"target\":[\"https:\/\/www.europlafond.be\/fr\/services\/cloisons\/\"]}]},{\"@type\":\"BreadcrumbList\",\"@id\":\"https:\/\/www.europlafond.be\/fr\/services\/cloisons\/#breadcrumb\",\"itemListElement\":[{\"@type\":\"ListItem\",\"position\":1,\"name\":\"Accueil\",\"item\":\"https:\/\/www.europlafond.be\/fr\/\"},{\"@type\":\"ListItem\",\"position\":2,\"name\":\"Services d&rsquo;am\u00e9nagement \u00e0 Bruxelles\",\"item\":\"https:\/\/www.europlafond.be\/fr\/services\/\"},{\"@type\":\"ListItem\",\"position\":3,\"name\":\"Votre cloison sur mesure\"}]},{\"@type\":\"WebSite\",\"@id\":\"https:\/\/www.europlafond.be\/fr\/#website\",\"url\":\"https:\/\/www.europlafond.be\/fr\/\",\"name\":\"Europlafond sa - Eurocloison\u00ae\",\"description\":\"Expert dans le parach\u00e8vement d&#039;int\u00e9rieur\",\"publisher\":{\"@id\":\"https:\/\/www.europlafond.be\/fr\/#organization\"},\"potentialAction\":[{\"@type\":\"SearchAction\",\"target\":{\"@type\":\"EntryPoint\",\"urlTemplate\":\"https:\/\/www.europlafond.be\/fr\/?s={search_term_string}\"},\"query-input\":{\"@type\":\"PropertyValueSpecification\",\"valueRequired\":true,\"valueName\":\"search_term_string\"}}],\"inLanguage\":\"fr-FR\"},{\"@type\":\"Organization\",\"@id\":\"https:\/\/www.europlafond.be\/fr\/#organization\",\"name\":\"Europlafond sa\/nv Eurocloison\u00ae\",\"url\":\"https:\/\/www.europlafond.be\/fr\/\",\"logo\":{\"@type\":\"ImageObject\",\"inLanguage\":\"fr-FR\",\"@id\":\"https:\/\/www.europlafond.be\/fr\/#\/schema\/logo\/image\/\",\"url\":\"https:\/\/www.europlafond.be\/wp-content\/uploads\/2020\/05\/Europlafond-eurocloison-logo.jpg\",\"contentUrl\":\"https:\/\/www.europlafond.be\/wp-content\/uploads\/2020\/05\/Europlafond-eurocloison-logo.jpg\",\"width\":512,\"height\":512,\"caption\":\"Europlafond sa\/nv Eurocloison\u00ae\"},\"image\":{\"@id\":\"https:\/\/www.europlafond.be\/fr\/#\/schema\/logo\/image\/\"},\"sameAs\":[\"https:\/\/www.youtube.com\/channel\/UCWY_UeBLSXRoLwXINEY1EWQ\"]}]}<\/script>\n<!-- \/ Yoast SEO plugin. -->","yoast_head_json":{"title":"Votre cloison sur mesure &#8211; Europlafond sa - Eurocloison\u00ae","description":"Chez Europlafond, nous tenons compte de toutes les exigences afin de vous proposer une cloison sur mesure adapt\u00e9es \u00e0 vos besoins.","robots":{"index":"index","follow":"follow","max-snippet":"max-snippet:-1","max-image-preview":"max-image-preview:large","max-video-preview":"max-video-preview:-1"},"canonical":"https:\/\/www.europlafond.be\/fr\/services\/cloisons\/","og_locale":"fr_FR","og_type":"article","og_title":"Votre cloison sur mesure &#8211; Europlafond sa - Eurocloison\u00ae","og_description":"Chez Europlafond, nous tenons compte de toutes les exigences afin de vous proposer une cloison sur mesure adapt\u00e9es \u00e0 vos besoins.","og_url":"https:\/\/www.europlafond.be\/fr\/services\/cloisons\/","og_site_name":"Europlafond sa - Eurocloison\u00ae","article_modified_time":"2020-04-30T11:41:52+00:00","twitter_card":"summary_large_image","twitter_misc":{"Dur\u00e9e de lecture estim\u00e9e":"3 minutes"},"schema":{"@context":"https:\/\/schema.org","@graph":[{"@type":"WebPage","@id":"https:\/\/www.europlafond.be\/fr\/services\/cloisons\/","url":"https:\/\/www.europlafond.be\/fr\/services\/cloisons\/","name":"Votre cloison sur mesure &#8211; Europlafond sa - Eurocloison\u00ae","isPartOf":{"@id":"https:\/\/www.europlafond.be\/fr\/#website"},"datePublished":"2020-02-12T22:02:20+00:00","dateModified":"2020-04-30T11:41:52+00:00","description":"Chez Europlafond, nous tenons compte de toutes les exigences afin de vous proposer une cloison sur mesure adapt\u00e9es \u00e0 vos besoins.","breadcrumb":{"@id":"https:\/\/www.europlafond.be\/fr\/services\/cloisons\/#breadcrumb"},"inLanguage":"fr-FR","potentialAction":[{"@type":"ReadAction","target":["https:\/\/www.europlafond.be\/fr\/services\/cloisons\/"]}]},{"@type":"BreadcrumbList","@id":"https:\/\/www.europlafond.be\/fr\/services\/cloisons\/#breadcrumb","itemListElement":[{"@type":"ListItem","position":1,"name":"Accueil","item":"https:\/\/www.europlafond.be\/fr\/"},{"@type":"ListItem","position":2,"name":"Services d&rsquo;am\u00e9nagement \u00e0 Bruxelles","item":"https:\/\/www.europlafond.be\/fr\/services\/"},{"@type":"ListItem","position":3,"name":"Votre cloison sur mesure"}]},{"@type":"WebSite","@id":"https:\/\/www.europlafond.be\/fr\/#website","url":"https:\/\/www.europlafond.be\/fr\/","name":"Europlafond sa - Eurocloison\u00ae","description":"Expert dans le parach\u00e8vement d&#039;int\u00e9rieur","publisher":{"@id":"https:\/\/www.europlafond.be\/fr\/#organization"},"potentialAction":[{"@type":"SearchAction","target":{"@type":"EntryPoint","urlTemplate":"https:\/\/www.europlafond.be\/fr\/?s={search_term_string}"},"query-input":{"@type":"PropertyValueSpecification","valueRequired":true,"valueName":"search_term_string"}}],"inLanguage":"fr-FR"},{"@type":"Organization","@id":"https:\/\/www.europlafond.be\/fr\/#organization","name":"Europlafond sa\/nv Eurocloison\u00ae","url":"https:\/\/www.europlafond.be\/fr\/","logo":{"@type":"ImageObject","inLanguage":"fr-FR","@id":"https:\/\/www.europlafond.be\/fr\/#\/schema\/logo\/image\/","url":"https:\/\/www.europlafond.be\/wp-content\/uploads\/2020\/05\/Europlafond-eurocloison-logo.jpg","contentUrl":"https:\/\/www.europlafond.be\/wp-content\/uploads\/2020\/05\/Europlafond-eurocloison-logo.jpg","width":512,"height":512,"caption":"Europlafond sa\/nv Eurocloison\u00ae"},"image":{"@id":"https:\/\/www.europlafond.be\/fr\/#\/schema\/logo\/image\/"},"sameAs":["https:\/\/www.youtube.com\/channel\/UCWY_UeBLSXRoLwXINEY1EWQ"]}]}},"_links":{"self":[{"href":"https:\/\/www.europlafond.be\/fr\/wp-json\/wp\/v2\/pages\/57","targetHints":{"allow":["GET"]}}],"collection":[{"href":"https:\/\/www.europlafond.be\/fr\/wp-json\/wp\/v2\/pages"}],"about":[{"href":"https:\/\/www.europlafond.be\/fr\/wp-json\/wp\/v2\/types\/page"}],"author":[{"embeddable":true,"href":"https:\/\/www.europlafond.be\/fr\/wp-json\/wp\/v2\/users\/1"}],"replies":[{"embeddable":true,"href":"https:\/\/www.europlafond.be\/fr\/wp-json\/wp\/v2\/comments?post=57"}],"version-history":[{"count":9,"href":"https:\/\/www.europlafond.be\/fr\/wp-json\/wp\/v2\/pages\/57\/revisions"}],"predecessor-version":[{"id":862,"href":"https:\/\/www.europlafond.be\/fr\/wp-json\/wp\/v2\/pages\/57\/revisions\/862"}],"up":[{"embeddable":true,"href":"https:\/\/www.europlafond.be\/fr\/wp-json\/wp\/v2\/pages\/53"}],"wp:attachment":[{"href":"https:\/\/www.europlafond.be\/fr\/wp-json\/wp\/v2\/media?parent=57"}],"curies":[{"name":"wp","href":"https:\/\/api.w.org\/{rel}","templated":true}]}}