{"id":63,"date":"2020-02-12T23:03:21","date_gmt":"2020-02-12T22:03:21","guid":{"rendered":"https:\/\/europlafond.uni-vert.be\/?page_id=63"},"modified":"2023-12-20T14:31:25","modified_gmt":"2023-12-20T13:31:25","slug":"mobilier","status":"publish","type":"page","link":"https:\/\/www.europlafond.be\/fr\/services\/mobilier\/","title":{"rendered":"Mobilier de qualit\u00e9 pour votre bureau"},"content":{"rendered":"<div class=\"wpb-content-wrapper\"><p>[vc_row rtl_reverse=\u00a0\u00bbyes\u00a0\u00bb bg_type=\u00a0\u00bbcolor\u00a0\u00bb padding_top_multiplier=\u00a0\u00bb3x\u00a0\u00bb padding_bottom_multiplier=\u00a0\u00bb3x\u00a0\u00bb equal_column_height=\u00a0\u00bbmiddle-content\u00a0\u00bb mobile_equal_column_height=\u00a0\u00bbfalse\u00a0\u00bb][vc_column width=\u00a0\u00bb7\/12&Prime;]<div class=\"grve-element grve-slogan grve-align-left\" style=\"\"><div class=\"grve-subtitle\">Services - Mobilier<\/div><h2 class=\"grve-slogan-title grve-align-left grve-h2\"><span>Envie de mobilier de qualit\u00e9 pour vos bureaux ?<span class=\"grve-title-line grve-bg-primary-1\" style=\"width: 50px;height: 2px;\"><\/span><\/span><\/h2><\/div><div class=\"grve-empty-space grve-height-1x\" style=\"\"><\/div>[vc_column_text]Nous travaillons en partenariat avec des gros acteurs dans le domaine du mobilier de bureau pour vous aider \u00e0 choisir le mobilier de bureau id\u00e9al pour vos collaborateurs. Leurs offres allient design, confort et prix \u00e0 la perfection pour garantir un espace de travail agr\u00e9able et ergonomique. R\u00e9sultat : une meilleure ambiance de travail ainsi que des employ\u00e9s plus heureux et plus performants.<br \/>\nOutre une large gamme de bureaux, de tables, de si\u00e8ges, d&rsquo;armoires et d\u2019autres meubles de bureau, nous vous proposons une solution d\u2019am\u00e9nagement total et sur mesure, y compris pour votre salle de r\u00e9union, vos bureaux de direction, votre espace d\u2019accueil, votre coin caf\u00e9 ou votre caf\u00e9t\u00e9ria.<br \/>\nApr\u00e8s un premier rendez-vous avec un commercial. Celui-ci devient votre gestionnaire de projet privil\u00e9gi\u00e9. Aid\u00e9 par des architectes d&rsquo;int\u00e9rieurs, il pr\u00eatera une oreille attentive \u00e0 l\u2019histoire, aux attentes et aux besoins sp\u00e9cifiques de votre entreprise.<br \/>\nUne \u00e9quipe d\u2019architectes d\u2019int\u00e9rieur pense, dessine et mod\u00e9lise votre projet : plans, 3D et dossiers d\u00e9taill\u00e9s.<br \/>\nElle apporte une grande attention \u00e0 la r\u00e9flexion, au concept, aux finitions afin que votre projet soit \u00e0 votre image.[\/vc_column_text]<div class=\"grve-empty-space grve-height-1x\" style=\"\"><\/div>[\/vc_column][vc_column width=\u00a0\u00bb5\/12&Prime; css=\u00a0\u00bb.vc_custom_1588873398722{padding-left: 9% !important;background-image: url(https:\/\/europlafond.uni-vert.be\/wp-content\/uploads\/2020\/05\/europlafond-construction-bullets.jpg?id=904) !important;background-position: center !important;background-repeat: no-repeat !important;background-size: cover !important;}\u00a0\u00bb]<div class=\"grve-element grve-slider grve-layout-1 grve-gallery-popup\"  style=\" \">  <div class=\"grve-carousel-wrapper\"><div class=\"grve-carousel-navigation grve-dark grve-navigation-1 grve-navigation-default\"><div class=\"grve-carousel-buttons\"><div class=\"grve-carousel-prev\"><i class=\"grve-icon-nav-left-small\"><\/i><span class=\"screen-reader-text\">Previous<\/span><\/div><div class=\"grve-carousel-next\"><i class=\"grve-icon-nav-right-small\"><\/i><span class=\"screen-reader-text\">Next<\/span><\/div><\/div><\/div><div class=\"grve-slider-element owl-carousel grve-theme\" data-slider-speed=\"3500\" data-slider-pause=\"no\" data-slider-autoplay=\"yes\" data-slider-loop=\"yes\" data-slider-transition=\"slide\" data-slider-autoheight=\"no\" data-pagination=\"yes\"><div class=\"grve-slider-item grve-hover-item grve-hover-style-none\">  <figure class=\"grve-image-hover grve-zoom-none\"><div class=\"grve-media\"><img loading=\"lazy\" decoding=\"async\" width=\"900\" height=\"658\" src=\"https:\/\/www.europlafond.be\/wp-content\/uploads\/2020\/03\/Europlafond-BenjaminBrolet-services-mobilier-03-900x658.jpg\" class=\"attachment-movedo-grve-large-rect-horizontal size-movedo-grve-large-rect-horizontal\" alt=\"mobilier salle de r\u00e9union\" \/><\/div>  <\/figure><\/div><div class=\"grve-slider-item grve-hover-item grve-hover-style-none\">  <figure class=\"grve-image-hover grve-zoom-none\"><div class=\"grve-media\"><img loading=\"lazy\" decoding=\"async\" width=\"900\" height=\"658\" src=\"https:\/\/www.europlafond.be\/wp-content\/uploads\/2020\/03\/Europlafond-BenjaminBrolet-services-mobilier-02-900x658.jpg\" class=\"attachment-movedo-grve-large-rect-horizontal size-movedo-grve-large-rect-horizontal\" alt=\"mobilier bureau\" \/><\/div>  <\/figure><\/div><div class=\"grve-slider-item grve-hover-item grve-hover-style-none\">  <figure class=\"grve-image-hover grve-zoom-none\"><div class=\"grve-media\"><img loading=\"lazy\" decoding=\"async\" width=\"900\" height=\"658\" src=\"https:\/\/www.europlafond.be\/wp-content\/uploads\/2020\/03\/Europlafond-BenjaminBrolet-services-mobilier-01-900x658.jpg\" class=\"attachment-movedo-grve-large-rect-horizontal size-movedo-grve-large-rect-horizontal\" alt=\"mobilier accueil entreprise\" \/><\/div>  <\/figure><\/div>\t<\/div>  <\/div><\/div><div class=\"grve-empty-space grve-height-1x\" style=\"\"><\/div>[\/vc_column][\/vc_row][vc_row rtl_reverse=\u00a0\u00bbyes\u00a0\u00bb bg_type=\u00a0\u00bbcolor\u00a0\u00bb padding_top_multiplier=\u00a0\u00bb3x\u00a0\u00bb padding_bottom_multiplier=\u00a0\u00bb3x\u00a0\u00bb equal_column_height=\u00a0\u00bbmiddle-content\u00a0\u00bb mobile_equal_column_height=\u00a0\u00bbfalse\u00a0\u00bb bg_color=\u00a0\u00bb#f7f7f7&Prime;][vc_column width=\u00a0\u00bb5\/12&Prime; css=\u00a0\u00bb.vc_custom_1585404795169{padding-right: 9% !important;}\u00a0\u00bb]<div class=\"grve-element grve-slider grve-layout-1 grve-gallery-popup\"  style=\" \">  <div class=\"grve-carousel-wrapper\"><div class=\"grve-carousel-navigation grve-dark grve-navigation-1 grve-navigation-default\"><div class=\"grve-carousel-buttons\"><div class=\"grve-carousel-prev\"><i class=\"grve-icon-nav-left-small\"><\/i><span class=\"screen-reader-text\">Previous<\/span><\/div><div class=\"grve-carousel-next\"><i class=\"grve-icon-nav-right-small\"><\/i><span class=\"screen-reader-text\">Next<\/span><\/div><\/div><\/div><div class=\"grve-slider-element owl-carousel grve-theme\" data-slider-speed=\"3500\" data-slider-pause=\"no\" data-slider-autoplay=\"yes\" data-slider-loop=\"yes\" data-slider-transition=\"slide\" data-slider-autoheight=\"no\" data-pagination=\"yes\"><div class=\"grve-slider-item grve-hover-item grve-hover-style-none\">  <figure class=\"grve-image-hover grve-zoom-none\"><div class=\"grve-media\"><img loading=\"lazy\" decoding=\"async\" width=\"900\" height=\"658\" src=\"https:\/\/www.europlafond.be\/wp-content\/uploads\/2023\/12\/Europlafond-menuiseries-a-facon-900x658.jpg\" class=\"attachment-movedo-grve-large-rect-horizontal size-movedo-grve-large-rect-horizontal\" alt=\"menuiseries \u00e0 fa\u00e7on sign\u00e9e Europlafond\" \/><\/div>  <\/figure><\/div><div class=\"grve-slider-item grve-hover-item grve-hover-style-none\">  <figure class=\"grve-image-hover grve-zoom-none\"><div class=\"grve-media\"><img loading=\"lazy\" decoding=\"async\" width=\"900\" height=\"658\" src=\"https:\/\/www.europlafond.be\/wp-content\/uploads\/2023\/12\/Europlafond-menuiseries-placement-de-cuisine-900x658.jpg\" class=\"attachment-movedo-grve-large-rect-horizontal size-movedo-grve-large-rect-horizontal\" alt=\"armoires de cuisine\" \/><\/div>  <\/figure><\/div><div class=\"grve-slider-item grve-hover-item grve-hover-style-none\">  <figure class=\"grve-image-hover grve-zoom-none\"><div class=\"grve-media\"><img loading=\"lazy\" decoding=\"async\" width=\"900\" height=\"658\" src=\"https:\/\/www.europlafond.be\/wp-content\/uploads\/2020\/03\/Europlafond-BenjaminBrolet-services-mobilier-menuiserie-02-900x658.jpg\" class=\"attachment-movedo-grve-large-rect-horizontal size-movedo-grve-large-rect-horizontal\" alt=\"Mobilier menuiserie\" \/><\/div>  <\/figure><\/div><div class=\"grve-slider-item grve-hover-item grve-hover-style-none\">  <figure class=\"grve-image-hover grve-zoom-none\"><div class=\"grve-media\"><img loading=\"lazy\" decoding=\"async\" width=\"900\" height=\"658\" src=\"https:\/\/www.europlafond.be\/wp-content\/uploads\/2020\/03\/Europlafond-services-mobilier-menuiserie-01-900x658.jpg\" class=\"attachment-movedo-grve-large-rect-horizontal size-movedo-grve-large-rect-horizontal\" alt=\"mobilier menuiserie\" \/><\/div>  <\/figure><\/div><div class=\"grve-slider-item grve-hover-item grve-hover-style-none\">  <figure class=\"grve-image-hover grve-zoom-none\"><div class=\"grve-media\"><img loading=\"lazy\" decoding=\"async\" width=\"900\" height=\"658\" src=\"https:\/\/www.europlafond.be\/wp-content\/uploads\/2021\/05\/europlafond-coffrage-900x658.jpg\" class=\"attachment-movedo-grve-large-rect-horizontal size-movedo-grve-large-rect-horizontal\" alt=\"coffrage europlafond\" \/><\/div>  <\/figure><\/div><div class=\"grve-slider-item grve-hover-item grve-hover-style-none\">  <figure class=\"grve-image-hover grve-zoom-none\"><div class=\"grve-media\"><img loading=\"lazy\" decoding=\"async\" width=\"900\" height=\"658\" src=\"https:\/\/www.europlafond.be\/wp-content\/uploads\/2019\/12\/Europlafond-BenjaminBrolet-reaslisations-equilis-02-900x658.jpg\" class=\"attachment-movedo-grve-large-rect-horizontal size-movedo-grve-large-rect-horizontal\" alt=\"travaux Equilis\" \/><\/div>  <\/figure><\/div>\t<\/div>  <\/div><\/div><div class=\"grve-empty-space grve-height-1x\" style=\"\"><\/div>[\/vc_column][vc_column width=\u00a0\u00bb7\/12&Prime; css=\u00a0\u00bb.vc_custom_1585404570737{background-position: center !important;background-repeat: no-repeat !important;background-size: cover !important;}\u00a0\u00bb]<div class=\"grve-element grve-slogan grve-align-left\" style=\"\"><div class=\"grve-subtitle\">Services - Mobilier<\/div><h2 class=\"grve-slogan-title grve-align-left grve-h2\"><span>Nos menuiseries ajoutent une \u00e2me \u00e0 votre projet<span class=\"grve-title-line grve-bg-primary-1\" style=\"width: 50px;height: 2px;\"><\/span><\/span><\/h2><\/div><div class=\"grve-empty-space grve-height-1x\" style=\"\"><\/div>[vc_column_text]Dans notre gamme de services, nous offrons \u00e9galement des menuiseries \u00e0 fa\u00e7on, armoires de cuisine, placards, coffrages, claustras \u2026 etc qui donneront une \u00e2me \u00e0 votre projet. Dans nos ateliers \u00e9quip\u00e9s d\u2019un parc de machines modernes nos menuisiers sp\u00e9cialistes du bois et de l\u2019aluminium r\u00e9aliserons vos demandes sur mesure.[\/vc_column_text]<div class=\"grve-empty-space grve-height-1x\" style=\"\"><\/div>[\/vc_column][\/vc_row][vc_row heading_color=\u00a0\u00bblight\u00a0\u00bb bg_type=\u00a0\u00bbcolor\u00a0\u00bb padding_top_multiplier=\u00a0\u00bb2x\u00a0\u00bb padding_bottom_multiplier=\u00a0\u00bb2x\u00a0\u00bb separator_top_size=\u00a0\u00bb60px\u00a0\u00bb separator_top_color=\u00a0\u00bb#f7f7f7&Prime; bg_color=\u00a0\u00bb#e40520&Prime; font_color=\u00a0\u00bb#ffffff\u00a0\u00bb][vc_column]<div class=\"grve-element grve-callout grve-btn-right\" style=\"\">  <div class=\"grve-callout-wrapper\"><h2 class=\"grve-callout-content grve-h2\">Contactez-nous<\/h2>    <p class=\"grve-leader-text\">Un projet en t\u00eate ? R\u00e9alisons-le ensemble !<\/p>  <\/div>  <div class=\"grve-button-wrapper\"><a href=\"\/fr\/contact\/\" class=\"grve-btn grve-btn-medium grve-extra-round grve-bg-white grve-bg-hover-black\"><span>\u00c9crivez-nous<\/span><\/a>  <\/div><\/div>[\/vc_column][\/vc_row]<\/p>\n<\/div>","protected":false},"excerpt":{"rendered":"<p>[vc_row rtl_reverse=\u00a0\u00bbyes\u00a0\u00bb bg_type=\u00a0\u00bbcolor\u00a0\u00bb padding_top_multiplier=\u00a0\u00bb3x\u00a0\u00bb padding_bottom_multiplier=\u00a0\u00bb3x\u00a0\u00bb equal_column_height=\u00a0\u00bbmiddle-content\u00a0\u00bb mobile_equal_column_height=\u00a0\u00bbfalse\u00a0\u00bb][vc_column width=\u00a0\u00bb7\/12&Prime;][vc_column_text]Nous travaillons en partenariat avec des gros acteurs dans le domaine du mobilier de bureau pour vous aider \u00e0 choisir le mobilier de bureau id\u00e9al pour vos collaborateurs. Leurs offres allient design, confort et prix \u00e0 la perfection pour garantir un espace de travail agr\u00e9able et ergonomique. R\u00e9sultat [&hellip;]<\/p>\n","protected":false},"author":1,"featured_media":0,"parent":53,"menu_order":0,"comment_status":"closed","ping_status":"closed","template":"","meta":{"footnotes":""},"class_list":["post-63","page","type-page","status-publish","hentry"],"yoast_head":"<!-- This site is optimized with the Yoast SEO plugin v27.2 - https:\/\/yoast.com\/product\/yoast-seo-wordpress\/ -->\n<title>Mobilier de qualit\u00e9 pour votre bureau &#8211; Europlafond sa - Eurocloison\u00ae<\/title>\n<meta name=\"description\" content=\"Nous travaillons avec des gros acteurs dans le domaine du mobilier de bureau pour vous aider \u00e0 choisir le mobilier de bureau id\u00e9al pour vos collaborateurs.\" \/>\n<meta name=\"robots\" content=\"index, follow, max-snippet:-1, max-image-preview:large, max-video-preview:-1\" \/>\n<link rel=\"canonical\" href=\"https:\/\/www.europlafond.be\/fr\/services\/mobilier\/\" \/>\n<meta property=\"og:locale\" content=\"fr_FR\" \/>\n<meta property=\"og:type\" content=\"article\" \/>\n<meta property=\"og:title\" content=\"Mobilier de qualit\u00e9 pour votre bureau &#8211; Europlafond sa - Eurocloison\u00ae\" \/>\n<meta property=\"og:description\" content=\"Nous travaillons avec des gros acteurs dans le domaine du mobilier de bureau pour vous aider \u00e0 choisir le mobilier de bureau id\u00e9al pour vos collaborateurs.\" \/>\n<meta property=\"og:url\" content=\"https:\/\/www.europlafond.be\/fr\/services\/mobilier\/\" \/>\n<meta property=\"og:site_name\" content=\"Europlafond sa - Eurocloison\u00ae\" \/>\n<meta property=\"article:modified_time\" content=\"2023-12-20T13:31:25+00:00\" \/>\n<meta name=\"twitter:card\" content=\"summary_large_image\" \/>\n<meta name=\"twitter:label1\" content=\"Dur\u00e9e de lecture estim\u00e9e\" \/>\n\t<meta name=\"twitter:data1\" content=\"2 minutes\" \/>\n<script type=\"application\/ld+json\" class=\"yoast-schema-graph\">{\"@context\":\"https:\/\/schema.org\",\"@graph\":[{\"@type\":\"WebPage\",\"@id\":\"https:\/\/www.europlafond.be\/fr\/services\/mobilier\/\",\"url\":\"https:\/\/www.europlafond.be\/fr\/services\/mobilier\/\",\"name\":\"Mobilier de qualit\u00e9 pour votre bureau &#8211; Europlafond sa - Eurocloison\u00ae\",\"isPartOf\":{\"@id\":\"https:\/\/www.europlafond.be\/fr\/#website\"},\"datePublished\":\"2020-02-12T22:03:21+00:00\",\"dateModified\":\"2023-12-20T13:31:25+00:00\",\"description\":\"Nous travaillons avec des gros acteurs dans le domaine du mobilier de bureau pour vous aider \u00e0 choisir le mobilier de bureau id\u00e9al pour vos collaborateurs.\",\"breadcrumb\":{\"@id\":\"https:\/\/www.europlafond.be\/fr\/services\/mobilier\/#breadcrumb\"},\"inLanguage\":\"fr-FR\",\"potentialAction\":[{\"@type\":\"ReadAction\",\"target\":[\"https:\/\/www.europlafond.be\/fr\/services\/mobilier\/\"]}]},{\"@type\":\"BreadcrumbList\",\"@id\":\"https:\/\/www.europlafond.be\/fr\/services\/mobilier\/#breadcrumb\",\"itemListElement\":[{\"@type\":\"ListItem\",\"position\":1,\"name\":\"Accueil\",\"item\":\"https:\/\/www.europlafond.be\/fr\/\"},{\"@type\":\"ListItem\",\"position\":2,\"name\":\"Services d&rsquo;am\u00e9nagement \u00e0 Bruxelles\",\"item\":\"https:\/\/www.europlafond.be\/fr\/services\/\"},{\"@type\":\"ListItem\",\"position\":3,\"name\":\"Mobilier de qualit\u00e9 pour votre bureau\"}]},{\"@type\":\"WebSite\",\"@id\":\"https:\/\/www.europlafond.be\/fr\/#website\",\"url\":\"https:\/\/www.europlafond.be\/fr\/\",\"name\":\"Europlafond sa - Eurocloison\u00ae\",\"description\":\"Expert dans le parach\u00e8vement d&#039;int\u00e9rieur\",\"publisher\":{\"@id\":\"https:\/\/www.europlafond.be\/fr\/#organization\"},\"potentialAction\":[{\"@type\":\"SearchAction\",\"target\":{\"@type\":\"EntryPoint\",\"urlTemplate\":\"https:\/\/www.europlafond.be\/fr\/?s={search_term_string}\"},\"query-input\":{\"@type\":\"PropertyValueSpecification\",\"valueRequired\":true,\"valueName\":\"search_term_string\"}}],\"inLanguage\":\"fr-FR\"},{\"@type\":\"Organization\",\"@id\":\"https:\/\/www.europlafond.be\/fr\/#organization\",\"name\":\"Europlafond sa\/nv Eurocloison\u00ae\",\"url\":\"https:\/\/www.europlafond.be\/fr\/\",\"logo\":{\"@type\":\"ImageObject\",\"inLanguage\":\"fr-FR\",\"@id\":\"https:\/\/www.europlafond.be\/fr\/#\/schema\/logo\/image\/\",\"url\":\"https:\/\/www.europlafond.be\/wp-content\/uploads\/2020\/05\/Europlafond-eurocloison-logo.jpg\",\"contentUrl\":\"https:\/\/www.europlafond.be\/wp-content\/uploads\/2020\/05\/Europlafond-eurocloison-logo.jpg\",\"width\":512,\"height\":512,\"caption\":\"Europlafond sa\/nv Eurocloison\u00ae\"},\"image\":{\"@id\":\"https:\/\/www.europlafond.be\/fr\/#\/schema\/logo\/image\/\"},\"sameAs\":[\"https:\/\/www.youtube.com\/channel\/UCWY_UeBLSXRoLwXINEY1EWQ\"]}]}<\/script>\n<!-- \/ Yoast SEO plugin. -->","yoast_head_json":{"title":"Mobilier de qualit\u00e9 pour votre bureau &#8211; Europlafond sa - Eurocloison\u00ae","description":"Nous travaillons avec des gros acteurs dans le domaine du mobilier de bureau pour vous aider \u00e0 choisir le mobilier de bureau id\u00e9al pour vos collaborateurs.","robots":{"index":"index","follow":"follow","max-snippet":"max-snippet:-1","max-image-preview":"max-image-preview:large","max-video-preview":"max-video-preview:-1"},"canonical":"https:\/\/www.europlafond.be\/fr\/services\/mobilier\/","og_locale":"fr_FR","og_type":"article","og_title":"Mobilier de qualit\u00e9 pour votre bureau &#8211; Europlafond sa - Eurocloison\u00ae","og_description":"Nous travaillons avec des gros acteurs dans le domaine du mobilier de bureau pour vous aider \u00e0 choisir le mobilier de bureau id\u00e9al pour vos collaborateurs.","og_url":"https:\/\/www.europlafond.be\/fr\/services\/mobilier\/","og_site_name":"Europlafond sa - Eurocloison\u00ae","article_modified_time":"2023-12-20T13:31:25+00:00","twitter_card":"summary_large_image","twitter_misc":{"Dur\u00e9e de lecture estim\u00e9e":"2 minutes"},"schema":{"@context":"https:\/\/schema.org","@graph":[{"@type":"WebPage","@id":"https:\/\/www.europlafond.be\/fr\/services\/mobilier\/","url":"https:\/\/www.europlafond.be\/fr\/services\/mobilier\/","name":"Mobilier de qualit\u00e9 pour votre bureau &#8211; Europlafond sa - Eurocloison\u00ae","isPartOf":{"@id":"https:\/\/www.europlafond.be\/fr\/#website"},"datePublished":"2020-02-12T22:03:21+00:00","dateModified":"2023-12-20T13:31:25+00:00","description":"Nous travaillons avec des gros acteurs dans le domaine du mobilier de bureau pour vous aider \u00e0 choisir le mobilier de bureau id\u00e9al pour vos collaborateurs.","breadcrumb":{"@id":"https:\/\/www.europlafond.be\/fr\/services\/mobilier\/#breadcrumb"},"inLanguage":"fr-FR","potentialAction":[{"@type":"ReadAction","target":["https:\/\/www.europlafond.be\/fr\/services\/mobilier\/"]}]},{"@type":"BreadcrumbList","@id":"https:\/\/www.europlafond.be\/fr\/services\/mobilier\/#breadcrumb","itemListElement":[{"@type":"ListItem","position":1,"name":"Accueil","item":"https:\/\/www.europlafond.be\/fr\/"},{"@type":"ListItem","position":2,"name":"Services d&rsquo;am\u00e9nagement \u00e0 Bruxelles","item":"https:\/\/www.europlafond.be\/fr\/services\/"},{"@type":"ListItem","position":3,"name":"Mobilier de qualit\u00e9 pour votre bureau"}]},{"@type":"WebSite","@id":"https:\/\/www.europlafond.be\/fr\/#website","url":"https:\/\/www.europlafond.be\/fr\/","name":"Europlafond sa - Eurocloison\u00ae","description":"Expert dans le parach\u00e8vement d&#039;int\u00e9rieur","publisher":{"@id":"https:\/\/www.europlafond.be\/fr\/#organization"},"potentialAction":[{"@type":"SearchAction","target":{"@type":"EntryPoint","urlTemplate":"https:\/\/www.europlafond.be\/fr\/?s={search_term_string}"},"query-input":{"@type":"PropertyValueSpecification","valueRequired":true,"valueName":"search_term_string"}}],"inLanguage":"fr-FR"},{"@type":"Organization","@id":"https:\/\/www.europlafond.be\/fr\/#organization","name":"Europlafond sa\/nv Eurocloison\u00ae","url":"https:\/\/www.europlafond.be\/fr\/","logo":{"@type":"ImageObject","inLanguage":"fr-FR","@id":"https:\/\/www.europlafond.be\/fr\/#\/schema\/logo\/image\/","url":"https:\/\/www.europlafond.be\/wp-content\/uploads\/2020\/05\/Europlafond-eurocloison-logo.jpg","contentUrl":"https:\/\/www.europlafond.be\/wp-content\/uploads\/2020\/05\/Europlafond-eurocloison-logo.jpg","width":512,"height":512,"caption":"Europlafond sa\/nv Eurocloison\u00ae"},"image":{"@id":"https:\/\/www.europlafond.be\/fr\/#\/schema\/logo\/image\/"},"sameAs":["https:\/\/www.youtube.com\/channel\/UCWY_UeBLSXRoLwXINEY1EWQ"]}]}},"_links":{"self":[{"href":"https:\/\/www.europlafond.be\/fr\/wp-json\/wp\/v2\/pages\/63","targetHints":{"allow":["GET"]}}],"collection":[{"href":"https:\/\/www.europlafond.be\/fr\/wp-json\/wp\/v2\/pages"}],"about":[{"href":"https:\/\/www.europlafond.be\/fr\/wp-json\/wp\/v2\/types\/page"}],"author":[{"embeddable":true,"href":"https:\/\/www.europlafond.be\/fr\/wp-json\/wp\/v2\/users\/1"}],"replies":[{"embeddable":true,"href":"https:\/\/www.europlafond.be\/fr\/wp-json\/wp\/v2\/comments?post=63"}],"version-history":[{"count":5,"href":"https:\/\/www.europlafond.be\/fr\/wp-json\/wp\/v2\/pages\/63\/revisions"}],"predecessor-version":[{"id":10071,"href":"https:\/\/www.europlafond.be\/fr\/wp-json\/wp\/v2\/pages\/63\/revisions\/10071"}],"up":[{"embeddable":true,"href":"https:\/\/www.europlafond.be\/fr\/wp-json\/wp\/v2\/pages\/53"}],"wp:attachment":[{"href":"https:\/\/www.europlafond.be\/fr\/wp-json\/wp\/v2\/media?parent=63"}],"curies":[{"name":"wp","href":"https:\/\/api.w.org\/{rel}","templated":true}]}}