{"id":67,"date":"2020-02-12T23:04:56","date_gmt":"2020-02-12T22:04:56","guid":{"rendered":"https:\/\/europlafond.uni-vert.be\/?page_id=67"},"modified":"2024-11-16T09:00:05","modified_gmt":"2024-11-16T08:00:05","slug":"realisations","status":"publish","type":"page","link":"https:\/\/www.europlafond.be\/fr\/realisations\/","title":{"rendered":"R\u00e9alisations parach\u00e8vement d&rsquo;int\u00e9rieur"},"content":{"rendered":"<div class=\"wpb-content-wrapper\"><p>[vc_row bg_type=\u00a0\u00bbcolor\u00a0\u00bb padding_top_multiplier=\u00a0\u00bb3x\u00a0\u00bb padding_bottom_multiplier=\u00a0\u00bb\u00a0\u00bb bg_color=\u00a0\u00bb#f7f7f7&Prime;][vc_column]<div class=\"grve-element grve-slogan grve-align-center\" style=\"\"><h1 class=\"grve-slogan-title grve-align-center grve-h1\"><span>Nos r\u00e9alisations en mati\u00e8re de parach\u00e8vement d'int\u00e9rieur<span class=\"grve-title-line grve-bg-primary-1\" style=\"width: 50px;height: 2px;\"><\/span><\/span><\/h1>  <p class=\"grve-leader-text\">Au cours de ses 35 ans d\u2019exp\u00e9riences sur le march\u00e9 du parach\u00e8vement, de la r\u00e9novation et de l\u2019am\u00e9nagement de l\u2019espace de travail, Europlafond a r\u00e9alis\u00e9 de multiples projets. Nous vous invitons \u00e0 d\u00e9couvrir les derni\u00e8res r\u00e9alisations qui font partie de notre carte de visite. En quelques clics, vous trouverez les projets en photos et l\u2019explication d\u00e9taill\u00e9e de la mise en \u0153uvre des projets.<\/p><\/div>[\/vc_column][\/vc_row][vc_row heading_color=\u00a0\u00bblight\u00a0\u00bb section_type=\u00a0\u00bbfullwidth\u00a0\u00bb bg_type=\u00a0\u00bbcolor\u00a0\u00bb padding_top_multiplier=\u00a0\u00bb2x\u00a0\u00bb padding_bottom_multiplier=\u00a0\u00bb\u00a0\u00bb columns_gap=\u00a0\u00bbnone\u00a0\u00bb bg_color=\u00a0\u00bb#f7f7f7&Prime;][vc_column]\t\t\t<div class=\"grve-element grve-with-gap grve-portfolio grve-isotope\" style=\"\" data-spinner=\"no\" data-columns=\"3\" data-columns-large-screen=\"3\" data-columns-tablet-landscape=\"3\" data-columns-tablet-portrait=\"3\" data-columns-mobile=\"1\" data-layout=\"fitRows\" data-gutter-size=\"10\">\r\n\t\t\r\n\t\t\t<div class=\"grve-isotope-container\">\r\n\t\t\t\t\t\t\t<article id=\"portfolio-10547-69f8a55a809c9\" class=\"grve-isotope-item grve-portfolio-item  post-10547 portfolio type-portfolio status-publish has-post-thumbnail hentry portfolio_category-cloisons portfolio_category-mobilier portfolio_category-parachevement portfolio_category-plafonds portfolio_category-portes\">\r\n\t\t\t\t\t\t<div class=\"grve-isotope-item-inner grve-hover-item grve-zoom-in grve-hover-style-4\">\t\t\t\t\t\t\t\t\t<figure class=\"grve-image-hover grve-media grve-zoom-in\">\r\n\t\t\t\t\t\t\t\t\t\t<a class=\"grve-item-url\" aria-label=\"Nous vous invitons&#8230;\" href=\"https:\/\/www.europlafond.be\/fr\/portfolio\/40-ans-travaux-europlafond-video\/\"><\/a>\t\t\t\t\t\t\t\t\t\t\t\t\t\t\t\t\t\t\t\t\t<div class=\"grve-bg-dark grve-hover-overlay grve-opacity-50\"><\/div>\r\n\t\t\t\t\t\t\t\t\t\t\t\t\t\t\t\t\t\t\t\t<img loading=\"lazy\" decoding=\"async\" width=\"560\" height=\"420\" src=\"https:\/\/www.europlafond.be\/wp-content\/uploads\/2020\/03\/Europlafond-Eurocloison-benjamin-brolet-parachevement-560x420.jpg\" class=\"attachment-movedo-grve-small-rect-horizontal size-movedo-grve-small-rect-horizontal\" alt=\"Parach\u00e8vement Europlafond Eurocloison\" \/>\t\t\t\t\t\t\t\t\t\t\t\t\t\t\t\t\t\t\t\t<figcaption class=\"grve-content grve-align-center grve-box-item grve-bg-black\">\r\n\t\t\t\t\t\t\t\t\t\t\t\t\t\t\t\t\t\t\t\t\t\t\t\t\t\t\t\t\t\t\t\t\t<h2 class=\"grve-title grve-text-white grve-h3\">Nous vous invitons&#8230;<\/h2>\r\n\t\t\t\t\t\t\t\t\t\t\t\t\t\t\t\t\t\t\t\t\t\t\t\t\t\t\t\t\t\t\t\t\t\t\t\t\t\t\t\t\t\t\t\t\t\t\t\t\t\t\t\t\t\t\t\t\t\t\t\t\t\t\t\t\t<\/figcaption>\r\n\t\t\t\t\t\t\t\t\t\t\t\t\t\t\t\t\t\t\t<\/figure>\r\n\t\t\t\t\t\t\t\t\t\t\t\t\t<\/div>\r\n\t\t\t\t\t<\/article>\r\n\t\t\t\t\t<article id=\"portfolio-10028-69f8a55a80d81\" class=\"grve-isotope-item grve-portfolio-item  post-10028 portfolio type-portfolio status-publish has-post-thumbnail hentry portfolio_category-cloisons portfolio_category-mobilier portfolio_category-parachevement portfolio_category-plafonds portfolio_category-portes\">\r\n\t\t\t\t\t\t<div class=\"grve-isotope-item-inner grve-hover-item grve-zoom-in grve-hover-style-4\">\t\t\t\t\t\t\t\t\t<figure class=\"grve-image-hover grve-media grve-zoom-in\">\r\n\t\t\t\t\t\t\t\t\t\t<a class=\"grve-item-url\" aria-label=\"Braine-L&rsquo;alleud\" href=\"https:\/\/www.europlafond.be\/fr\/portfolio\/braine-lalleud\/\"><\/a>\t\t\t\t\t\t\t\t\t\t\t\t\t\t\t\t\t\t\t\t\t<div class=\"grve-bg-dark grve-hover-overlay grve-opacity-50\"><\/div>\r\n\t\t\t\t\t\t\t\t\t\t\t\t\t\t\t\t\t\t\t\t<img loading=\"lazy\" decoding=\"async\" width=\"560\" height=\"420\" src=\"https:\/\/www.europlafond.be\/wp-content\/uploads\/2023\/12\/Europlafond-Braine-lalleud-cover-560x420.jpg\" class=\"attachment-movedo-grve-small-rect-horizontal size-movedo-grve-small-rect-horizontal\" alt=\"travaux de parach\u00e8vement d&#039;int\u00e9rieur \u00e0 Braine-L&#039;alleud\" srcset=\"https:\/\/www.europlafond.be\/wp-content\/uploads\/2023\/12\/Europlafond-Braine-lalleud-cover-560x420.jpg 560w, https:\/\/www.europlafond.be\/wp-content\/uploads\/2023\/12\/Europlafond-Braine-lalleud-cover-900x675.jpg 900w\" sizes=\"auto, (max-width: 560px) 100vw, 560px\" \/>\t\t\t\t\t\t\t\t\t\t\t\t\t\t\t\t\t\t\t\t<figcaption class=\"grve-content grve-align-center grve-box-item grve-bg-black\">\r\n\t\t\t\t\t\t\t\t\t\t\t\t\t\t\t\t\t\t\t\t\t\t\t\t\t\t\t\t\t\t\t\t\t<h2 class=\"grve-title grve-text-white grve-h3\">Braine-L&rsquo;alleud<\/h2>\r\n\t\t\t\t\t\t\t\t\t\t\t\t\t\t\t\t\t\t\t\t\t\t\t\t\t\t\t\t\t\t\t\t\t\t\t\t\t\t\t\t\t\t\t\t\t\t\t\t\t\t\t\t\t\t\t\t\t\t\t\t\t\t\t\t\t<\/figcaption>\r\n\t\t\t\t\t\t\t\t\t\t\t\t\t\t\t\t\t\t\t<\/figure>\r\n\t\t\t\t\t\t\t\t\t\t\t\t\t<\/div>\r\n\t\t\t\t\t<\/article>\r\n\t\t\t\t\t<article id=\"portfolio-2000-69f8a55a81128\" class=\"grve-isotope-item grve-portfolio-item  post-2000 portfolio type-portfolio status-publish has-post-thumbnail hentry portfolio_category-parachevement\">\r\n\t\t\t\t\t\t<div class=\"grve-isotope-item-inner grve-hover-item grve-zoom-in grve-hover-style-4\">\t\t\t\t\t\t\t\t\t<figure class=\"grve-image-hover grve-media grve-zoom-in\">\r\n\t\t\t\t\t\t\t\t\t\t<a class=\"grve-item-url\" aria-label=\"Fiabilis &#8211; Drogenbos\" href=\"https:\/\/www.europlafond.be\/fr\/portfolio\/fiabilis-drogenbos\/\"><\/a>\t\t\t\t\t\t\t\t\t\t\t\t\t\t\t\t\t\t\t\t\t<div class=\"grve-bg-dark grve-hover-overlay grve-opacity-50\"><\/div>\r\n\t\t\t\t\t\t\t\t\t\t\t\t\t\t\t\t\t\t\t\t<img loading=\"lazy\" decoding=\"async\" width=\"560\" height=\"420\" src=\"https:\/\/www.europlafond.be\/wp-content\/uploads\/2021\/05\/Europlafond-Fiabilis-BenjaminBrolet-cover-560x420.jpg\" class=\"attachment-movedo-grve-small-rect-horizontal size-movedo-grve-small-rect-horizontal\" alt=\"travaux cuisine Fiabilis Drogenbos\" srcset=\"https:\/\/www.europlafond.be\/wp-content\/uploads\/2021\/05\/Europlafond-Fiabilis-BenjaminBrolet-cover-560x420.jpg 560w, https:\/\/www.europlafond.be\/wp-content\/uploads\/2021\/05\/Europlafond-Fiabilis-BenjaminBrolet-cover-900x675.jpg 900w\" sizes=\"auto, (max-width: 560px) 100vw, 560px\" \/>\t\t\t\t\t\t\t\t\t\t\t\t\t\t\t\t\t\t\t\t<figcaption class=\"grve-content grve-align-center grve-box-item grve-bg-black\">\r\n\t\t\t\t\t\t\t\t\t\t\t\t\t\t\t\t\t\t\t\t\t\t\t\t\t\t\t\t\t\t\t\t\t<h2 class=\"grve-title grve-text-white grve-h3\">Fiabilis &#8211; Drogenbos<\/h2>\r\n\t\t\t\t\t\t\t\t\t\t\t\t\t\t\t\t\t\t\t\t\t\t\t\t\t\t\t\t\t\t\t\t\t\t\t\t\t\t\t\t\t\t\t\t\t\t\t\t\t\t\t\t\t\t\t\t\t\t\t\t\t\t\t\t\t<\/figcaption>\r\n\t\t\t\t\t\t\t\t\t\t\t\t\t\t\t\t\t\t\t<\/figure>\r\n\t\t\t\t\t\t\t\t\t\t\t\t\t<\/div>\r\n\t\t\t\t\t<\/article>\r\n\t\t\t\t\t<article id=\"portfolio-109-69f8a55a814dc\" class=\"grve-isotope-item grve-portfolio-item  post-109 portfolio type-portfolio status-publish has-post-thumbnail hentry portfolio_category-parachevement\">\r\n\t\t\t\t\t\t<div class=\"grve-isotope-item-inner grve-hover-item grve-zoom-in grve-hover-style-4\">\t\t\t\t\t\t\t\t\t<figure class=\"grve-image-hover grve-media grve-zoom-in\">\r\n\t\t\t\t\t\t\t\t\t\t<a class=\"grve-item-url\" aria-label=\"Equilis Belgium &#8211; Waterloo\" href=\"https:\/\/www.europlafond.be\/fr\/portfolio\/equilis-belgium-waterloo\/\"><\/a>\t\t\t\t\t\t\t\t\t\t\t\t\t\t\t\t\t\t\t\t\t<div class=\"grve-bg-dark grve-hover-overlay grve-opacity-50\"><\/div>\r\n\t\t\t\t\t\t\t\t\t\t\t\t\t\t\t\t\t\t\t\t<img loading=\"lazy\" decoding=\"async\" width=\"560\" height=\"420\" src=\"https:\/\/www.europlafond.be\/wp-content\/uploads\/2020\/02\/Europlafond-Benjamin-Brolet-realisations-equilis-belgium-waterloo-560x420.jpg\" class=\"attachment-movedo-grve-small-rect-horizontal size-movedo-grve-small-rect-horizontal\" alt=\"r\u00e9alisations parach\u00e8vement d&#039;int\u00e9rieur Equilis Belgium\" srcset=\"https:\/\/www.europlafond.be\/wp-content\/uploads\/2020\/02\/Europlafond-Benjamin-Brolet-realisations-equilis-belgium-waterloo-560x420.jpg 560w, https:\/\/www.europlafond.be\/wp-content\/uploads\/2020\/02\/Europlafond-Benjamin-Brolet-realisations-equilis-belgium-waterloo-900x675.jpg 900w\" sizes=\"auto, (max-width: 560px) 100vw, 560px\" \/>\t\t\t\t\t\t\t\t\t\t\t\t\t\t\t\t\t\t\t\t<figcaption class=\"grve-content grve-align-center grve-box-item grve-bg-black\">\r\n\t\t\t\t\t\t\t\t\t\t\t\t\t\t\t\t\t\t\t\t\t\t\t\t\t\t\t\t\t\t\t\t\t<h2 class=\"grve-title grve-text-white grve-h3\">Equilis Belgium &#8211; Waterloo<\/h2>\r\n\t\t\t\t\t\t\t\t\t\t\t\t\t\t\t\t\t\t\t\t\t\t\t\t\t\t\t\t\t\t\t\t\t\t\t\t\t\t\t\t\t\t\t\t\t\t\t\t\t\t\t\t\t\t\t\t\t\t\t\t\t\t\t\t\t<\/figcaption>\r\n\t\t\t\t\t\t\t\t\t\t\t\t\t\t\t\t\t\t\t<\/figure>\r\n\t\t\t\t\t\t\t\t\t\t\t\t\t<\/div>\r\n\t\t\t\t\t<\/article>\r\n\t\t\t\t\t<article id=\"portfolio-40-69f8a55a8199b\" class=\"grve-isotope-item grve-portfolio-item  post-40 portfolio type-portfolio status-publish has-post-thumbnail hentry portfolio_category-parachevement\">\r\n\t\t\t\t\t\t<div class=\"grve-isotope-item-inner grve-hover-item grve-zoom-in grve-hover-style-4\">\t\t\t\t\t\t\t\t\t<figure class=\"grve-image-hover grve-media grve-zoom-in\">\r\n\t\t\t\t\t\t\t\t\t\t<a class=\"grve-item-url\" aria-label=\"Vastint Inter Holding Services &#8211; Waterloo\" href=\"https:\/\/www.europlafond.be\/fr\/portfolio\/vastint-inter-holding-services-waterloo\/\"><\/a>\t\t\t\t\t\t\t\t\t\t\t\t\t\t\t\t\t\t\t\t\t<div class=\"grve-bg-dark grve-hover-overlay grve-opacity-50\"><\/div>\r\n\t\t\t\t\t\t\t\t\t\t\t\t\t\t\t\t\t\t\t\t<img loading=\"lazy\" decoding=\"async\" width=\"560\" height=\"420\" src=\"https:\/\/www.europlafond.be\/wp-content\/uploads\/2020\/02\/Europlafond-Benjamin-Brolet-realisations-vastint-inter-holding-services-waterloo-560x420.jpg\" class=\"attachment-movedo-grve-small-rect-horizontal size-movedo-grve-small-rect-horizontal\" alt=\"r\u00e9alisations parach\u00e8vement d&#039;int\u00e9rieur Vastint Inter Holding Services\" srcset=\"https:\/\/www.europlafond.be\/wp-content\/uploads\/2020\/02\/Europlafond-Benjamin-Brolet-realisations-vastint-inter-holding-services-waterloo-560x420.jpg 560w, https:\/\/www.europlafond.be\/wp-content\/uploads\/2020\/02\/Europlafond-Benjamin-Brolet-realisations-vastint-inter-holding-services-waterloo-900x675.jpg 900w\" sizes=\"auto, (max-width: 560px) 100vw, 560px\" \/>\t\t\t\t\t\t\t\t\t\t\t\t\t\t\t\t\t\t\t\t<figcaption class=\"grve-content grve-align-center grve-box-item grve-bg-black\">\r\n\t\t\t\t\t\t\t\t\t\t\t\t\t\t\t\t\t\t\t\t\t\t\t\t\t\t\t\t\t\t\t\t\t<h2 class=\"grve-title grve-text-white grve-h3\">Vastint Inter Holding Services &#8211; Waterloo<\/h2>\r\n\t\t\t\t\t\t\t\t\t\t\t\t\t\t\t\t\t\t\t\t\t\t\t\t\t\t\t\t\t\t\t\t\t\t\t\t\t\t\t\t\t\t\t\t\t\t\t\t\t\t\t\t\t\t\t\t\t\t\t\t\t\t\t\t\t<\/figcaption>\r\n\t\t\t\t\t\t\t\t\t\t\t\t\t\t\t\t\t\t\t<\/figure>\r\n\t\t\t\t\t\t\t\t\t\t\t\t\t<\/div>\r\n\t\t\t\t\t<\/article>\r\n\t\t\t\t\t<article id=\"portfolio-1923-69f8a55a81c45\" class=\"grve-isotope-item grve-portfolio-item  post-1923 portfolio type-portfolio status-publish has-post-thumbnail hentry portfolio_category-parachevement\">\r\n\t\t\t\t\t\t<div class=\"grve-isotope-item-inner grve-hover-item grve-zoom-in grve-hover-style-4\">\t\t\t\t\t\t\t\t\t<figure class=\"grve-image-hover grve-media grve-zoom-in\">\r\n\t\t\t\t\t\t\t\t\t\t<a class=\"grve-item-url\" aria-label=\"Toit et moi &#8211; Ghlin\" href=\"https:\/\/www.europlafond.be\/fr\/portfolio\/toit-et-moi-ghlin\/\"><\/a>\t\t\t\t\t\t\t\t\t\t\t\t\t\t\t\t\t\t\t\t\t<div class=\"grve-bg-dark grve-hover-overlay grve-opacity-50\"><\/div>\r\n\t\t\t\t\t\t\t\t\t\t\t\t\t\t\t\t\t\t\t\t<img loading=\"lazy\" decoding=\"async\" width=\"560\" height=\"420\" src=\"https:\/\/www.europlafond.be\/wp-content\/uploads\/2021\/05\/Europlafond-ToiMoi-BenjaminBrolet-cover-560x420.jpg\" class=\"attachment-movedo-grve-small-rect-horizontal size-movedo-grve-small-rect-horizontal\" alt=\"Toit &amp; Moi Ghlin travaux parach\u00e8vement int\u00e9rieur\" srcset=\"https:\/\/www.europlafond.be\/wp-content\/uploads\/2021\/05\/Europlafond-ToiMoi-BenjaminBrolet-cover-560x420.jpg 560w, https:\/\/www.europlafond.be\/wp-content\/uploads\/2021\/05\/Europlafond-ToiMoi-BenjaminBrolet-cover-900x675.jpg 900w\" sizes=\"auto, (max-width: 560px) 100vw, 560px\" \/>\t\t\t\t\t\t\t\t\t\t\t\t\t\t\t\t\t\t\t\t<figcaption class=\"grve-content grve-align-center grve-box-item grve-bg-black\">\r\n\t\t\t\t\t\t\t\t\t\t\t\t\t\t\t\t\t\t\t\t\t\t\t\t\t\t\t\t\t\t\t\t\t<h2 class=\"grve-title grve-text-white grve-h3\">Toit et moi &#8211; Ghlin<\/h2>\r\n\t\t\t\t\t\t\t\t\t\t\t\t\t\t\t\t\t\t\t\t\t\t\t\t\t\t\t\t\t\t\t\t\t\t\t\t\t\t\t\t\t\t\t\t\t\t\t\t\t\t\t\t\t\t\t\t\t\t\t\t\t\t\t\t\t<\/figcaption>\r\n\t\t\t\t\t\t\t\t\t\t\t\t\t\t\t\t\t\t\t<\/figure>\r\n\t\t\t\t\t\t\t\t\t\t\t\t\t<\/div>\r\n\t\t\t\t\t<\/article>\r\n\t\t\t\t\t<article id=\"portfolio-396-69f8a55a82154\" class=\"grve-isotope-item grve-portfolio-item  post-396 portfolio type-portfolio status-publish has-post-thumbnail hentry portfolio_category-parachevement\">\r\n\t\t\t\t\t\t<div class=\"grve-isotope-item-inner grve-hover-item grve-zoom-in grve-hover-style-4\">\t\t\t\t\t\t\t\t\t<figure class=\"grve-image-hover grve-media grve-zoom-in\">\r\n\t\t\t\t\t\t\t\t\t\t<a class=\"grve-item-url\" aria-label=\"Mastercell &#8211; Gosselies\" href=\"https:\/\/www.europlafond.be\/fr\/portfolio\/mastercell-gosselies\/\"><\/a>\t\t\t\t\t\t\t\t\t\t\t\t\t\t\t\t\t\t\t\t\t<div class=\"grve-bg-dark grve-hover-overlay grve-opacity-50\"><\/div>\r\n\t\t\t\t\t\t\t\t\t\t\t\t\t\t\t\t\t\t\t\t<img loading=\"lazy\" decoding=\"async\" width=\"560\" height=\"420\" src=\"https:\/\/www.europlafond.be\/wp-content\/uploads\/2020\/02\/Europlafond-Benjamin-Brolet-reaslisations-mastercell-gosselies-560x420.jpg\" class=\"attachment-movedo-grve-small-rect-horizontal size-movedo-grve-small-rect-horizontal\" alt=\"r\u00e9alisations parach\u00e8vement d&#039;int\u00e9rieur Mastercell Gosselies\" srcset=\"https:\/\/www.europlafond.be\/wp-content\/uploads\/2020\/02\/Europlafond-Benjamin-Brolet-reaslisations-mastercell-gosselies-560x420.jpg 560w, https:\/\/www.europlafond.be\/wp-content\/uploads\/2020\/02\/Europlafond-Benjamin-Brolet-reaslisations-mastercell-gosselies-900x675.jpg 900w\" sizes=\"auto, (max-width: 560px) 100vw, 560px\" \/>\t\t\t\t\t\t\t\t\t\t\t\t\t\t\t\t\t\t\t\t<figcaption class=\"grve-content grve-align-center grve-box-item grve-bg-black\">\r\n\t\t\t\t\t\t\t\t\t\t\t\t\t\t\t\t\t\t\t\t\t\t\t\t\t\t\t\t\t\t\t\t\t<h2 class=\"grve-title grve-text-white grve-h3\">Mastercell &#8211; Gosselies<\/h2>\r\n\t\t\t\t\t\t\t\t\t\t\t\t\t\t\t\t\t\t\t\t\t\t\t\t\t\t\t\t\t\t\t\t\t\t\t\t\t\t\t\t\t\t\t\t\t\t\t\t\t\t\t\t\t\t\t\t\t\t\t\t\t\t\t\t\t<\/figcaption>\r\n\t\t\t\t\t\t\t\t\t\t\t\t\t\t\t\t\t\t\t<\/figure>\r\n\t\t\t\t\t\t\t\t\t\t\t\t\t<\/div>\r\n\t\t\t\t\t<\/article>\r\n\t\t\t\t\t<article id=\"portfolio-1966-69f8a55a82471\" class=\"grve-isotope-item grve-portfolio-item  post-1966 portfolio type-portfolio status-publish has-post-thumbnail hentry portfolio_category-parachevement\">\r\n\t\t\t\t\t\t<div class=\"grve-isotope-item-inner grve-hover-item grve-zoom-in grve-hover-style-4\">\t\t\t\t\t\t\t\t\t<figure class=\"grve-image-hover grve-media grve-zoom-in\">\r\n\t\t\t\t\t\t\t\t\t\t<a class=\"grve-item-url\" aria-label=\"Produpress &#8211; Forest\" href=\"https:\/\/www.europlafond.be\/fr\/portfolio\/produpress-forest\/\"><\/a>\t\t\t\t\t\t\t\t\t\t\t\t\t\t\t\t\t\t\t\t\t<div class=\"grve-bg-dark grve-hover-overlay grve-opacity-50\"><\/div>\r\n\t\t\t\t\t\t\t\t\t\t\t\t\t\t\t\t\t\t\t\t<img loading=\"lazy\" decoding=\"async\" width=\"560\" height=\"420\" src=\"https:\/\/www.europlafond.be\/wp-content\/uploads\/2021\/05\/Europlafond-BenjaminBrolet-Produpress-cover-560x420.jpg\" class=\"attachment-movedo-grve-small-rect-horizontal size-movedo-grve-small-rect-horizontal\" alt=\"travaux Produpress Europlafond\" srcset=\"https:\/\/www.europlafond.be\/wp-content\/uploads\/2021\/05\/Europlafond-BenjaminBrolet-Produpress-cover-560x420.jpg 560w, https:\/\/www.europlafond.be\/wp-content\/uploads\/2021\/05\/Europlafond-BenjaminBrolet-Produpress-cover-900x675.jpg 900w\" sizes=\"auto, (max-width: 560px) 100vw, 560px\" \/>\t\t\t\t\t\t\t\t\t\t\t\t\t\t\t\t\t\t\t\t<figcaption class=\"grve-content grve-align-center grve-box-item grve-bg-black\">\r\n\t\t\t\t\t\t\t\t\t\t\t\t\t\t\t\t\t\t\t\t\t\t\t\t\t\t\t\t\t\t\t\t\t<h2 class=\"grve-title grve-text-white grve-h3\">Produpress &#8211; Forest<\/h2>\r\n\t\t\t\t\t\t\t\t\t\t\t\t\t\t\t\t\t\t\t\t\t\t\t\t\t\t\t\t\t\t\t\t\t\t\t\t\t\t\t\t\t\t\t\t\t\t\t\t\t\t\t\t\t\t\t\t\t\t\t\t\t\t\t\t\t<\/figcaption>\r\n\t\t\t\t\t\t\t\t\t\t\t\t\t\t\t\t\t\t\t<\/figure>\r\n\t\t\t\t\t\t\t\t\t\t\t\t\t<\/div>\r\n\t\t\t\t\t<\/article>\r\n\t\t\t\t<\/div>\r\n\t\t\t<\/div>\r\n\r\n\t\t[\/vc_column][\/vc_row]<\/p>\n<\/div>","protected":false},"excerpt":{"rendered":"<p>[vc_row bg_type=\u00a0\u00bbcolor\u00a0\u00bb padding_top_multiplier=\u00a0\u00bb3x\u00a0\u00bb padding_bottom_multiplier=\u00a0\u00bb\u00a0\u00bb bg_color=\u00a0\u00bb#f7f7f7&Prime;][vc_column][\/vc_column][\/vc_row][vc_row heading_color=\u00a0\u00bblight\u00a0\u00bb section_type=\u00a0\u00bbfullwidth\u00a0\u00bb bg_type=\u00a0\u00bbcolor\u00a0\u00bb padding_top_multiplier=\u00a0\u00bb2x\u00a0\u00bb padding_bottom_multiplier=\u00a0\u00bb\u00a0\u00bb columns_gap=\u00a0\u00bbnone\u00a0\u00bb bg_color=\u00a0\u00bb#f7f7f7&Prime;][vc_column][\/vc_column][\/vc_row]<\/p>\n","protected":false},"author":1,"featured_media":0,"parent":0,"menu_order":0,"comment_status":"closed","ping_status":"closed","template":"","meta":{"footnotes":""},"class_list":["post-67","page","type-page","status-publish","hentry"],"yoast_head":"<!-- This site is optimized with the Yoast SEO plugin v27.2 - https:\/\/yoast.com\/product\/yoast-seo-wordpress\/ -->\n<title>R\u00e9alisations parach\u00e8vement d&#039;int\u00e9rieur &#8211; Europlafond sa - Eurocloison\u00ae<\/title>\n<meta name=\"description\" content=\"Au travers de ses 35 ans d\u2019exp\u00e9rience, Europlafond ex\u00e9cute de nombreuses r\u00e9alisations en mati\u00e8re de parach\u00e8vement d&#039;int\u00e9rieur.\" \/>\n<meta name=\"robots\" content=\"index, follow, max-snippet:-1, max-image-preview:large, max-video-preview:-1\" \/>\n<link rel=\"canonical\" href=\"https:\/\/www.europlafond.be\/fr\/realisations\/\" \/>\n<meta property=\"og:locale\" content=\"fr_FR\" \/>\n<meta property=\"og:type\" content=\"article\" \/>\n<meta property=\"og:title\" content=\"R\u00e9alisations parach\u00e8vement d&#039;int\u00e9rieur &#8211; Europlafond sa - Eurocloison\u00ae\" \/>\n<meta property=\"og:description\" content=\"Au travers de ses 35 ans d\u2019exp\u00e9rience, Europlafond ex\u00e9cute de nombreuses r\u00e9alisations en mati\u00e8re de parach\u00e8vement d&#039;int\u00e9rieur.\" \/>\n<meta property=\"og:url\" content=\"https:\/\/www.europlafond.be\/fr\/realisations\/\" \/>\n<meta property=\"og:site_name\" content=\"Europlafond sa - Eurocloison\u00ae\" \/>\n<meta property=\"article:modified_time\" content=\"2024-11-16T08:00:05+00:00\" \/>\n<meta name=\"twitter:card\" content=\"summary_large_image\" \/>\n<meta name=\"twitter:label1\" content=\"Dur\u00e9e de lecture estim\u00e9e\" \/>\n\t<meta name=\"twitter:data1\" content=\"1 minute\" \/>\n<script type=\"application\/ld+json\" class=\"yoast-schema-graph\">{\"@context\":\"https:\/\/schema.org\",\"@graph\":[{\"@type\":\"WebPage\",\"@id\":\"https:\/\/www.europlafond.be\/fr\/realisations\/\",\"url\":\"https:\/\/www.europlafond.be\/fr\/realisations\/\",\"name\":\"R\u00e9alisations parach\u00e8vement d'int\u00e9rieur &#8211; Europlafond sa - Eurocloison\u00ae\",\"isPartOf\":{\"@id\":\"https:\/\/www.europlafond.be\/fr\/#website\"},\"datePublished\":\"2020-02-12T22:04:56+00:00\",\"dateModified\":\"2024-11-16T08:00:05+00:00\",\"description\":\"Au travers de ses 35 ans d\u2019exp\u00e9rience, Europlafond ex\u00e9cute de nombreuses r\u00e9alisations en mati\u00e8re de parach\u00e8vement d'int\u00e9rieur.\",\"breadcrumb\":{\"@id\":\"https:\/\/www.europlafond.be\/fr\/realisations\/#breadcrumb\"},\"inLanguage\":\"fr-FR\",\"potentialAction\":[{\"@type\":\"ReadAction\",\"target\":[\"https:\/\/www.europlafond.be\/fr\/realisations\/\"]}]},{\"@type\":\"BreadcrumbList\",\"@id\":\"https:\/\/www.europlafond.be\/fr\/realisations\/#breadcrumb\",\"itemListElement\":[{\"@type\":\"ListItem\",\"position\":1,\"name\":\"Accueil\",\"item\":\"https:\/\/www.europlafond.be\/fr\/\"},{\"@type\":\"ListItem\",\"position\":2,\"name\":\"R\u00e9alisations parach\u00e8vement d&rsquo;int\u00e9rieur\"}]},{\"@type\":\"WebSite\",\"@id\":\"https:\/\/www.europlafond.be\/fr\/#website\",\"url\":\"https:\/\/www.europlafond.be\/fr\/\",\"name\":\"Europlafond sa - Eurocloison\u00ae\",\"description\":\"Expert dans le parach\u00e8vement d&#039;int\u00e9rieur\",\"publisher\":{\"@id\":\"https:\/\/www.europlafond.be\/fr\/#organization\"},\"potentialAction\":[{\"@type\":\"SearchAction\",\"target\":{\"@type\":\"EntryPoint\",\"urlTemplate\":\"https:\/\/www.europlafond.be\/fr\/?s={search_term_string}\"},\"query-input\":{\"@type\":\"PropertyValueSpecification\",\"valueRequired\":true,\"valueName\":\"search_term_string\"}}],\"inLanguage\":\"fr-FR\"},{\"@type\":\"Organization\",\"@id\":\"https:\/\/www.europlafond.be\/fr\/#organization\",\"name\":\"Europlafond sa\/nv Eurocloison\u00ae\",\"url\":\"https:\/\/www.europlafond.be\/fr\/\",\"logo\":{\"@type\":\"ImageObject\",\"inLanguage\":\"fr-FR\",\"@id\":\"https:\/\/www.europlafond.be\/fr\/#\/schema\/logo\/image\/\",\"url\":\"https:\/\/www.europlafond.be\/wp-content\/uploads\/2020\/05\/Europlafond-eurocloison-logo.jpg\",\"contentUrl\":\"https:\/\/www.europlafond.be\/wp-content\/uploads\/2020\/05\/Europlafond-eurocloison-logo.jpg\",\"width\":512,\"height\":512,\"caption\":\"Europlafond sa\/nv Eurocloison\u00ae\"},\"image\":{\"@id\":\"https:\/\/www.europlafond.be\/fr\/#\/schema\/logo\/image\/\"},\"sameAs\":[\"https:\/\/www.youtube.com\/channel\/UCWY_UeBLSXRoLwXINEY1EWQ\"]}]}<\/script>\n<!-- \/ Yoast SEO plugin. -->","yoast_head_json":{"title":"R\u00e9alisations parach\u00e8vement d'int\u00e9rieur &#8211; Europlafond sa - Eurocloison\u00ae","description":"Au travers de ses 35 ans d\u2019exp\u00e9rience, Europlafond ex\u00e9cute de nombreuses r\u00e9alisations en mati\u00e8re de parach\u00e8vement d'int\u00e9rieur.","robots":{"index":"index","follow":"follow","max-snippet":"max-snippet:-1","max-image-preview":"max-image-preview:large","max-video-preview":"max-video-preview:-1"},"canonical":"https:\/\/www.europlafond.be\/fr\/realisations\/","og_locale":"fr_FR","og_type":"article","og_title":"R\u00e9alisations parach\u00e8vement d'int\u00e9rieur &#8211; Europlafond sa - Eurocloison\u00ae","og_description":"Au travers de ses 35 ans d\u2019exp\u00e9rience, Europlafond ex\u00e9cute de nombreuses r\u00e9alisations en mati\u00e8re de parach\u00e8vement d'int\u00e9rieur.","og_url":"https:\/\/www.europlafond.be\/fr\/realisations\/","og_site_name":"Europlafond sa - Eurocloison\u00ae","article_modified_time":"2024-11-16T08:00:05+00:00","twitter_card":"summary_large_image","twitter_misc":{"Dur\u00e9e de lecture estim\u00e9e":"1 minute"},"schema":{"@context":"https:\/\/schema.org","@graph":[{"@type":"WebPage","@id":"https:\/\/www.europlafond.be\/fr\/realisations\/","url":"https:\/\/www.europlafond.be\/fr\/realisations\/","name":"R\u00e9alisations parach\u00e8vement d'int\u00e9rieur &#8211; Europlafond sa - Eurocloison\u00ae","isPartOf":{"@id":"https:\/\/www.europlafond.be\/fr\/#website"},"datePublished":"2020-02-12T22:04:56+00:00","dateModified":"2024-11-16T08:00:05+00:00","description":"Au travers de ses 35 ans d\u2019exp\u00e9rience, Europlafond ex\u00e9cute de nombreuses r\u00e9alisations en mati\u00e8re de parach\u00e8vement d'int\u00e9rieur.","breadcrumb":{"@id":"https:\/\/www.europlafond.be\/fr\/realisations\/#breadcrumb"},"inLanguage":"fr-FR","potentialAction":[{"@type":"ReadAction","target":["https:\/\/www.europlafond.be\/fr\/realisations\/"]}]},{"@type":"BreadcrumbList","@id":"https:\/\/www.europlafond.be\/fr\/realisations\/#breadcrumb","itemListElement":[{"@type":"ListItem","position":1,"name":"Accueil","item":"https:\/\/www.europlafond.be\/fr\/"},{"@type":"ListItem","position":2,"name":"R\u00e9alisations parach\u00e8vement d&rsquo;int\u00e9rieur"}]},{"@type":"WebSite","@id":"https:\/\/www.europlafond.be\/fr\/#website","url":"https:\/\/www.europlafond.be\/fr\/","name":"Europlafond sa - Eurocloison\u00ae","description":"Expert dans le parach\u00e8vement d&#039;int\u00e9rieur","publisher":{"@id":"https:\/\/www.europlafond.be\/fr\/#organization"},"potentialAction":[{"@type":"SearchAction","target":{"@type":"EntryPoint","urlTemplate":"https:\/\/www.europlafond.be\/fr\/?s={search_term_string}"},"query-input":{"@type":"PropertyValueSpecification","valueRequired":true,"valueName":"search_term_string"}}],"inLanguage":"fr-FR"},{"@type":"Organization","@id":"https:\/\/www.europlafond.be\/fr\/#organization","name":"Europlafond sa\/nv Eurocloison\u00ae","url":"https:\/\/www.europlafond.be\/fr\/","logo":{"@type":"ImageObject","inLanguage":"fr-FR","@id":"https:\/\/www.europlafond.be\/fr\/#\/schema\/logo\/image\/","url":"https:\/\/www.europlafond.be\/wp-content\/uploads\/2020\/05\/Europlafond-eurocloison-logo.jpg","contentUrl":"https:\/\/www.europlafond.be\/wp-content\/uploads\/2020\/05\/Europlafond-eurocloison-logo.jpg","width":512,"height":512,"caption":"Europlafond sa\/nv Eurocloison\u00ae"},"image":{"@id":"https:\/\/www.europlafond.be\/fr\/#\/schema\/logo\/image\/"},"sameAs":["https:\/\/www.youtube.com\/channel\/UCWY_UeBLSXRoLwXINEY1EWQ"]}]}},"_links":{"self":[{"href":"https:\/\/www.europlafond.be\/fr\/wp-json\/wp\/v2\/pages\/67","targetHints":{"allow":["GET"]}}],"collection":[{"href":"https:\/\/www.europlafond.be\/fr\/wp-json\/wp\/v2\/pages"}],"about":[{"href":"https:\/\/www.europlafond.be\/fr\/wp-json\/wp\/v2\/types\/page"}],"author":[{"embeddable":true,"href":"https:\/\/www.europlafond.be\/fr\/wp-json\/wp\/v2\/users\/1"}],"replies":[{"embeddable":true,"href":"https:\/\/www.europlafond.be\/fr\/wp-json\/wp\/v2\/comments?post=67"}],"version-history":[{"count":5,"href":"https:\/\/www.europlafond.be\/fr\/wp-json\/wp\/v2\/pages\/67\/revisions"}],"predecessor-version":[{"id":10551,"href":"https:\/\/www.europlafond.be\/fr\/wp-json\/wp\/v2\/pages\/67\/revisions\/10551"}],"wp:attachment":[{"href":"https:\/\/www.europlafond.be\/fr\/wp-json\/wp\/v2\/media?parent=67"}],"curies":[{"name":"wp","href":"https:\/\/api.w.org\/{rel}","templated":true}]}}