{"id":71,"date":"2020-02-12T23:05:24","date_gmt":"2020-02-12T22:05:24","guid":{"rendered":"https:\/\/europlafond.uni-vert.be\/?page_id=71"},"modified":"2023-03-09T16:10:21","modified_gmt":"2023-03-09T15:10:21","slug":"contact","status":"publish","type":"page","link":"https:\/\/www.europlafond.be\/fr\/contact\/","title":{"rendered":"Une r\u00e9novation ? Contactez-nous !"},"content":{"rendered":"<div class=\"wpb-content-wrapper\"><p>[vc_row section_type=\u00a0\u00bbfullwidth\u00a0\u00bb padding_top_multiplier=\u00a0\u00bb\u00a0\u00bb padding_bottom_multiplier=\u00a0\u00bb\u00a0\u00bb columns_gap=\u00a0\u00bbnone\u00a0\u00bb][vc_column]<div class=\"grve-map-wrapper\"><div class=\"grve-element grve-map\" data-lat=\"50.79002\" data-lng=\"4.2890173\" data-zoom=\"14\" data-disable-style=\"no\" style=\"height: 250px;\"><\/div>  <div style=\"display:none\" class=\"grve-map-point\" data-point-marker=\"\/\/www.europlafond.be\/wp-content\/themes\/movedo\/images\/markers\/transparent.png\" data-point-lat=\"50.79002\" data-point-lng=\"4.2890173\" data-point-title=\"\" data-point-type=\"pulse-dot\" data-point-marker-width=\"\" data-point-marker-height=\"\" data-point-bg-color=\"primary-1\"><\/div><\/div>[\/vc_column][\/vc_row][vc_row heading_color=\u00a0\u00bbprimary-1&Prime; padding_top_multiplier=\u00a0\u00bb3x\u00a0\u00bb padding_bottom_multiplier=\u00a0\u00bb2x\u00a0\u00bb][vc_column]<div class=\"grve-element grve-title grve-align-left grve-link-text\" style=\"margin-bottom: 0px;\"><span>Un projet de r\u00e9novation ou d&rsquo;am\u00e9nagement ?<\/span><\/div><h3 class=\"grve-element grve-title grve-align-left grve-h2\" style=\"\"><span>Contactez-nous<\/span><\/h3>[\/vc_column][vc_column]<div class=\"grve-empty-space grve-height-1x\" style=\"\"><\/div>[\/vc_column][vc_column width=\u00a0\u00bb1\/3&Prime; css=\u00a0\u00bb.vc_custom_1584735274141{border-top-width: 1px !important;border-top-color: #c3c3c3 !important;border-top-style: solid !important;}\u00a0\u00bb]<div class=\"grve-empty-space grve-height-1x\" style=\"\"><\/div>[vc_column_text]<strong>Europlafond sa<\/strong><br \/>\nChauss\u00e9e de Ruisbroek 235<br \/>\nB-1601 Ruisbroek[\/vc_column_text]<div class=\"grve-empty-space grve-height-1x\" style=\"\"><\/div>[\/vc_column][vc_column width=\u00a0\u00bb1\/3&Prime; heading_color=\u00a0\u00bbprimary-3&Prime; css=\u00a0\u00bb.vc_custom_1584985451116{border-top-width: 1px !important;border-top-color: #c3c3c3 !important;border-top-style: solid !important;}\u00a0\u00bb]<div class=\"grve-empty-space grve-height-1x\" style=\"\"><\/div><div class=\"grve-element grve-box-icon grve-extra-small grve-side-icon grve-align-left\" style=\"\"><div class=\"grve-wrapper-icon grve-no-shape\" style=\"\"><i class=\"grve-text-primary-1 smp-icon-phone\"><\/i><\/div><div class=\"grve-box-content\"><div class=\"grve-box-title-wrapper\"><h2 class=\"grve-box-title grve-h6\">+32 (0)2 378 27 50<\/h2><\/div><\/div><\/div><div class=\"grve-empty-space\" style=\"height: 5px;\"><\/div><div class=\"grve-element grve-box-icon grve-extra-small grve-side-icon grve-align-left\" style=\"\"><div class=\"grve-wrapper-icon grve-no-shape\" style=\"\"><i class=\"grve-text-primary-1 smp-icon-printer\"><\/i><\/div><div class=\"grve-box-content\"><div class=\"grve-box-title-wrapper\"><h2 class=\"grve-box-title grve-h6\">+32 (0)2 377 58 72<\/h2><\/div><\/div><\/div><div class=\"grve-empty-space\" style=\"height: 5px;\"><\/div><div class=\"grve-element grve-box-icon grve-extra-small grve-side-icon grve-align-left\" style=\"\"><a href=\"mailto:info@europlafond.be\"><div class=\"grve-wrapper-icon grve-no-shape\" style=\"\"><i class=\"grve-text-primary-1 smp-icon-envelope\"><\/i><\/div><div class=\"grve-box-content\"><div class=\"grve-box-title-wrapper\"><h2 class=\"grve-box-title grve-h6\">info@europlafond.be<\/h2><\/div><\/div><\/a><\/div><div class=\"grve-empty-space grve-height-1x\" style=\"\"><\/div>[\/vc_column][vc_column width=\u00a0\u00bb1\/3&Prime; heading_color=\u00a0\u00bbprimary-3&Prime; css=\u00a0\u00bb.vc_custom_1584985534328{border-top-width: 1px !important;border-top-color: #c3c3c3 !important;border-top-style: solid !important;}\u00a0\u00bb]<div class=\"grve-empty-space grve-height-1x\" style=\"\"><\/div>[vc_column_text]<span class=\"grve-text-primary-1\" style=\"margin-right: 10px;\">TVA<\/span>BE 0426.352.810[\/vc_column_text]<div class=\"grve-element grve-box-icon grve-extra-small grve-side-icon grve-align-left\" style=\"\"><div class=\"grve-wrapper-icon grve-no-shape\" style=\"\"><i class=\"grve-text-primary-1 smp-icon-badge\"><\/i><\/div><div class=\"grve-box-content\"><div class=\"grve-box-title-wrapper\"><h2 class=\"grve-box-title grve-h6\">Agr\u00e9ation des entrepreneurs Classe 2D4<\/h2><\/div><\/div><\/div><div class=\"grve-empty-space\" style=\"height: 5px;\"><\/div><div class=\"grve-element grve-box-icon grve-extra-small grve-side-icon grve-align-left\" style=\"\"><a href=\"\/wp-content\/uploads\/2023\/03\/Conditions-generales-entreprise-Europlafond-SA.pdf\" target=\"_blank\" rel=\"noopener noreferrer\"><div class=\"grve-wrapper-icon grve-no-shape\" style=\"\"><i class=\"grve-text-primary-1 smp-icon-book-open\"><\/i><\/div><div class=\"grve-box-content\"><div class=\"grve-box-title-wrapper\"><h2 class=\"grve-box-title grve-h6\">Consultez ici nos conditions g\u00e9n\u00e9rales d'entreprise<\/h2><\/div><\/div><\/a><\/div>[\/vc_column][\/vc_row][vc_row heading_color=\u00a0\u00bbdark\u00a0\u00bb section_type=\u00a0\u00bbfullwidth\u00a0\u00bb bg_type=\u00a0\u00bbcolor\u00a0\u00bb padding_top_multiplier=\u00a0\u00bb2x\u00a0\u00bb padding_bottom_multiplier=\u00a0\u00bb2x\u00a0\u00bb columns_gap=\u00a0\u00bbnone\u00a0\u00bb font_color=\u00a0\u00bb#676767&Prime; bg_color=\u00a0\u00bb#f7f7f7&Prime;][vc_column width=\u00a0\u00bb1\/6&Prime;][\/vc_column][vc_column width=\u00a0\u00bb2\/3&Prime; css=\u00a0\u00bb.vc_custom_1584989222105{padding-top: 35px !important;padding-right: 35px !important;padding-bottom: 35px !important;padding-left: 35px !important;}\u00a0\u00bb]<div class=\"grve-element grve-slogan grve-align-center\" style=\"\"><div class=\"grve-subtitle\">Besoin de conseils pour un futur projet ?<\/div><h2 class=\"grve-slogan-title grve-align-center grve-h2\"><span>Contactez Europlafond pour une r\u00e9novation<span class=\"grve-title-line grve-bg-primary-1\" style=\"width: 50px;height: 2px;\"><\/span><\/span><\/h2>  <p class=\"grve-leader-text\">Pour tout renseignement compl\u00e9mentaire ou pour une future collaboration, contactez-nous !<\/p><\/div><div class=\"grve-empty-space grve-height-2x\" style=\"\"><\/div>\n<div class=\"wpcf7 no-js\" id=\"wpcf7-f229-o1\" lang=\"fr-FR\" dir=\"ltr\" data-wpcf7-id=\"229\">\n<div class=\"screen-reader-response\"><p role=\"status\" aria-live=\"polite\" aria-atomic=\"true\"><\/p> <ul><\/ul><\/div>\n<form action=\"\/fr\/wp-json\/wp\/v2\/pages\/71#wpcf7-f229-o1\" method=\"post\" class=\"wpcf7-form init wpcf7-acceptance-as-validation\" aria-label=\"Formulaire de contact\" novalidate=\"novalidate\" data-status=\"init\">\n<fieldset class=\"hidden-fields-container\"><input type=\"hidden\" name=\"_wpcf7\" value=\"229\" \/><input type=\"hidden\" name=\"_wpcf7_version\" value=\"6.1.4\" \/><input type=\"hidden\" name=\"_wpcf7_locale\" value=\"fr_FR\" \/><input type=\"hidden\" name=\"_wpcf7_unit_tag\" value=\"wpcf7-f229-o1\" \/><input type=\"hidden\" name=\"_wpcf7_container_post\" value=\"0\" \/><input type=\"hidden\" name=\"_wpcf7_posted_data_hash\" value=\"\" \/><input type=\"hidden\" name=\"_wpcf7_recaptcha_response\" value=\"\" \/>\n<\/fieldset>\n<div class=\"grve-form grve-fields-white-bg grve-fields-extra-round grve-align-center\">\n\t<div class=\"grve-fields-wrapper\">\n\t\t<div class=\"grve-one-half\">\n\t\t\t<p><span class=\"wpcf7-form-control-wrap\" data-name=\"nom\"><input size=\"40\" maxlength=\"400\" class=\"wpcf7-form-control wpcf7-text wpcf7-validates-as-required\" aria-required=\"true\" aria-invalid=\"false\" placeholder=\"Votre nom*\" value=\"\" type=\"text\" name=\"nom\" \/><\/span>\n\t\t\t<\/p>\n\t\t<\/div>\n\t\t<div class=\"grve-one-half\">\n\t\t\t<p><span class=\"wpcf7-form-control-wrap\" data-name=\"societe\"><input size=\"40\" maxlength=\"400\" class=\"wpcf7-form-control wpcf7-text wpcf7-validates-as-required\" aria-required=\"true\" aria-invalid=\"false\" placeholder=\"Nom de soci\u00e9t\u00e9*\" value=\"\" type=\"text\" name=\"societe\" \/><\/span>\n\t\t\t<\/p>\n\t\t<\/div>\n\t\t<div class=\"grve-one-half\">\n\t\t\t<p><span class=\"wpcf7-form-control-wrap\" data-name=\"adresse-societe\"><input size=\"40\" maxlength=\"400\" class=\"wpcf7-form-control wpcf7-text wpcf7-validates-as-required\" aria-required=\"true\" aria-invalid=\"false\" placeholder=\"Adresse de la soci\u00e9t\u00e9*\" value=\"\" type=\"text\" name=\"adresse-societe\" \/><\/span>\n\t\t\t<\/p>\n\t\t<\/div>\n\t\t<div class=\"grve-one-half\">\n\t\t\t<p><span class=\"wpcf7-form-control-wrap\" data-name=\"tva\"><input class=\"wpcf7-form-control wpcf7-number wpcf7-validates-as-required wpcf7-validates-as-number\" aria-required=\"true\" aria-invalid=\"false\" placeholder=\"TVA*\" value=\"\" type=\"number\" name=\"tva\" \/><\/span>\n\t\t\t<\/p>\n\t\t<\/div>\n\t\t<div class=\"grve-one-half\">\n\t\t\t<p><span class=\"wpcf7-form-control-wrap\" data-name=\"telephone\"><input size=\"40\" maxlength=\"400\" class=\"wpcf7-form-control wpcf7-tel wpcf7-text wpcf7-validates-as-tel\" aria-invalid=\"false\" placeholder=\"Votre num\u00e9ro de t\u00e9l\u00e9phone\" value=\"\" type=\"tel\" name=\"telephone\" \/><\/span>\n\t\t\t<\/p>\n\t\t<\/div>\n\t\t<div class=\"grve-one-half\">\n\t\t\t<p><span class=\"wpcf7-form-control-wrap\" data-name=\"email\"><input size=\"40\" maxlength=\"400\" class=\"wpcf7-form-control wpcf7-email wpcf7-validates-as-required wpcf7-text wpcf7-validates-as-email\" aria-required=\"true\" aria-invalid=\"false\" placeholder=\"Votre adresse email*\" value=\"\" type=\"email\" name=\"email\" \/><\/span>\n\t\t\t<\/p>\n\t\t<\/div>\n\t\t<div>\n\t\t\t<p><span class=\"wpcf7-form-control-wrap\" data-name=\"message\"><textarea cols=\"40\" rows=\"10\" maxlength=\"2000\" class=\"wpcf7-form-control wpcf7-textarea wpcf7-validates-as-required\" aria-required=\"true\" aria-invalid=\"false\" placeholder=\"Votre message*\" name=\"message\"><\/textarea><\/span>\n\t\t\t<\/p>\n\t\t<\/div>\n\t\t<div style=\"margin-bottom:30px;\">\n\t\t\t<p><span class=\"wpcf7-form-control-wrap\" data-name=\"RGPD\"><span class=\"wpcf7-form-control wpcf7-acceptance\"><span class=\"wpcf7-list-item\"><label><input type=\"checkbox\" name=\"RGPD\" value=\"1\" aria-invalid=\"false\" \/><span class=\"wpcf7-list-item-label\">J'autorise Europlafond SA \u00e0 traiter mes donn\u00e9es \u00e0 caract\u00e8re personnel. <a href=\"\/fr\/politique-de-confidentialite\" target=\"_blank\">Consultez notre politique de confidentialit\u00e9 ici<\/a>.<\/span><\/label><\/span><\/span><\/span>\n\t\t\t<\/p>\n\t\t<\/div>\n\t\t<div>\n\t\t\t<p><input class=\"wpcf7-form-control wpcf7-submit has-spinner\" type=\"submit\" value=\"Envoyer\" \/>\n\t\t\t<\/p>\n\t\t<\/div>\n\t<\/div>\n<\/div><div class=\"wpcf7-response-output\" aria-hidden=\"true\"><\/div>\n<\/form>\n<\/div>\n[\/vc_column][vc_column width=\u00a0\u00bb1\/6&Prime;][\/vc_column][\/vc_row]<\/p>\n<\/div>","protected":false},"excerpt":{"rendered":"<p>[vc_row section_type=\u00a0\u00bbfullwidth\u00a0\u00bb padding_top_multiplier=\u00a0\u00bb\u00a0\u00bb padding_bottom_multiplier=\u00a0\u00bb\u00a0\u00bb columns_gap=\u00a0\u00bbnone\u00a0\u00bb][vc_column][\/vc_column][\/vc_row][vc_row heading_color=\u00a0\u00bbprimary-1&Prime; padding_top_multiplier=\u00a0\u00bb3x\u00a0\u00bb padding_bottom_multiplier=\u00a0\u00bb2x\u00a0\u00bb][vc_column][\/vc_column][vc_column][\/vc_column][vc_column width=\u00a0\u00bb1\/3&Prime; css=\u00a0\u00bb.vc_custom_1584735274141{border-top-width: 1px !important;border-top-color: #c3c3c3 !important;border-top-style: solid !important;}\u00a0\u00bb][vc_column_text]Europlafond sa Chauss\u00e9e de Ruisbroek 235 B-1601 Ruisbroek[\/vc_column_text][\/vc_column][vc_column width=\u00a0\u00bb1\/3&Prime; heading_color=\u00a0\u00bbprimary-3&Prime; css=\u00a0\u00bb.vc_custom_1584985451116{border-top-width: 1px !important;border-top-color: #c3c3c3 !important;border-top-style: solid !important;}\u00a0\u00bb][\/vc_column][vc_column width=\u00a0\u00bb1\/3&Prime; heading_color=\u00a0\u00bbprimary-3&Prime; css=\u00a0\u00bb.vc_custom_1584985534328{border-top-width: 1px !important;border-top-color: #c3c3c3 !important;border-top-style: solid !important;}\u00a0\u00bb][vc_column_text]TVABE 0426.352.810[\/vc_column_text][\/vc_column][\/vc_row][vc_row heading_color=\u00a0\u00bbdark\u00a0\u00bb section_type=\u00a0\u00bbfullwidth\u00a0\u00bb bg_type=\u00a0\u00bbcolor\u00a0\u00bb padding_top_multiplier=\u00a0\u00bb2x\u00a0\u00bb padding_bottom_multiplier=\u00a0\u00bb2x\u00a0\u00bb columns_gap=\u00a0\u00bbnone\u00a0\u00bb font_color=\u00a0\u00bb#676767&Prime; bg_color=\u00a0\u00bb#f7f7f7&Prime;][vc_column width=\u00a0\u00bb1\/6&Prime;][\/vc_column][vc_column width=\u00a0\u00bb2\/3&Prime; css=\u00a0\u00bb.vc_custom_1584989222105{padding-top: 35px !important;padding-right: [&hellip;]<\/p>\n","protected":false},"author":1,"featured_media":0,"parent":0,"menu_order":0,"comment_status":"closed","ping_status":"closed","template":"","meta":{"footnotes":""},"class_list":["post-71","page","type-page","status-publish","hentry"],"yoast_head":"<!-- This site is optimized with the Yoast SEO plugin v27.2 - https:\/\/yoast.com\/product\/yoast-seo-wordpress\/ -->\n<title>Une r\u00e9novation ? Contactez-nous ! &#8211; Europlafond sa - Eurocloison\u00ae<\/title>\n<meta name=\"description\" content=\"Europlafond, votre expert en parach\u00e8vement d&#039;int\u00e9rieur r\u00e9pond pr\u00e9sent pour vos travaux de r\u00e9novation. Pensez \u00e0 nous pour votre futur projet !\" \/>\n<meta name=\"robots\" content=\"index, follow, max-snippet:-1, max-image-preview:large, max-video-preview:-1\" \/>\n<link rel=\"canonical\" href=\"https:\/\/www.europlafond.be\/fr\/contact\/\" \/>\n<meta property=\"og:locale\" content=\"fr_FR\" \/>\n<meta property=\"og:type\" content=\"article\" \/>\n<meta property=\"og:title\" content=\"Une r\u00e9novation ? Contactez-nous ! &#8211; Europlafond sa - Eurocloison\u00ae\" \/>\n<meta property=\"og:description\" content=\"Europlafond, votre expert en parach\u00e8vement d&#039;int\u00e9rieur r\u00e9pond pr\u00e9sent pour vos travaux de r\u00e9novation. Pensez \u00e0 nous pour votre futur projet !\" \/>\n<meta property=\"og:url\" content=\"https:\/\/www.europlafond.be\/fr\/contact\/\" \/>\n<meta property=\"og:site_name\" content=\"Europlafond sa - Eurocloison\u00ae\" \/>\n<meta property=\"article:modified_time\" content=\"2023-03-09T15:10:21+00:00\" \/>\n<meta name=\"twitter:card\" content=\"summary_large_image\" \/>\n<meta name=\"twitter:label1\" content=\"Dur\u00e9e de lecture estim\u00e9e\" \/>\n\t<meta name=\"twitter:data1\" content=\"1 minute\" \/>\n<script type=\"application\/ld+json\" class=\"yoast-schema-graph\">{\"@context\":\"https:\/\/schema.org\",\"@graph\":[{\"@type\":\"WebPage\",\"@id\":\"https:\/\/www.europlafond.be\/fr\/contact\/\",\"url\":\"https:\/\/www.europlafond.be\/fr\/contact\/\",\"name\":\"Une r\u00e9novation ? Contactez-nous ! &#8211; Europlafond sa - Eurocloison\u00ae\",\"isPartOf\":{\"@id\":\"https:\/\/www.europlafond.be\/fr\/#website\"},\"datePublished\":\"2020-02-12T22:05:24+00:00\",\"dateModified\":\"2023-03-09T15:10:21+00:00\",\"description\":\"Europlafond, votre expert en parach\u00e8vement d'int\u00e9rieur r\u00e9pond pr\u00e9sent pour vos travaux de r\u00e9novation. Pensez \u00e0 nous pour votre futur projet !\",\"breadcrumb\":{\"@id\":\"https:\/\/www.europlafond.be\/fr\/contact\/#breadcrumb\"},\"inLanguage\":\"fr-FR\",\"potentialAction\":[{\"@type\":\"ReadAction\",\"target\":[\"https:\/\/www.europlafond.be\/fr\/contact\/\"]}]},{\"@type\":\"BreadcrumbList\",\"@id\":\"https:\/\/www.europlafond.be\/fr\/contact\/#breadcrumb\",\"itemListElement\":[{\"@type\":\"ListItem\",\"position\":1,\"name\":\"Accueil\",\"item\":\"https:\/\/www.europlafond.be\/fr\/\"},{\"@type\":\"ListItem\",\"position\":2,\"name\":\"Une r\u00e9novation ? Contactez-nous !\"}]},{\"@type\":\"WebSite\",\"@id\":\"https:\/\/www.europlafond.be\/fr\/#website\",\"url\":\"https:\/\/www.europlafond.be\/fr\/\",\"name\":\"Europlafond sa - Eurocloison\u00ae\",\"description\":\"Expert dans le parach\u00e8vement d&#039;int\u00e9rieur\",\"publisher\":{\"@id\":\"https:\/\/www.europlafond.be\/fr\/#organization\"},\"potentialAction\":[{\"@type\":\"SearchAction\",\"target\":{\"@type\":\"EntryPoint\",\"urlTemplate\":\"https:\/\/www.europlafond.be\/fr\/?s={search_term_string}\"},\"query-input\":{\"@type\":\"PropertyValueSpecification\",\"valueRequired\":true,\"valueName\":\"search_term_string\"}}],\"inLanguage\":\"fr-FR\"},{\"@type\":\"Organization\",\"@id\":\"https:\/\/www.europlafond.be\/fr\/#organization\",\"name\":\"Europlafond sa\/nv Eurocloison\u00ae\",\"url\":\"https:\/\/www.europlafond.be\/fr\/\",\"logo\":{\"@type\":\"ImageObject\",\"inLanguage\":\"fr-FR\",\"@id\":\"https:\/\/www.europlafond.be\/fr\/#\/schema\/logo\/image\/\",\"url\":\"https:\/\/www.europlafond.be\/wp-content\/uploads\/2020\/05\/Europlafond-eurocloison-logo.jpg\",\"contentUrl\":\"https:\/\/www.europlafond.be\/wp-content\/uploads\/2020\/05\/Europlafond-eurocloison-logo.jpg\",\"width\":512,\"height\":512,\"caption\":\"Europlafond sa\/nv Eurocloison\u00ae\"},\"image\":{\"@id\":\"https:\/\/www.europlafond.be\/fr\/#\/schema\/logo\/image\/\"},\"sameAs\":[\"https:\/\/www.youtube.com\/channel\/UCWY_UeBLSXRoLwXINEY1EWQ\"]}]}<\/script>\n<!-- \/ Yoast SEO plugin. -->","yoast_head_json":{"title":"Une r\u00e9novation ? Contactez-nous ! &#8211; Europlafond sa - Eurocloison\u00ae","description":"Europlafond, votre expert en parach\u00e8vement d'int\u00e9rieur r\u00e9pond pr\u00e9sent pour vos travaux de r\u00e9novation. Pensez \u00e0 nous pour votre futur projet !","robots":{"index":"index","follow":"follow","max-snippet":"max-snippet:-1","max-image-preview":"max-image-preview:large","max-video-preview":"max-video-preview:-1"},"canonical":"https:\/\/www.europlafond.be\/fr\/contact\/","og_locale":"fr_FR","og_type":"article","og_title":"Une r\u00e9novation ? Contactez-nous ! &#8211; Europlafond sa - Eurocloison\u00ae","og_description":"Europlafond, votre expert en parach\u00e8vement d'int\u00e9rieur r\u00e9pond pr\u00e9sent pour vos travaux de r\u00e9novation. Pensez \u00e0 nous pour votre futur projet !","og_url":"https:\/\/www.europlafond.be\/fr\/contact\/","og_site_name":"Europlafond sa - Eurocloison\u00ae","article_modified_time":"2023-03-09T15:10:21+00:00","twitter_card":"summary_large_image","twitter_misc":{"Dur\u00e9e de lecture estim\u00e9e":"1 minute"},"schema":{"@context":"https:\/\/schema.org","@graph":[{"@type":"WebPage","@id":"https:\/\/www.europlafond.be\/fr\/contact\/","url":"https:\/\/www.europlafond.be\/fr\/contact\/","name":"Une r\u00e9novation ? Contactez-nous ! &#8211; Europlafond sa - Eurocloison\u00ae","isPartOf":{"@id":"https:\/\/www.europlafond.be\/fr\/#website"},"datePublished":"2020-02-12T22:05:24+00:00","dateModified":"2023-03-09T15:10:21+00:00","description":"Europlafond, votre expert en parach\u00e8vement d'int\u00e9rieur r\u00e9pond pr\u00e9sent pour vos travaux de r\u00e9novation. Pensez \u00e0 nous pour votre futur projet !","breadcrumb":{"@id":"https:\/\/www.europlafond.be\/fr\/contact\/#breadcrumb"},"inLanguage":"fr-FR","potentialAction":[{"@type":"ReadAction","target":["https:\/\/www.europlafond.be\/fr\/contact\/"]}]},{"@type":"BreadcrumbList","@id":"https:\/\/www.europlafond.be\/fr\/contact\/#breadcrumb","itemListElement":[{"@type":"ListItem","position":1,"name":"Accueil","item":"https:\/\/www.europlafond.be\/fr\/"},{"@type":"ListItem","position":2,"name":"Une r\u00e9novation ? Contactez-nous !"}]},{"@type":"WebSite","@id":"https:\/\/www.europlafond.be\/fr\/#website","url":"https:\/\/www.europlafond.be\/fr\/","name":"Europlafond sa - Eurocloison\u00ae","description":"Expert dans le parach\u00e8vement d&#039;int\u00e9rieur","publisher":{"@id":"https:\/\/www.europlafond.be\/fr\/#organization"},"potentialAction":[{"@type":"SearchAction","target":{"@type":"EntryPoint","urlTemplate":"https:\/\/www.europlafond.be\/fr\/?s={search_term_string}"},"query-input":{"@type":"PropertyValueSpecification","valueRequired":true,"valueName":"search_term_string"}}],"inLanguage":"fr-FR"},{"@type":"Organization","@id":"https:\/\/www.europlafond.be\/fr\/#organization","name":"Europlafond sa\/nv Eurocloison\u00ae","url":"https:\/\/www.europlafond.be\/fr\/","logo":{"@type":"ImageObject","inLanguage":"fr-FR","@id":"https:\/\/www.europlafond.be\/fr\/#\/schema\/logo\/image\/","url":"https:\/\/www.europlafond.be\/wp-content\/uploads\/2020\/05\/Europlafond-eurocloison-logo.jpg","contentUrl":"https:\/\/www.europlafond.be\/wp-content\/uploads\/2020\/05\/Europlafond-eurocloison-logo.jpg","width":512,"height":512,"caption":"Europlafond sa\/nv Eurocloison\u00ae"},"image":{"@id":"https:\/\/www.europlafond.be\/fr\/#\/schema\/logo\/image\/"},"sameAs":["https:\/\/www.youtube.com\/channel\/UCWY_UeBLSXRoLwXINEY1EWQ"]}]}},"_links":{"self":[{"href":"https:\/\/www.europlafond.be\/fr\/wp-json\/wp\/v2\/pages\/71","targetHints":{"allow":["GET"]}}],"collection":[{"href":"https:\/\/www.europlafond.be\/fr\/wp-json\/wp\/v2\/pages"}],"about":[{"href":"https:\/\/www.europlafond.be\/fr\/wp-json\/wp\/v2\/types\/page"}],"author":[{"embeddable":true,"href":"https:\/\/www.europlafond.be\/fr\/wp-json\/wp\/v2\/users\/1"}],"replies":[{"embeddable":true,"href":"https:\/\/www.europlafond.be\/fr\/wp-json\/wp\/v2\/comments?post=71"}],"version-history":[{"count":6,"href":"https:\/\/www.europlafond.be\/fr\/wp-json\/wp\/v2\/pages\/71\/revisions"}],"predecessor-version":[{"id":9357,"href":"https:\/\/www.europlafond.be\/fr\/wp-json\/wp\/v2\/pages\/71\/revisions\/9357"}],"wp:attachment":[{"href":"https:\/\/www.europlafond.be\/fr\/wp-json\/wp\/v2\/media?parent=71"}],"curies":[{"name":"wp","href":"https:\/\/api.w.org\/{rel}","templated":true}]}}